{"id":202,"date":"2014-09-08T07:52:51","date_gmt":"2014-09-08T07:52:51","guid":{"rendered":"https:\/\/puertasmoral.com\/?page_id=202"},"modified":"2020-08-27T15:45:30","modified_gmt":"2020-08-27T15:45:30","slug":"puertas-2-2","status":"publish","type":"page","link":"https:\/\/puertasmoral.com\/?page_id=202","title":{"rendered":"PUERTAS"},"content":{"rendered":"<p><a href=\"https:\/\/puertasmoral.com\/wp-content\/uploads\/2014\/02\/puertasmaderaacusticas-1-jpg-5093f5f5f05cb1.26123131_fixw_545_365.jpg\"><img fetchpriority=\"high\" decoding=\"async\" class=\" wp-image-38 alignright\" src=\"https:\/\/puertasmoral.com\/wp-content\/uploads\/2014\/02\/puertasmaderaacusticas-1-jpg-5093f5f5f05cb1.26123131_fixw_545_365.jpg\" alt=\"puertasmaderaacusticas-1-jpg-5093f5f5f05cb1.26123131_fixw_545_365\" width=\"545\" height=\"326\" \/><\/a>La puerta ha sido un elemento que ha estado siempre presente en la vivienda a lo largo de la historia de la arquitectura, dentro de cualquier cultura o sociedad.<\/p>\n<p>El uso de la madera en los elementos de carpinter\u00eda y construcci\u00f3n presenta muchas ventajas, tanto est\u00e9ticas, proporcionando un espacio m\u00e1s c\u00e1lido y acogedor, como ecol\u00f3gicas, siendo un material renovable, si se realiza un uso adecuado de la materia prima.<\/p>\n<p>Sin embargo, es un sector que ha sido golpeado de manera muy grave por la crisis, pero que ha sabido mantenerse gracias a los procesos de innovaci\u00f3n que han llevado a cabo muchas<br \/>empresas fabricantes.<\/p>\n<p>Enlace a nuestra representada <a href=\"http:\/\/www.proma.es\/puertas\/index.php\" target=\"_blank\" rel=\"noopener\">Puertas Proma\u00a0<\/a><\/p>\n<p>\u00a0<\/p>\n\n\t\t<style type=\"text\/css\">\n\t\t\t#gallery-1 {\n\t\t\t\tmargin: auto;\n\t\t\t}\n\t\t\t#gallery-1 .gallery-item {\n\t\t\t\tfloat: left;\n\t\t\t\tmargin-top: 10px;\n\t\t\t\ttext-align: center;\n\t\t\t\twidth: 14%;\n\t\t\t}\n\t\t\t#gallery-1 img {\n\t\t\t\tborder: 2px solid #cfcfcf;\n\t\t\t}\n\t\t\t#gallery-1 .gallery-caption {\n\t\t\t\tmargin-left: 0;\n\t\t\t}\n\t\t\t\/* see gallery_shortcode() in wp-includes\/media.php *\/\n\t\t<\/style>\n\t\t<div id='gallery-1' class='gallery galleryid-202 gallery-columns-7 gallery-size-thumbnail'><dl class='gallery-item'>\n\t\t\t<dt class='gallery-icon landscape'>\n\t\t\t\t<a href=\"https:\/\/puertasmoral.com\/?attachment_id=974\"><img decoding=\"async\" width=\"150\" height=\"150\" src=\"https:\/\/puertasmoral.com\/wp-content\/uploads\/2019\/09\/FL3212-150x150.jpg\" class=\"attachment-thumbnail size-thumbnail\" alt=\"\" srcset=\"https:\/\/puertasmoral.com\/wp-content\/uploads\/2019\/09\/FL3212-150x150.jpg 150w, https:\/\/puertasmoral.com\/wp-content\/uploads\/2019\/09\/FL3212-300x300.jpg 300w, https:\/\/puertasmoral.com\/wp-content\/uploads\/2019\/09\/FL3212-55x54.jpg 55w, https:\/\/puertasmoral.com\/wp-content\/uploads\/2019\/09\/FL3212-100x100.jpg 100w\" sizes=\"(max-width: 150px) 100vw, 150px\" \/><\/a>\n\t\t\t<\/dt><\/dl><dl class='gallery-item'>\n\t\t\t<dt class='gallery-icon landscape'>\n\t\t\t\t<a href=\"https:\/\/puertasmoral.com\/?attachment_id=975\"><img decoding=\"async\" width=\"150\" height=\"150\" src=\"https:\/\/puertasmoral.com\/wp-content\/uploads\/2019\/09\/FL4012-150x150.jpg\" class=\"attachment-thumbnail size-thumbnail\" alt=\"\" srcset=\"https:\/\/puertasmoral.com\/wp-content\/uploads\/2019\/09\/FL4012-150x150.jpg 150w, https:\/\/puertasmoral.com\/wp-content\/uploads\/2019\/09\/FL4012-300x300.jpg 300w, https:\/\/puertasmoral.com\/wp-content\/uploads\/2019\/09\/FL4012-55x54.jpg 55w, https:\/\/puertasmoral.com\/wp-content\/uploads\/2019\/09\/FL4012-100x100.jpg 100w\" sizes=\"(max-width: 150px) 100vw, 150px\" \/><\/a>\n\t\t\t<\/dt><\/dl><dl class='gallery-item'>\n\t\t\t<dt class='gallery-icon landscape'>\n\t\t\t\t<a href=\"https:\/\/puertasmoral.com\/?attachment_id=978\"><img loading=\"lazy\" decoding=\"async\" width=\"150\" height=\"150\" src=\"https:\/\/puertasmoral.com\/wp-content\/uploads\/2025\/06\/banner-06-150x150.jpg\" class=\"attachment-thumbnail size-thumbnail\" alt=\"\" srcset=\"https:\/\/puertasmoral.com\/wp-content\/uploads\/2025\/06\/banner-06-150x150.jpg 150w, https:\/\/puertasmoral.com\/wp-content\/uploads\/2025\/06\/banner-06-300x300.jpg 300w, https:\/\/puertasmoral.com\/wp-content\/uploads\/2025\/06\/banner-06-50x50.jpg 50w, https:\/\/puertasmoral.com\/wp-content\/uploads\/2025\/06\/banner-06-100x100.jpg 100w\" sizes=\"(max-width: 150px) 100vw, 150px\" \/><\/a>\n\t\t\t<\/dt><\/dl><dl class='gallery-item'>\n\t\t\t<dt class='gallery-icon landscape'>\n\t\t\t\t<a href=\"https:\/\/puertasmoral.com\/?attachment_id=982\"><img loading=\"lazy\" decoding=\"async\" width=\"150\" height=\"150\" src=\"https:\/\/puertasmoral.com\/wp-content\/uploads\/2019\/10\/Estufa-de-pellet-y-hueso-canalizable-12kw.-Disponibles-en-colores_-beige-blanco-arena-rojo-bronce-negro-150x150.png\" class=\"attachment-thumbnail size-thumbnail\" alt=\"pellet\" srcset=\"https:\/\/puertasmoral.com\/wp-content\/uploads\/2019\/10\/Estufa-de-pellet-y-hueso-canalizable-12kw.-Disponibles-en-colores_-beige-blanco-arena-rojo-bronce-negro-150x150.png 150w, https:\/\/puertasmoral.com\/wp-content\/uploads\/2019\/10\/Estufa-de-pellet-y-hueso-canalizable-12kw.-Disponibles-en-colores_-beige-blanco-arena-rojo-bronce-negro-300x300.png 300w, https:\/\/puertasmoral.com\/wp-content\/uploads\/2019\/10\/Estufa-de-pellet-y-hueso-canalizable-12kw.-Disponibles-en-colores_-beige-blanco-arena-rojo-bronce-negro-100x100.png 100w\" sizes=\"(max-width: 150px) 100vw, 150px\" \/><\/a>\n\t\t\t<\/dt><\/dl><dl class='gallery-item'>\n\t\t\t<dt class='gallery-icon landscape'>\n\t\t\t\t<a href=\"https:\/\/puertasmoral.com\/?attachment_id=972\"><img loading=\"lazy\" decoding=\"async\" width=\"150\" height=\"150\" src=\"https:\/\/puertasmoral.com\/wp-content\/uploads\/2019\/09\/DB412TM-150x150.jpg\" class=\"attachment-thumbnail size-thumbnail\" alt=\"\" srcset=\"https:\/\/puertasmoral.com\/wp-content\/uploads\/2019\/09\/DB412TM-150x150.jpg 150w, https:\/\/puertasmoral.com\/wp-content\/uploads\/2019\/09\/DB412TM-300x300.jpg 300w, https:\/\/puertasmoral.com\/wp-content\/uploads\/2019\/09\/DB412TM-55x54.jpg 55w, https:\/\/puertasmoral.com\/wp-content\/uploads\/2019\/09\/DB412TM-100x100.jpg 100w\" sizes=\"(max-width: 150px) 100vw, 150px\" \/><\/a>\n\t\t\t<\/dt><\/dl><dl class='gallery-item'>\n\t\t\t<dt class='gallery-icon landscape'>\n\t\t\t\t<a href=\"https:\/\/puertasmoral.com\/?attachment_id=977\"><img loading=\"lazy\" decoding=\"async\" width=\"150\" height=\"150\" src=\"https:\/\/puertasmoral.com\/wp-content\/uploads\/2025\/06\/banner-05-150x150.jpg\" class=\"attachment-thumbnail size-thumbnail\" alt=\"\" srcset=\"https:\/\/puertasmoral.com\/wp-content\/uploads\/2025\/06\/banner-05-150x150.jpg 150w, https:\/\/puertasmoral.com\/wp-content\/uploads\/2025\/06\/banner-05-300x300.jpg 300w, https:\/\/puertasmoral.com\/wp-content\/uploads\/2025\/06\/banner-05-50x50.jpg 50w, https:\/\/puertasmoral.com\/wp-content\/uploads\/2025\/06\/banner-05-100x100.jpg 100w\" sizes=\"(max-width: 150px) 100vw, 150px\" \/><\/a>\n\t\t\t<\/dt><\/dl><dl class='gallery-item'>\n\t\t\t<dt class='gallery-icon landscape'>\n\t\t\t\t<a href=\"https:\/\/puertasmoral.com\/?attachment_id=985\"><img loading=\"lazy\" decoding=\"async\" width=\"150\" height=\"150\" src=\"https:\/\/puertasmoral.com\/wp-content\/uploads\/2019\/10\/Estufa-de-pellet-y-hueso-hidro-24kw-150x150.jpg\" class=\"attachment-thumbnail size-thumbnail\" alt=\"pellet\" srcset=\"https:\/\/puertasmoral.com\/wp-content\/uploads\/2019\/10\/Estufa-de-pellet-y-hueso-hidro-24kw-150x150.jpg 150w, https:\/\/puertasmoral.com\/wp-content\/uploads\/2019\/10\/Estufa-de-pellet-y-hueso-hidro-24kw-54x54.jpg 54w, https:\/\/puertasmoral.com\/wp-content\/uploads\/2019\/10\/Estufa-de-pellet-y-hueso-hidro-24kw-100x100.jpg 100w, https:\/\/puertasmoral.com\/wp-content\/uploads\/2019\/10\/Estufa-de-pellet-y-hueso-hidro-24kw.jpg 225w\" sizes=\"(max-width: 150px) 100vw, 150px\" \/><\/a>\n\t\t\t<\/dt><\/dl><br style=\"clear: both\" \/><dl class='gallery-item'>\n\t\t\t<dt class='gallery-icon landscape'>\n\t\t\t\t<a href=\"https:\/\/puertasmoral.com\/?attachment_id=976\"><img loading=\"lazy\" decoding=\"async\" width=\"150\" height=\"150\" src=\"https:\/\/puertasmoral.com\/wp-content\/uploads\/2019\/10\/colores-disponibles-150x150.jpg\" class=\"attachment-thumbnail size-thumbnail\" alt=\"pellet\" srcset=\"https:\/\/puertasmoral.com\/wp-content\/uploads\/2019\/10\/colores-disponibles-150x150.jpg 150w, https:\/\/puertasmoral.com\/wp-content\/uploads\/2019\/10\/colores-disponibles-300x300.jpg 300w, https:\/\/puertasmoral.com\/wp-content\/uploads\/2019\/10\/colores-disponibles-100x100.jpg 100w\" sizes=\"(max-width: 150px) 100vw, 150px\" \/><\/a>\n\t\t\t<\/dt><\/dl><dl class='gallery-item'>\n\t\t\t<dt class='gallery-icon portrait'>\n\t\t\t\t<a href=\"https:\/\/puertasmoral.com\/?attachment_id=986\"><img loading=\"lazy\" decoding=\"async\" width=\"150\" height=\"150\" src=\"https:\/\/puertasmoral.com\/wp-content\/uploads\/2019\/10\/colores-disponibles-y-caracteristicas-de-estufa-hidro-24kw-150x150.png\" class=\"attachment-thumbnail size-thumbnail\" alt=\"pellet\" srcset=\"https:\/\/puertasmoral.com\/wp-content\/uploads\/2019\/10\/colores-disponibles-y-caracteristicas-de-estufa-hidro-24kw-150x150.png 150w, https:\/\/puertasmoral.com\/wp-content\/uploads\/2019\/10\/colores-disponibles-y-caracteristicas-de-estufa-hidro-24kw-300x300.png 300w, https:\/\/puertasmoral.com\/wp-content\/uploads\/2019\/10\/colores-disponibles-y-caracteristicas-de-estufa-hidro-24kw-100x100.png 100w\" sizes=\"(max-width: 150px) 100vw, 150px\" \/><\/a>\n\t\t\t<\/dt><\/dl><dl class='gallery-item'>\n\t\t\t<dt class='gallery-icon landscape'>\n\t\t\t\t<a href=\"https:\/\/puertasmoral.com\/?attachment_id=971\"><img loading=\"lazy\" decoding=\"async\" width=\"150\" height=\"150\" src=\"https:\/\/puertasmoral.com\/wp-content\/uploads\/2019\/09\/CCB8800-150x150.jpg\" class=\"attachment-thumbnail size-thumbnail\" alt=\"\" srcset=\"https:\/\/puertasmoral.com\/wp-content\/uploads\/2019\/09\/CCB8800-150x150.jpg 150w, https:\/\/puertasmoral.com\/wp-content\/uploads\/2019\/09\/CCB8800-300x300.jpg 300w, https:\/\/puertasmoral.com\/wp-content\/uploads\/2019\/09\/CCB8800-55x54.jpg 55w, https:\/\/puertasmoral.com\/wp-content\/uploads\/2019\/09\/CCB8800-100x100.jpg 100w\" sizes=\"(max-width: 150px) 100vw, 150px\" \/><\/a>\n\t\t\t<\/dt><\/dl><dl class='gallery-item'>\n\t\t\t<dt class='gallery-icon landscape'>\n\t\t\t\t<a href=\"https:\/\/puertasmoral.com\/?attachment_id=973\"><img loading=\"lazy\" decoding=\"async\" width=\"150\" height=\"150\" src=\"https:\/\/puertasmoral.com\/wp-content\/uploads\/2019\/09\/FL212-150x150.jpg\" class=\"attachment-thumbnail size-thumbnail\" alt=\"\" srcset=\"https:\/\/puertasmoral.com\/wp-content\/uploads\/2019\/09\/FL212-150x150.jpg 150w, https:\/\/puertasmoral.com\/wp-content\/uploads\/2019\/09\/FL212-300x300.jpg 300w, https:\/\/puertasmoral.com\/wp-content\/uploads\/2019\/09\/FL212-55x54.jpg 55w, https:\/\/puertasmoral.com\/wp-content\/uploads\/2019\/09\/FL212-100x100.jpg 100w\" sizes=\"(max-width: 150px) 100vw, 150px\" \/><\/a>\n\t\t\t<\/dt><\/dl>\n\t\t\t<br style='clear: both' \/>\n\t\t<\/div>\n\n<hr \/>\n\n\n<p><p><a href=\"http:\/\/www.proma.es\/puertas\/index.php\" target=\"_blank\" rel=\"http:\/\/www.proma.es\/puertas\/index.php noopener noreferrer\">&nbsp; <\/a><a href=\"http:\/\/www.proma.es\/puertas\/index.php\" target=\"_blank\" rel=\"http:\/\/www.proma.es\/puertas\/index.php noopener noreferrer\"><img loading=\"lazy\" decoding=\"async\" class=\"alignnone wp-image-936 \" src=\"https:\/\/puertasmoral.com\/wp-content\/uploads\/2019\/09\/protada-catalogo-proma-243x300.png\" alt=\"Cat\u00e1logo Puertas Proma\" width=\"284\" height=\"351\" srcset=\"https:\/\/puertasmoral.com\/wp-content\/uploads\/2019\/09\/protada-catalogo-proma-243x300.png 243w, https:\/\/puertasmoral.com\/wp-content\/uploads\/2019\/09\/protada-catalogo-proma-44x54.png 44w, https:\/\/puertasmoral.com\/wp-content\/uploads\/2019\/09\/protada-catalogo-proma.png 449w\" sizes=\"(max-width: 284px) 100vw, 284px\" \/>&nbsp; &nbsp; &nbsp; &nbsp; &nbsp; &nbsp; <img loading=\"lazy\" decoding=\"async\" class=\"alignnone  wp-image-994\" src=\"https:\/\/puertasmoral.com\/wp-content\/uploads\/2019\/09\/calidadproma-300x219.jpg\" alt=\"\" width=\"370\" height=\"271\"> &nbsp; &nbsp;<\/a><\/p>\n<p><a href=\"http:\/\/www.proma.es\/puertas\/index.php\" target=\"_blank\" rel=\"http:\/\/www.proma.es\/puertas\/index.php noopener noreferrer\">Desde aqu\u00ed podr\u00e1s acceder al cat\u00e1logo completo de Puertas Proma.<\/a><\/p>\n<p><a href=\"http:\/\/www.proma.es\/puertas\/index.php\" target=\"_blank\" rel=\"http:\/\/www.proma.es\/puertas\/index.php noopener noreferrer\">CATALOGO GENERAL DE PUERTAS PROMA<\/a><\/p>\n<p>&nbsp;<\/p>\n<p>&nbsp;<\/p><\/p>\n","protected":false},"excerpt":{"rendered":"<p>La puerta ha sido un elemento que ha estado siempre presente en la vivienda a lo largo de la historia de la arquitectura, dentro de cualquier cultura o sociedad. El uso de la madera en los elementos de carpinter\u00eda y construcci\u00f3n presenta muchas ventajas, tanto est\u00e9ticas, proporcionando un espacio m\u00e1s c\u00e1lido y acogedor, como ecol\u00f3gicas,<\/p>\n<div class=\"klb-readmore post-buttons\"><a class=\"btn variant-primary\" href=\"https:\/\/puertasmoral.com\/?page_id=202\">Read More <i class=\"klbth-icon-right-arrow\"><\/i><\/a><\/div>\n","protected":false},"author":1,"featured_media":0,"parent":0,"menu_order":0,"comment_status":"closed","ping_status":"closed","template":"","meta":{"_acf_changed":false,"footnotes":""},"class_list":["post-202","page","type-page","status-publish","hentry"],"acf":[],"_links":{"self":[{"href":"https:\/\/puertasmoral.com\/index.php?rest_route=\/wp\/v2\/pages\/202","targetHints":{"allow":["GET"]}}],"collection":[{"href":"https:\/\/puertasmoral.com\/index.php?rest_route=\/wp\/v2\/pages"}],"about":[{"href":"https:\/\/puertasmoral.com\/index.php?rest_route=\/wp\/v2\/types\/page"}],"author":[{"embeddable":true,"href":"https:\/\/puertasmoral.com\/index.php?rest_route=\/wp\/v2\/users\/1"}],"replies":[{"embeddable":true,"href":"https:\/\/puertasmoral.com\/index.php?rest_route=%2Fwp%2Fv2%2Fcomments&post=202"}],"version-history":[{"count":1,"href":"https:\/\/puertasmoral.com\/index.php?rest_route=\/wp\/v2\/pages\/202\/revisions"}],"predecessor-version":[{"id":4821,"href":"https:\/\/puertasmoral.com\/index.php?rest_route=\/wp\/v2\/pages\/202\/revisions\/4821"}],"wp:attachment":[{"href":"https:\/\/puertasmoral.com\/index.php?rest_route=%2Fwp%2Fv2%2Fmedia&parent=202"}],"curies":[{"name":"wp","href":"https:\/\/api.w.org\/{rel}","templated":true}]}}