{"id":45,"date":"2014-02-06T08:26:30","date_gmt":"2014-02-06T08:26:30","guid":{"rendered":"https:\/\/puertasmoral.com\/?page_id=45"},"modified":"2020-11-27T09:32:58","modified_gmt":"2020-11-27T09:32:58","slug":"suelos","status":"publish","type":"page","link":"https:\/\/puertasmoral.com\/?page_id=45","title":{"rendered":"Suelos"},"content":{"rendered":"\t\t<div data-elementor-type=\"wp-page\" data-elementor-id=\"45\" class=\"elementor elementor-45\" data-elementor-post-type=\"page\">\n\t\t\t\t\t\t<section class=\"elementor-section elementor-top-section elementor-element elementor-element-d40f960 elementor-section-boxed elementor-section-height-default elementor-section-height-default\" data-id=\"d40f960\" data-element_type=\"section\">\n\t\t\t\t\t\t<div class=\"elementor-container elementor-column-gap-default\">\n\t\t\t\t\t<div class=\"elementor-column elementor-col-100 elementor-top-column elementor-element elementor-element-bc3c50d\" data-id=\"bc3c50d\" data-element_type=\"column\">\n\t\t\t<div class=\"elementor-widget-wrap elementor-element-populated\">\n\t\t\t\t\t\t<div class=\"elementor-element elementor-element-47762c5 elementor-widget elementor-widget-heading\" data-id=\"47762c5\" data-element_type=\"widget\" data-widget_type=\"heading.default\">\n\t\t\t\t\t<h2 class=\"elementor-heading-title elementor-size-default\">\u00bfQuieres saber m\u00e1s sobre los suelos?<\/h2>\t\t\t\t<\/div>\n\t\t\t\t\t<\/div>\n\t\t<\/div>\n\t\t\t\t\t<\/div>\n\t\t<\/section>\n\t\t\t\t<section class=\"elementor-section elementor-top-section elementor-element elementor-element-cada246 elementor-section-boxed elementor-section-height-default elementor-section-height-default\" data-id=\"cada246\" data-element_type=\"section\">\n\t\t\t\t\t\t<div class=\"elementor-container elementor-column-gap-default\">\n\t\t\t\t\t<div class=\"elementor-column elementor-col-100 elementor-top-column elementor-element elementor-element-716547f\" data-id=\"716547f\" data-element_type=\"column\">\n\t\t\t<div class=\"elementor-widget-wrap elementor-element-populated\">\n\t\t\t\t\t\t<section class=\"elementor-section elementor-inner-section elementor-element elementor-element-f1f6567 elementor-section-boxed elementor-section-height-default elementor-section-height-default\" data-id=\"f1f6567\" data-element_type=\"section\">\n\t\t\t\t\t\t<div class=\"elementor-container elementor-column-gap-default\">\n\t\t\t\t\t<div class=\"elementor-column elementor-col-50 elementor-inner-column elementor-element elementor-element-ba298f4\" data-id=\"ba298f4\" data-element_type=\"column\">\n\t\t\t<div class=\"elementor-widget-wrap elementor-element-populated\">\n\t\t\t\t\t\t<div class=\"elementor-element elementor-element-bf36ac3 elementor-widget elementor-widget-text-editor\" data-id=\"bf36ac3\" data-element_type=\"widget\" data-widget_type=\"text-editor.default\">\n\t\t\t\t\t\t\t\t\t<h2><strong>SUELO LAMINADO<\/strong><\/h2>\t\t\t\t\t\t\t\t<\/div>\n\t\t\t\t<div class=\"elementor-element elementor-element-d4f173c elementor-widget elementor-widget-image\" data-id=\"d4f173c\" data-element_type=\"widget\" data-widget_type=\"image.default\">\n\t\t\t\t\t\t\t\t\t\t\t\t\t\t\t<img fetchpriority=\"high\" decoding=\"async\" width=\"267\" height=\"267\" src=\"https:\/\/puertasmoral.com\/wp-content\/uploads\/2020\/05\/estar.jpg\" class=\"attachment-full size-full wp-image-3426\" alt=\"\" srcset=\"https:\/\/puertasmoral.com\/wp-content\/uploads\/2020\/05\/estar.jpg 267w, https:\/\/puertasmoral.com\/wp-content\/uploads\/2020\/05\/estar-54x54.jpg 54w, https:\/\/puertasmoral.com\/wp-content\/uploads\/2020\/05\/estar-150x150.jpg 150w, https:\/\/puertasmoral.com\/wp-content\/uploads\/2020\/05\/estar-100x100.jpg 100w\" sizes=\"(max-width: 267px) 100vw, 267px\" \/>\t\t\t\t\t\t\t\t\t\t\t\t\t\t\t<\/div>\n\t\t\t\t<div class=\"elementor-element elementor-element-e9a7126 elementor-widget elementor-widget-gallery\" data-id=\"e9a7126\" data-element_type=\"widget\" data-settings=\"{&quot;lazyload&quot;:&quot;yes&quot;,&quot;gallery_layout&quot;:&quot;grid&quot;,&quot;columns&quot;:4,&quot;columns_tablet&quot;:2,&quot;columns_mobile&quot;:1,&quot;gap&quot;:{&quot;unit&quot;:&quot;px&quot;,&quot;size&quot;:10,&quot;sizes&quot;:[]},&quot;gap_tablet&quot;:{&quot;unit&quot;:&quot;px&quot;,&quot;size&quot;:10,&quot;sizes&quot;:[]},&quot;gap_mobile&quot;:{&quot;unit&quot;:&quot;px&quot;,&quot;size&quot;:10,&quot;sizes&quot;:[]},&quot;link_to&quot;:&quot;file&quot;,&quot;aspect_ratio&quot;:&quot;3:2&quot;,&quot;overlay_background&quot;:&quot;yes&quot;,&quot;content_hover_animation&quot;:&quot;fade-in&quot;}\" data-widget_type=\"gallery.default\">\n\t\t\t\t\t\t\t<div class=\"elementor-gallery__container\">\n\t\t\t\t\t\t\t<a class=\"e-gallery-item elementor-gallery-item elementor-animated-content\" href=\"https:\/\/puertasmoral.com\/wp-content\/uploads\/2020\/05\/dormitiorio.jpg\" data-elementor-open-lightbox=\"yes\" data-elementor-lightbox-slideshow=\"e9a7126\" data-elementor-lightbox-title=\"dormitiorio\" data-e-action-hash=\"#elementor-action%3Aaction%3Dlightbox%26settings%3DeyJpZCI6MzQyNCwidXJsIjoiaHR0cHM6XC9cL3B1ZXJ0YXNtb3JhbC5jb21cL3dwLWNvbnRlbnRcL3VwbG9hZHNcLzIwMjBcLzA1XC9kb3JtaXRpb3Jpby5qcGciLCJzbGlkZXNob3ciOiJlOWE3MTI2In0%3D\">\n\t\t\t\t\t<div class=\"e-gallery-image elementor-gallery-item__image\" data-thumbnail=\"https:\/\/puertasmoral.com\/wp-content\/uploads\/2020\/05\/dormitiorio.jpg\" data-width=\"267\" data-height=\"267\" aria-label=\"\" role=\"img\" ><\/div>\n\t\t\t\t\t\t\t\t\t\t\t<div class=\"elementor-gallery-item__overlay\"><\/div>\n\t\t\t\t\t\t\t\t\t\t\t\t\t\t<\/a>\n\t\t\t\t\t\t\t<a class=\"e-gallery-item elementor-gallery-item elementor-animated-content\" href=\"https:\/\/puertasmoral.com\/wp-content\/uploads\/2020\/05\/dormitorio-2.jpg\" data-elementor-open-lightbox=\"yes\" data-elementor-lightbox-slideshow=\"e9a7126\" data-elementor-lightbox-title=\"dormitorio 2\" data-e-action-hash=\"#elementor-action%3Aaction%3Dlightbox%26settings%3DeyJpZCI6MzQyNSwidXJsIjoiaHR0cHM6XC9cL3B1ZXJ0YXNtb3JhbC5jb21cL3dwLWNvbnRlbnRcL3VwbG9hZHNcLzIwMjBcLzA1XC9kb3JtaXRvcmlvLTIuanBnIiwic2xpZGVzaG93IjoiZTlhNzEyNiJ9\">\n\t\t\t\t\t<div class=\"e-gallery-image elementor-gallery-item__image\" data-thumbnail=\"https:\/\/puertasmoral.com\/wp-content\/uploads\/2020\/05\/dormitorio-2.jpg\" data-width=\"267\" data-height=\"267\" aria-label=\"\" role=\"img\" ><\/div>\n\t\t\t\t\t\t\t\t\t\t\t<div class=\"elementor-gallery-item__overlay\"><\/div>\n\t\t\t\t\t\t\t\t\t\t\t\t\t\t<\/a>\n\t\t\t\t\t\t\t<a class=\"e-gallery-item elementor-gallery-item elementor-animated-content\" href=\"https:\/\/puertasmoral.com\/wp-content\/uploads\/2020\/05\/recibidor.jpg\" data-elementor-open-lightbox=\"yes\" data-elementor-lightbox-slideshow=\"e9a7126\" data-elementor-lightbox-title=\"recibidor\" data-e-action-hash=\"#elementor-action%3Aaction%3Dlightbox%26settings%3DeyJpZCI6MzQyOSwidXJsIjoiaHR0cHM6XC9cL3B1ZXJ0YXNtb3JhbC5jb21cL3dwLWNvbnRlbnRcL3VwbG9hZHNcLzIwMjBcLzA1XC9yZWNpYmlkb3IuanBnIiwic2xpZGVzaG93IjoiZTlhNzEyNiJ9\">\n\t\t\t\t\t<div class=\"e-gallery-image elementor-gallery-item__image\" data-thumbnail=\"https:\/\/puertasmoral.com\/wp-content\/uploads\/2020\/05\/recibidor.jpg\" data-width=\"267\" data-height=\"267\" aria-label=\"\" role=\"img\" ><\/div>\n\t\t\t\t\t\t\t\t\t\t\t<div class=\"elementor-gallery-item__overlay\"><\/div>\n\t\t\t\t\t\t\t\t\t\t\t\t\t\t<\/a>\n\t\t\t\t\t\t\t<a class=\"e-gallery-item elementor-gallery-item elementor-animated-content\" href=\"https:\/\/puertasmoral.com\/wp-content\/uploads\/2020\/05\/infantil-2.jpg\" data-elementor-open-lightbox=\"yes\" data-elementor-lightbox-slideshow=\"e9a7126\" data-elementor-lightbox-title=\"infantil 2\" data-e-action-hash=\"#elementor-action%3Aaction%3Dlightbox%26settings%3DeyJpZCI6MzQyOCwidXJsIjoiaHR0cHM6XC9cL3B1ZXJ0YXNtb3JhbC5jb21cL3dwLWNvbnRlbnRcL3VwbG9hZHNcLzIwMjBcLzA1XC9pbmZhbnRpbC0yLmpwZyIsInNsaWRlc2hvdyI6ImU5YTcxMjYifQ%3D%3D\">\n\t\t\t\t\t<div class=\"e-gallery-image elementor-gallery-item__image\" data-thumbnail=\"https:\/\/puertasmoral.com\/wp-content\/uploads\/2020\/05\/infantil-2.jpg\" data-width=\"267\" data-height=\"267\" aria-label=\"\" role=\"img\" ><\/div>\n\t\t\t\t\t\t\t\t\t\t\t<div class=\"elementor-gallery-item__overlay\"><\/div>\n\t\t\t\t\t\t\t\t\t\t\t\t\t\t<\/a>\n\t\t\t\t\t<\/div>\n\t\t\t\t\t<\/div>\n\t\t\t\t\t<\/div>\n\t\t<\/div>\n\t\t\t\t<div class=\"elementor-column elementor-col-50 elementor-inner-column elementor-element elementor-element-eae32af\" data-id=\"eae32af\" data-element_type=\"column\">\n\t\t\t<div class=\"elementor-widget-wrap elementor-element-populated\">\n\t\t\t\t\t\t<div class=\"elementor-element elementor-element-c11f6be elementor-widget elementor-widget-text-editor\" data-id=\"c11f6be\" data-element_type=\"widget\" data-widget_type=\"text-editor.default\">\n\t\t\t\t\t\t\t\t\t<p>Desde hace ya tiempo, el suelo laminado se ha emancipado de sus predecesores originales, el parquet y la tarima de madera maciza.<\/p><p>Gracias a su gran resistencia y el f\u00e1cil mantenimiento, resulta id\u00f3neo para resistir al gran desgaste al que se exponen las estancias de uso intensivo.<br \/>Hoy en d\u00eda, el suelo laminado est\u00e1 experimentando el mayor grado de aceptaci\u00f3n que ha tenido nunca, y est\u00e1 siendo reconocido como una buena alternativa ante el uso de pavimentos de madera noble.<\/p><p>Entre los suelos laminados existen gran variedad de estilos, pero todos ellos comparten el mismo sistema de instalaci\u00f3n, el flotante.<br \/>Estos tipos de pavimentos se constituyen de las siguientes capas a la hora de colocarlos.<br \/>Una primera capa superior formada de una pel\u00edcula dura y transparente de resina especial que proporciona el sistema de desgaste.<br \/>Una segunda capa que proporciona el estilo decorativo, reproduciendo tanto la veta como la textura del aspecto real de la madera maciza.<br \/>Continua con un soporte machihembrado fabricado de DM o conglomerado.<br \/>La capa final es la estabilizadora. En algunos casos se incorpora una base especial de aislamiento ac\u00fastico.<\/p>\t\t\t\t\t\t\t\t<\/div>\n\t\t\t\t\t<\/div>\n\t\t<\/div>\n\t\t\t\t\t<\/div>\n\t\t<\/section>\n\t\t\t\t\t<\/div>\n\t\t<\/div>\n\t\t\t\t\t<\/div>\n\t\t<\/section>\n\t\t\t\t<section class=\"elementor-section elementor-top-section elementor-element elementor-element-8711d92 elementor-section-boxed elementor-section-height-default elementor-section-height-default\" data-id=\"8711d92\" data-element_type=\"section\">\n\t\t\t\t\t\t<div class=\"elementor-container elementor-column-gap-default\">\n\t\t\t\t\t<div class=\"elementor-column elementor-col-100 elementor-top-column elementor-element elementor-element-f5fcc87\" data-id=\"f5fcc87\" data-element_type=\"column\">\n\t\t\t<div class=\"elementor-widget-wrap elementor-element-populated\">\n\t\t\t\t\t\t<section class=\"elementor-section elementor-inner-section elementor-element elementor-element-f023270 elementor-section-boxed elementor-section-height-default elementor-section-height-default\" data-id=\"f023270\" data-element_type=\"section\">\n\t\t\t\t\t\t<div class=\"elementor-container elementor-column-gap-default\">\n\t\t\t\t\t<div class=\"elementor-column elementor-col-50 elementor-inner-column elementor-element elementor-element-905e2b2\" data-id=\"905e2b2\" data-element_type=\"column\">\n\t\t\t<div class=\"elementor-widget-wrap elementor-element-populated\">\n\t\t\t\t\t\t<div class=\"elementor-element elementor-element-5b3b3f8 elementor-widget elementor-widget-text-editor\" data-id=\"5b3b3f8\" data-element_type=\"widget\" data-widget_type=\"text-editor.default\">\n\t\t\t\t\t\t\t\t\t<h2><strong>SUELO VINILICO<\/strong><\/h2>\t\t\t\t\t\t\t\t<\/div>\n\t\t\t\t<div class=\"elementor-element elementor-element-8015d35 elementor-widget elementor-widget-text-editor\" data-id=\"8015d35\" data-element_type=\"widget\" data-widget_type=\"text-editor.default\">\n\t\t\t\t\t\t\t\t\t<p>El pavimento el\u00e1stico de alta calidad es una elecci\u00f3n ideal para todas las personas que buscan una elevada calidad y tienen un sentido para la decoraci\u00f3n individual de las estancias. La muy elevada resistencia, la comodidad, y el dise\u00f1o con estilo hacen que destaquen los nuevos suelos de vinilo. Gracias a su f\u00e1cil mantenimiento y su resistencia contra la humedad y substancias qu\u00edmicas, este suelo queda bien hasta en el ba\u00f1o y la cocina. Gracias al acabado especial, los suelos de vinilo son aptos para personas con alergias. Las nuevas colecciones disponen de la habitual variedad de referencias para que los sue\u00f1os de un pavimento se hagan realidad.<\/p>\t\t\t\t\t\t\t\t<\/div>\n\t\t\t\t\t<\/div>\n\t\t<\/div>\n\t\t\t\t<div class=\"elementor-column elementor-col-50 elementor-inner-column elementor-element elementor-element-80f77dc\" data-id=\"80f77dc\" data-element_type=\"column\">\n\t\t\t<div class=\"elementor-widget-wrap elementor-element-populated\">\n\t\t\t\t\t\t<div class=\"elementor-element elementor-element-2b12b9e elementor-widget elementor-widget-image\" data-id=\"2b12b9e\" data-element_type=\"widget\" data-widget_type=\"image.default\">\n\t\t\t\t\t\t\t\t\t\t\t\t\t\t\t<img decoding=\"async\" width=\"960\" height=\"540\" src=\"https:\/\/puertasmoral.com\/wp-content\/uploads\/2020\/11\/imagen-vinilo-1024x576.jpg\" class=\"attachment-large size-large wp-image-6550\" alt=\"\" srcset=\"https:\/\/puertasmoral.com\/wp-content\/uploads\/2020\/11\/imagen-vinilo-1024x576.jpg 1024w, https:\/\/puertasmoral.com\/wp-content\/uploads\/2020\/11\/imagen-vinilo-90x51.jpg 90w, https:\/\/puertasmoral.com\/wp-content\/uploads\/2020\/11\/imagen-vinilo-600x338.jpg 600w, https:\/\/puertasmoral.com\/wp-content\/uploads\/2020\/11\/imagen-vinilo-300x169.jpg 300w, https:\/\/puertasmoral.com\/wp-content\/uploads\/2020\/11\/imagen-vinilo-768x432.jpg 768w, https:\/\/puertasmoral.com\/wp-content\/uploads\/2020\/11\/imagen-vinilo-1536x864.jpg 1536w, https:\/\/puertasmoral.com\/wp-content\/uploads\/2020\/11\/imagen-vinilo.jpg 1920w\" sizes=\"(max-width: 960px) 100vw, 960px\" \/>\t\t\t\t\t\t\t\t\t\t\t\t\t\t\t<\/div>\n\t\t\t\t\t<\/div>\n\t\t<\/div>\n\t\t\t\t\t<\/div>\n\t\t<\/section>\n\t\t\t\t\t<\/div>\n\t\t<\/div>\n\t\t\t\t\t<\/div>\n\t\t<\/section>\n\t\t\t\t<section class=\"elementor-section elementor-top-section elementor-element elementor-element-6406d62 elementor-section-boxed elementor-section-height-default elementor-section-height-default\" data-id=\"6406d62\" data-element_type=\"section\">\n\t\t\t\t\t\t<div class=\"elementor-container elementor-column-gap-default\">\n\t\t\t\t\t<div class=\"elementor-column elementor-col-100 elementor-top-column elementor-element elementor-element-4fab025\" data-id=\"4fab025\" data-element_type=\"column\">\n\t\t\t<div class=\"elementor-widget-wrap elementor-element-populated\">\n\t\t\t\t\t\t<section class=\"elementor-section elementor-inner-section elementor-element elementor-element-41b69ed elementor-section-boxed elementor-section-height-default elementor-section-height-default\" data-id=\"41b69ed\" data-element_type=\"section\">\n\t\t\t\t\t\t<div class=\"elementor-container elementor-column-gap-default\">\n\t\t\t\t\t<div class=\"elementor-column elementor-col-50 elementor-inner-column elementor-element elementor-element-6d95d8c\" data-id=\"6d95d8c\" data-element_type=\"column\">\n\t\t\t<div class=\"elementor-widget-wrap elementor-element-populated\">\n\t\t\t\t\t\t<div class=\"elementor-element elementor-element-2d4bab9 elementor-widget elementor-widget-text-editor\" data-id=\"2d4bab9\" data-element_type=\"widget\" data-widget_type=\"text-editor.default\">\n\t\t\t\t\t\t\t\t\t<h2><strong>SUELOS DE MADERA<\/strong><\/h2>\t\t\t\t\t\t\t\t<\/div>\n\t\t\t\t<div class=\"elementor-element elementor-element-ff79760 elementor-widget elementor-widget-text-editor\" data-id=\"ff79760\" data-element_type=\"widget\" data-widget_type=\"text-editor.default\">\n\t\t\t\t\t\t\t\t\t<p>Su hogar deber\u00eda ser un lugar que le permita\u00a0<strong>relajarse, ser usted mismo y disfrutar de la vida sin preocupaciones<\/strong>. En Pergo, esta es la filosof\u00eda tras el dise\u00f1o de nuestros suelos de madera. Para nosotros, el aspecto del suelo siempre ha sido tan importante como\u00a0<strong>su capacidad para soportar el uso cotidiano<\/strong>. Despu\u00e9s de todo, \u00bfpara qu\u00e9 sirve un suelo de madera bonito si no se mantiene as\u00ed con el paso del tiempo?<\/p>\t\t\t\t\t\t\t\t<\/div>\n\t\t\t\t<div class=\"elementor-element elementor-element-96d7464 elementor-widget elementor-widget-text-editor\" data-id=\"96d7464\" data-element_type=\"widget\" data-widget_type=\"text-editor.default\">\n\t\t\t\t\t\t\t\t\t<p>Las planchas largas hacen que la habitaci\u00f3n\u00a0<strong>se vea m\u00e1s espaciosa<\/strong>\u00a0y dan un aspecto elegante y moderno a todo el interior.\u00a0<\/p>\t\t\t\t\t\t\t\t<\/div>\n\t\t\t\t\t<\/div>\n\t\t<\/div>\n\t\t\t\t<div class=\"elementor-column elementor-col-50 elementor-inner-column elementor-element elementor-element-8aa8f14\" data-id=\"8aa8f14\" data-element_type=\"column\">\n\t\t\t<div class=\"elementor-widget-wrap elementor-element-populated\">\n\t\t\t\t\t\t<div class=\"elementor-element elementor-element-9dd418b elementor-widget elementor-widget-image\" data-id=\"9dd418b\" data-element_type=\"widget\" data-widget_type=\"image.default\">\n\t\t\t\t\t\t\t\t\t\t\t\t\t\t\t<img decoding=\"async\" width=\"960\" height=\"540\" src=\"https:\/\/puertasmoral.com\/wp-content\/uploads\/2020\/11\/TARIMA-SUELOS-1024x576.jpg\" class=\"attachment-large size-large wp-image-6551\" alt=\"\" srcset=\"https:\/\/puertasmoral.com\/wp-content\/uploads\/2020\/11\/TARIMA-SUELOS-1024x576.jpg 1024w, https:\/\/puertasmoral.com\/wp-content\/uploads\/2020\/11\/TARIMA-SUELOS-90x51.jpg 90w, https:\/\/puertasmoral.com\/wp-content\/uploads\/2020\/11\/TARIMA-SUELOS-600x338.jpg 600w, https:\/\/puertasmoral.com\/wp-content\/uploads\/2020\/11\/TARIMA-SUELOS-300x169.jpg 300w, https:\/\/puertasmoral.com\/wp-content\/uploads\/2020\/11\/TARIMA-SUELOS-768x432.jpg 768w, https:\/\/puertasmoral.com\/wp-content\/uploads\/2020\/11\/TARIMA-SUELOS-1536x864.jpg 1536w, https:\/\/puertasmoral.com\/wp-content\/uploads\/2020\/11\/TARIMA-SUELOS.jpg 1920w\" sizes=\"(max-width: 960px) 100vw, 960px\" \/>\t\t\t\t\t\t\t\t\t\t\t\t\t\t\t<\/div>\n\t\t\t\t\t<\/div>\n\t\t<\/div>\n\t\t\t\t\t<\/div>\n\t\t<\/section>\n\t\t\t\t\t<\/div>\n\t\t<\/div>\n\t\t\t\t\t<\/div>\n\t\t<\/section>\n\t\t\t\t<section class=\"elementor-section elementor-top-section elementor-element elementor-element-36cea860 elementor-section-boxed elementor-section-height-default elementor-section-height-default\" data-id=\"36cea860\" data-element_type=\"section\">\n\t\t\t\t\t\t<div class=\"elementor-container elementor-column-gap-default\">\n\t\t\t\t\t<div class=\"elementor-column elementor-col-100 elementor-top-column elementor-element elementor-element-177e6c11\" data-id=\"177e6c11\" data-element_type=\"column\">\n\t\t\t<div class=\"elementor-widget-wrap\">\n\t\t\t\t\t\t\t<\/div>\n\t\t<\/div>\n\t\t\t\t\t<\/div>\n\t\t<\/section>\n\t\t\t\t<\/div>\n\t\t","protected":false},"excerpt":{"rendered":"<p>\u00bfQuieres saber m\u00e1s sobre los suelos? SUELO LAMINADO Desde hace ya tiempo, el suelo laminado se ha emancipado de sus predecesores originales, el parquet y la tarima de madera maciza. Gracias a su gran resistencia y el f\u00e1cil mantenimiento, resulta id\u00f3neo para resistir al gran desgaste al que se exponen las estancias de uso intensivo.Hoy<\/p>\n<div class=\"klb-readmore post-buttons\"><a class=\"btn variant-primary\" href=\"https:\/\/puertasmoral.com\/?page_id=45\">Read More <i class=\"klbth-icon-right-arrow\"><\/i><\/a><\/div>\n","protected":false},"author":1,"featured_media":0,"parent":0,"menu_order":0,"comment_status":"open","ping_status":"open","template":"","meta":{"_acf_changed":false,"footnotes":""},"class_list":["post-45","page","type-page","status-publish","hentry"],"acf":[],"_links":{"self":[{"href":"https:\/\/puertasmoral.com\/index.php?rest_route=\/wp\/v2\/pages\/45","targetHints":{"allow":["GET"]}}],"collection":[{"href":"https:\/\/puertasmoral.com\/index.php?rest_route=\/wp\/v2\/pages"}],"about":[{"href":"https:\/\/puertasmoral.com\/index.php?rest_route=\/wp\/v2\/types\/page"}],"author":[{"embeddable":true,"href":"https:\/\/puertasmoral.com\/index.php?rest_route=\/wp\/v2\/users\/1"}],"replies":[{"embeddable":true,"href":"https:\/\/puertasmoral.com\/index.php?rest_route=%2Fwp%2Fv2%2Fcomments&post=45"}],"version-history":[{"count":3,"href":"https:\/\/puertasmoral.com\/index.php?rest_route=\/wp\/v2\/pages\/45\/revisions"}],"predecessor-version":[{"id":6554,"href":"https:\/\/puertasmoral.com\/index.php?rest_route=\/wp\/v2\/pages\/45\/revisions\/6554"}],"wp:attachment":[{"href":"https:\/\/puertasmoral.com\/index.php?rest_route=%2Fwp%2Fv2%2Fmedia&parent=45"}],"curies":[{"name":"wp","href":"https:\/\/api.w.org\/{rel}","templated":true}]}}