{"id":10346,"date":"2024-12-19T13:51:24","date_gmt":"2024-12-19T13:51:24","guid":{"rendered":"https:\/\/puertasmoral.com\/pergo-l0231-03372-roble-danes-moderno\/"},"modified":"2025-06-17T10:45:33","modified_gmt":"2025-06-17T10:45:33","slug":"pergo-l0231-03372-roble-danes-moderno","status":"publish","type":"product","link":"https:\/\/puertasmoral.com\/?product=pergo-l0231-03372-roble-danes-moderno","title":{"rendered":"Pergo &#8211; L0231-03372 | Roble Dan\u00e9s Moderno"},"content":{"rendered":"<p>Visby pro &#8211; L0231-03372<\/p>\n<p><strong>Garantia:\u00a0<\/strong><\/p>\n<p>Garant\u00eda de por vida<\/p>\n<p>&nbsp;<\/p>\n<p><strong>Caracteristicas<\/strong><\/p>\n<p>&nbsp;<\/p>\n<ul>\n<li>Clase 33 &#8211; Apto para uso dom\u00e9stico intensivo<\/li>\n<li>Instalaci\u00f3n con clic<\/li>\n<li>Compatible con sistemas de calefacci\u00f3n por suelo radiante<\/li>\n<li>Resistente al agua<\/li>\n<li>Etiqueta ecol\u00f3gica de la UE<\/li>\n<li>Nordic Swan Ecolabel<\/li>\n<li><\/li>\n<li><\/li>\n<li><\/li>\n<\/ul>\n<p><strong>Protecci\u00f3n<\/strong><\/p>\n<p>Cada plancha de suelo laminado Pergo est\u00e1 cubierta con nuestra tecnolog\u00eda patentada TitanX\u2122. Esta capa superior de alta calidad proporciona a su suelo una excelente resistencia a los ara\u00f1azos y al desgaste, y hace que sea higi\u00e9nico y f\u00e1cil de limpiar.<\/p>\n<p><strong>Resistencia al Agua<\/strong><\/p>\n<p>Nuestra tecnolog\u00eda AquaSafe, desarrollada internamente, crea una superficie sellada 100 % herm\u00e9tica que llega hasta los biseles y evita que el agua penetre en el suelo. Simplemente se queda sobre la superficie y se puede limpiar f\u00e1cilmente.<\/p>\n<p><strong>Dimensiones<\/strong><\/p>\n<p><strong>Dise\u00f1o<\/strong><\/p>\n<p>Dise\u00f1o Color Beige   Patr\u00f3n 1 list\u00f3n   Patr\u00f3n Madera   N\u00famero de ranuras 4 ranuras<\/p>\n<p>&nbsp;<\/p>\n<p>&nbsp;<\/p>\n<p>&nbsp;<\/p>\n<p>&nbsp;<\/p>\n<p>&nbsp;<\/p>\n<p>&nbsp;<\/p>\n<p>&nbsp;<\/p>\n<p>&nbsp;<\/p>\n<p>&nbsp;<\/p>\n","protected":false},"excerpt":{"rendered":"<p>Visby pro &#8211; L0231-03372 Garantia:\u00a0 Garant\u00eda de por vida &nbsp; Caracteristicas &nbsp; Clase 33 &#8211; Apto para uso dom\u00e9stico intensivo Instalaci\u00f3n con clic Compatible con sistemas de calefacci\u00f3n por suelo radiante Resistente al agua Etiqueta ecol\u00f3gica de la UE Nordic Swan Ecolabel Protecci\u00f3n Cada plancha de suelo laminado Pergo est\u00e1 cubierta con nuestra tecnolog\u00eda patentada<\/p>\n<div class=\"klb-readmore post-buttons\"><a class=\"btn variant-primary\" href=\"https:\/\/puertasmoral.com\/?product=pergo-l0231-03372-roble-danes-moderno\">Read More <i class=\"klbth-icon-right-arrow\"><\/i><\/a><\/div>\n","protected":false},"featured_media":11477,"comment_status":"closed","ping_status":"open","template":"","meta":{"_acf_changed":false},"product_brand":[],"product_cat":[916,918],"product_tag":[],"class_list":{"0":"post-10346","1":"product","2":"type-product","3":"status-publish","4":"has-post-thumbnail","6":"product_cat-suelos","7":"product_cat-suelos-laminados","8":"pa_color-beige","9":"pa_instalacion-instalacion-con-clic","10":"pa_proteccion-resistente-a-los-aranazos","11":"pa_resistencia-resistente-al-agua","12":"pa_tipo-laminados","13":"pa_uso-clase-33-apto-para-uso-domestico-intensivo","15":"first","16":"instock","17":"taxable","18":"shipping-taxable","19":"purchasable","20":"product-type-simple"},"acf":[],"_links":{"self":[{"href":"https:\/\/puertasmoral.com\/index.php?rest_route=\/wp\/v2\/product\/10346","targetHints":{"allow":["GET"]}}],"collection":[{"href":"https:\/\/puertasmoral.com\/index.php?rest_route=\/wp\/v2\/product"}],"about":[{"href":"https:\/\/puertasmoral.com\/index.php?rest_route=\/wp\/v2\/types\/product"}],"replies":[{"embeddable":true,"href":"https:\/\/puertasmoral.com\/index.php?rest_route=%2Fwp%2Fv2%2Fcomments&post=10346"}],"version-history":[{"count":2,"href":"https:\/\/puertasmoral.com\/index.php?rest_route=\/wp\/v2\/product\/10346\/revisions"}],"predecessor-version":[{"id":10879,"href":"https:\/\/puertasmoral.com\/index.php?rest_route=\/wp\/v2\/product\/10346\/revisions\/10879"}],"wp:featuredmedia":[{"embeddable":true,"href":"https:\/\/puertasmoral.com\/index.php?rest_route=\/wp\/v2\/media\/11477"}],"wp:attachment":[{"href":"https:\/\/puertasmoral.com\/index.php?rest_route=%2Fwp%2Fv2%2Fmedia&parent=10346"}],"wp:term":[{"taxonomy":"product_brand","embeddable":true,"href":"https:\/\/puertasmoral.com\/index.php?rest_route=%2Fwp%2Fv2%2Fproduct_brand&post=10346"},{"taxonomy":"product_cat","embeddable":true,"href":"https:\/\/puertasmoral.com\/index.php?rest_route=%2Fwp%2Fv2%2Fproduct_cat&post=10346"},{"taxonomy":"product_tag","embeddable":true,"href":"https:\/\/puertasmoral.com\/index.php?rest_route=%2Fwp%2Fv2%2Fproduct_tag&post=10346"}],"curies":[{"name":"wp","href":"https:\/\/api.w.org\/{rel}","templated":true}]}}