{"id":12788,"date":"2025-01-13T23:53:06","date_gmt":"2025-01-13T23:53:06","guid":{"rendered":"https:\/\/puertasmoral.com\/barbacoa-m-fogosur-eco\/"},"modified":"2025-12-26T15:48:10","modified_gmt":"2025-12-26T15:48:10","slug":"barbacoa-m-fogosur-eco","status":"publish","type":"product","link":"https:\/\/puertasmoral.com\/?product=barbacoa-m-fogosur-eco","title":{"rendered":"BARBACOA M \u2013 Fogosur Eco"},"content":{"rendered":"<p>Barbacoa de le\u00f1a con horno, la opci\u00f3n completa para asar y cocinar a la vez<\/p>\n<ul>\n<li>Fabricaci\u00f3n en acero y acabado de pintura negra anticalorica<\/li>\n<li>Rejilla de hierro fundido de alto rendimiento t\u00e9rmico<\/li>\n<li>Puerta de 1 hoja de cristal cer\u00e1mico<\/li>\n<li>Horno recubierto de ladrillo refractario<\/li>\n<li>Bandeja inoxidable<\/li>\n<li>Term\u00f3metro<\/li>\n<li>Control de tiro<\/li>\n<\/ul>\n","protected":false},"excerpt":{"rendered":"<p>Barbacoa de le\u00f1a con horno, la opci\u00f3n completa para asar y cocinar a la vez Fabricaci\u00f3n en acero y acabado de pintura negra anticalorica Rejilla de hierro fundido de alto rendimiento t\u00e9rmico Puerta de 1 hoja de cristal cer\u00e1mico Horno recubierto de ladrillo refractario Bandeja inoxidable Term\u00f3metro Control de tiro<\/p>\n","protected":false},"featured_media":24866,"comment_status":"closed","ping_status":"closed","template":"","meta":{"_acf_changed":false},"product_brand":[],"product_cat":[814],"product_tag":[],"class_list":{"0":"post-12788","1":"product","2":"type-product","3":"status-publish","4":"has-post-thumbnail","6":"product_cat-fogosur","8":"first","9":"instock","10":"product-type-simple"},"acf":[],"_links":{"self":[{"href":"https:\/\/puertasmoral.com\/index.php?rest_route=\/wp\/v2\/product\/12788","targetHints":{"allow":["GET"]}}],"collection":[{"href":"https:\/\/puertasmoral.com\/index.php?rest_route=\/wp\/v2\/product"}],"about":[{"href":"https:\/\/puertasmoral.com\/index.php?rest_route=\/wp\/v2\/types\/product"}],"replies":[{"embeddable":true,"href":"https:\/\/puertasmoral.com\/index.php?rest_route=%2Fwp%2Fv2%2Fcomments&post=12788"}],"version-history":[{"count":1,"href":"https:\/\/puertasmoral.com\/index.php?rest_route=\/wp\/v2\/product\/12788\/revisions"}],"predecessor-version":[{"id":12789,"href":"https:\/\/puertasmoral.com\/index.php?rest_route=\/wp\/v2\/product\/12788\/revisions\/12789"}],"wp:featuredmedia":[{"embeddable":true,"href":"https:\/\/puertasmoral.com\/index.php?rest_route=\/wp\/v2\/media\/24866"}],"wp:attachment":[{"href":"https:\/\/puertasmoral.com\/index.php?rest_route=%2Fwp%2Fv2%2Fmedia&parent=12788"}],"wp:term":[{"taxonomy":"product_brand","embeddable":true,"href":"https:\/\/puertasmoral.com\/index.php?rest_route=%2Fwp%2Fv2%2Fproduct_brand&post=12788"},{"taxonomy":"product_cat","embeddable":true,"href":"https:\/\/puertasmoral.com\/index.php?rest_route=%2Fwp%2Fv2%2Fproduct_cat&post=12788"},{"taxonomy":"product_tag","embeddable":true,"href":"https:\/\/puertasmoral.com\/index.php?rest_route=%2Fwp%2Fv2%2Fproduct_tag&post=12788"}],"curies":[{"name":"wp","href":"https:\/\/api.w.org\/{rel}","templated":true}]}}