{"id":12792,"date":"2025-01-13T23:53:06","date_gmt":"2025-01-13T23:53:06","guid":{"rendered":"https:\/\/puertasmoral.com\/estufa-12-plr-fogosur-eco\/"},"modified":"2026-01-02T06:26:20","modified_gmt":"2026-01-02T06:26:20","slug":"estufa-12-plr-fogosur-eco","status":"publish","type":"product","link":"https:\/\/puertasmoral.com\/?product=estufa-12-plr-fogosur-eco","title":{"rendered":"Estufa PASILLO 12 LR &#8211; Fogosur Eco"},"content":{"rendered":"<ul>\n<li><strong>Caracter\u00edsticas principales:<\/strong>\n<ul>\n<li>Fabricaci\u00f3n en acero y pintura en polvo epoxy<\/li>\n<li>Tolva combustible estanca<\/li>\n<li>WIFI incorporado<\/li>\n<li>Mando a distancia con funci\u00f3n de termostato<\/li>\n<li>Cristal cer\u00e1mico<\/li>\n<li>Programable<\/li>\n<li>Brasero de fundici\u00f3n<\/li>\n<li>Caj\u00f3n de ceniza con autonom\u00eda para 1 semana<\/li>\n<li>Ventilador silencioso<\/li>\n<li>Regulaci\u00f3n completamente autom\u00e1tica<\/li>\n<\/ul>\n<\/li>\n<\/ul>\n","protected":false},"excerpt":{"rendered":"<p>Caracter\u00edsticas principales: Fabricaci\u00f3n en acero y pintura en polvo epoxy Tolva combustible estanca WIFI incorporado Mando a distancia con funci\u00f3n de termostato Cristal cer\u00e1mico Programable Brasero de fundici\u00f3n Caj\u00f3n de ceniza con autonom\u00eda para 1 semana Ventilador silencioso Regulaci\u00f3n completamente autom\u00e1tica<\/p>\n","protected":false},"featured_media":0,"comment_status":"closed","ping_status":"closed","template":"","meta":{"_acf_changed":false},"product_brand":[],"product_cat":[814,884],"product_tag":[],"class_list":{"0":"post-12792","1":"product","2":"type-product","3":"status-publish","5":"product_cat-fogosur","6":"product_cat-estufas-de-pellet","8":"first","9":"instock","10":"purchasable","11":"product-type-simple"},"acf":[],"_links":{"self":[{"href":"https:\/\/puertasmoral.com\/index.php?rest_route=\/wp\/v2\/product\/12792","targetHints":{"allow":["GET"]}}],"collection":[{"href":"https:\/\/puertasmoral.com\/index.php?rest_route=\/wp\/v2\/product"}],"about":[{"href":"https:\/\/puertasmoral.com\/index.php?rest_route=\/wp\/v2\/types\/product"}],"replies":[{"embeddable":true,"href":"https:\/\/puertasmoral.com\/index.php?rest_route=%2Fwp%2Fv2%2Fcomments&post=12792"}],"version-history":[{"count":2,"href":"https:\/\/puertasmoral.com\/index.php?rest_route=\/wp\/v2\/product\/12792\/revisions"}],"predecessor-version":[{"id":24899,"href":"https:\/\/puertasmoral.com\/index.php?rest_route=\/wp\/v2\/product\/12792\/revisions\/24899"}],"wp:attachment":[{"href":"https:\/\/puertasmoral.com\/index.php?rest_route=%2Fwp%2Fv2%2Fmedia&parent=12792"}],"wp:term":[{"taxonomy":"product_brand","embeddable":true,"href":"https:\/\/puertasmoral.com\/index.php?rest_route=%2Fwp%2Fv2%2Fproduct_brand&post=12792"},{"taxonomy":"product_cat","embeddable":true,"href":"https:\/\/puertasmoral.com\/index.php?rest_route=%2Fwp%2Fv2%2Fproduct_cat&post=12792"},{"taxonomy":"product_tag","embeddable":true,"href":"https:\/\/puertasmoral.com\/index.php?rest_route=%2Fwp%2Fv2%2Fproduct_tag&post=12792"}],"curies":[{"name":"wp","href":"https:\/\/api.w.org\/{rel}","templated":true}]}}