{"id":12800,"date":"2025-01-13T23:53:06","date_gmt":"2025-01-13T23:53:06","guid":{"rendered":"https:\/\/puertasmoral.com\/nadia-turbinas-fogosur-eco\/"},"modified":"2025-01-14T00:17:29","modified_gmt":"2025-01-14T00:17:29","slug":"nadia-turbinas-fogosur-eco","status":"publish","type":"product","link":"https:\/\/puertasmoral.com\/?product=nadia-turbinas-fogosur-eco","title":{"rendered":"NADIA TURBINAS \u2013 Fogosur Eco"},"content":{"rendered":"<p>Estufa de le\u00f1a con horno, aparte de poder cocinar lleva 2 turbinas<\/p>\n<ul>\n<li>Fabricaci\u00f3n en acero y acabado de pintura negra anticalorica<\/li>\n<li>Toma de aire secundario posterior<\/li>\n<li>Cristal cer\u00e1mico<\/li>\n<li>Ajuste de aire primario<\/li>\n<li>Visi\u00f3n panor\u00e1mica<\/li>\n<li>C\u00e1mara de combusti\u00f3n de vermiculita<\/li>\n<li>Combusti\u00f3n optimizada para bajas emisiones<\/li>\n<\/ul>\n","protected":false},"excerpt":{"rendered":"<p>Estufa de le\u00f1a con horno, aparte de poder cocinar lleva 2 turbinas Fabricaci\u00f3n en acero y acabado de pintura negra anticalorica Toma de aire secundario posterior Cristal cer\u00e1mico Ajuste de aire primario Visi\u00f3n panor\u00e1mica C\u00e1mara de combusti\u00f3n de vermiculita Combusti\u00f3n optimizada para bajas emisiones<\/p>\n","protected":false},"featured_media":12802,"comment_status":"closed","ping_status":"closed","template":"","meta":{"_acf_changed":false},"product_brand":[],"product_cat":[814,861],"product_tag":[],"class_list":{"0":"post-12800","1":"product","2":"type-product","3":"status-publish","4":"has-post-thumbnail","6":"product_cat-fogosur","7":"product_cat-estufas-de-lena","9":"first","10":"instock","11":"purchasable","12":"product-type-simple"},"acf":[],"_links":{"self":[{"href":"https:\/\/puertasmoral.com\/index.php?rest_route=\/wp\/v2\/product\/12800","targetHints":{"allow":["GET"]}}],"collection":[{"href":"https:\/\/puertasmoral.com\/index.php?rest_route=\/wp\/v2\/product"}],"about":[{"href":"https:\/\/puertasmoral.com\/index.php?rest_route=\/wp\/v2\/types\/product"}],"replies":[{"embeddable":true,"href":"https:\/\/puertasmoral.com\/index.php?rest_route=%2Fwp%2Fv2%2Fcomments&post=12800"}],"version-history":[{"count":2,"href":"https:\/\/puertasmoral.com\/index.php?rest_route=\/wp\/v2\/product\/12800\/revisions"}],"predecessor-version":[{"id":12885,"href":"https:\/\/puertasmoral.com\/index.php?rest_route=\/wp\/v2\/product\/12800\/revisions\/12885"}],"wp:featuredmedia":[{"embeddable":true,"href":"https:\/\/puertasmoral.com\/index.php?rest_route=\/wp\/v2\/media\/12802"}],"wp:attachment":[{"href":"https:\/\/puertasmoral.com\/index.php?rest_route=%2Fwp%2Fv2%2Fmedia&parent=12800"}],"wp:term":[{"taxonomy":"product_brand","embeddable":true,"href":"https:\/\/puertasmoral.com\/index.php?rest_route=%2Fwp%2Fv2%2Fproduct_brand&post=12800"},{"taxonomy":"product_cat","embeddable":true,"href":"https:\/\/puertasmoral.com\/index.php?rest_route=%2Fwp%2Fv2%2Fproduct_cat&post=12800"},{"taxonomy":"product_tag","embeddable":true,"href":"https:\/\/puertasmoral.com\/index.php?rest_route=%2Fwp%2Fv2%2Fproduct_tag&post=12800"}],"curies":[{"name":"wp","href":"https:\/\/api.w.org\/{rel}","templated":true}]}}