{"id":12821,"date":"2025-01-13T23:53:06","date_gmt":"2025-01-13T23:53:06","guid":{"rendered":"https:\/\/puertasmoral.com\/aroa-fogosur-eco\/"},"modified":"2025-11-04T09:55:14","modified_gmt":"2025-11-04T09:55:14","slug":"aroa-fogosur-eco","status":"publish","type":"product","link":"https:\/\/puertasmoral.com\/?product=aroa-fogosur-eco","title":{"rendered":"AROA \u2013 Fogosur Eco"},"content":{"rendered":"<p>Estufa de le\u00f1a con horno, ideal para cocinar con la parrilla y bandeja que incorpora<\/p>\n<ul>\n<li>Fabricaci\u00f3n en acero y acabado de pintura negra anticalorica<\/li>\n<li>Toma de aire secundario posterior<\/li>\n<li>Cristal cer\u00e1mico<\/li>\n<li>Ajuste de aire primario<\/li>\n<li>C\u00e1mara de combusti\u00f3n de vermiculita<\/li>\n<li>Combusti\u00f3n optimizada para bajas emisiones<\/li>\n<li>Entrada de aire al cristal para mantenerlo limpio<\/li>\n<\/ul>\n<p>Accesorio Rincon: 100,58 iva incluido<\/p>\n<p>PRECIOS ACTUALIZADOS 04\/11\/2025<\/p>\n","protected":false},"excerpt":{"rendered":"<p>Estufa de le\u00f1a con horno, ideal para cocinar con la parrilla y bandeja que incorpora Fabricaci\u00f3n en acero y acabado de pintura negra anticalorica Toma de aire secundario posterior Cristal cer\u00e1mico Ajuste de aire primario C\u00e1mara de combusti\u00f3n de vermiculita Combusti\u00f3n optimizada para bajas emisiones Entrada de aire al cristal para mantenerlo limpio Accesorio Rincon:<\/p>\n<div class=\"klb-readmore post-buttons\"><a class=\"btn variant-primary\" href=\"https:\/\/puertasmoral.com\/?product=aroa-fogosur-eco\">Read More <i class=\"klbth-icon-right-arrow\"><\/i><\/a><\/div>\n","protected":false},"featured_media":12883,"comment_status":"closed","ping_status":"closed","template":"","meta":{"_acf_changed":false},"product_brand":[],"product_cat":[814],"product_tag":[],"class_list":{"0":"post-12821","1":"product","2":"type-product","3":"status-publish","4":"has-post-thumbnail","6":"product_cat-fogosur","8":"first","9":"instock","10":"purchasable","11":"product-type-simple"},"acf":[],"_links":{"self":[{"href":"https:\/\/puertasmoral.com\/index.php?rest_route=\/wp\/v2\/product\/12821","targetHints":{"allow":["GET"]}}],"collection":[{"href":"https:\/\/puertasmoral.com\/index.php?rest_route=\/wp\/v2\/product"}],"about":[{"href":"https:\/\/puertasmoral.com\/index.php?rest_route=\/wp\/v2\/types\/product"}],"replies":[{"embeddable":true,"href":"https:\/\/puertasmoral.com\/index.php?rest_route=%2Fwp%2Fv2%2Fcomments&post=12821"}],"version-history":[{"count":2,"href":"https:\/\/puertasmoral.com\/index.php?rest_route=\/wp\/v2\/product\/12821\/revisions"}],"predecessor-version":[{"id":24243,"href":"https:\/\/puertasmoral.com\/index.php?rest_route=\/wp\/v2\/product\/12821\/revisions\/24243"}],"wp:featuredmedia":[{"embeddable":true,"href":"https:\/\/puertasmoral.com\/index.php?rest_route=\/wp\/v2\/media\/12883"}],"wp:attachment":[{"href":"https:\/\/puertasmoral.com\/index.php?rest_route=%2Fwp%2Fv2%2Fmedia&parent=12821"}],"wp:term":[{"taxonomy":"product_brand","embeddable":true,"href":"https:\/\/puertasmoral.com\/index.php?rest_route=%2Fwp%2Fv2%2Fproduct_brand&post=12821"},{"taxonomy":"product_cat","embeddable":true,"href":"https:\/\/puertasmoral.com\/index.php?rest_route=%2Fwp%2Fv2%2Fproduct_cat&post=12821"},{"taxonomy":"product_tag","embeddable":true,"href":"https:\/\/puertasmoral.com\/index.php?rest_route=%2Fwp%2Fv2%2Fproduct_tag&post=12821"}],"curies":[{"name":"wp","href":"https:\/\/api.w.org\/{rel}","templated":true}]}}