{"id":12825,"date":"2025-01-13T23:53:06","date_gmt":"2025-01-13T23:53:06","guid":{"rendered":"https:\/\/puertasmoral.com\/nadia-fogosur-eco\/"},"modified":"2025-11-04T09:53:47","modified_gmt":"2025-11-04T09:53:47","slug":"nadia-fogosur-eco","status":"publish","type":"product","link":"https:\/\/puertasmoral.com\/?product=nadia-fogosur-eco","title":{"rendered":"NADIA \u2013 Fogosur Eco"},"content":{"rendered":"<p>Estufa de le\u00f1a con horno, de grandes dimensiones e ideal para cocinar<\/p>\n<ul>\n<li>Fabricaci\u00f3n en acero y acabado de pintura negra anticalorica<\/li>\n<li>Toma de aire secundario posterior<\/li>\n<li>Cristal cer\u00e1mico<\/li>\n<li>Ajuste de aire primario<\/li>\n<li>Visi\u00f3n panor\u00e1mica<\/li>\n<li>C\u00e1mara de combusti\u00f3n de vermiculita<\/li>\n<li>Combusti\u00f3n optimizada para bajas emisiones<\/li>\n<\/ul>\n<p>Accesorio rinc\u00f3n: 120\u20ac<\/p>\n<p>PRECIOS ACTUALIZADOS A 04\/11\/2025<\/p>\n","protected":false},"excerpt":{"rendered":"<p>Estufa de le\u00f1a con horno, de grandes dimensiones e ideal para cocinar Fabricaci\u00f3n en acero y acabado de pintura negra anticalorica Toma de aire secundario posterior Cristal cer\u00e1mico Ajuste de aire primario Visi\u00f3n panor\u00e1mica C\u00e1mara de combusti\u00f3n de vermiculita Combusti\u00f3n optimizada para bajas emisiones Accesorio rinc\u00f3n: 120\u20ac PRECIOS ACTUALIZADOS A 04\/11\/2025<\/p>\n","protected":false},"featured_media":12827,"comment_status":"closed","ping_status":"closed","template":"","meta":{"_acf_changed":false},"product_brand":[],"product_cat":[814,861],"product_tag":[],"class_list":{"0":"post-12825","1":"product","2":"type-product","3":"status-publish","4":"has-post-thumbnail","6":"product_cat-fogosur","7":"product_cat-estufas-de-lena","9":"first","10":"instock","11":"purchasable","12":"product-type-simple"},"acf":[],"_links":{"self":[{"href":"https:\/\/puertasmoral.com\/index.php?rest_route=\/wp\/v2\/product\/12825","targetHints":{"allow":["GET"]}}],"collection":[{"href":"https:\/\/puertasmoral.com\/index.php?rest_route=\/wp\/v2\/product"}],"about":[{"href":"https:\/\/puertasmoral.com\/index.php?rest_route=\/wp\/v2\/types\/product"}],"replies":[{"embeddable":true,"href":"https:\/\/puertasmoral.com\/index.php?rest_route=%2Fwp%2Fv2%2Fcomments&post=12825"}],"version-history":[{"count":2,"href":"https:\/\/puertasmoral.com\/index.php?rest_route=\/wp\/v2\/product\/12825\/revisions"}],"predecessor-version":[{"id":24242,"href":"https:\/\/puertasmoral.com\/index.php?rest_route=\/wp\/v2\/product\/12825\/revisions\/24242"}],"wp:featuredmedia":[{"embeddable":true,"href":"https:\/\/puertasmoral.com\/index.php?rest_route=\/wp\/v2\/media\/12827"}],"wp:attachment":[{"href":"https:\/\/puertasmoral.com\/index.php?rest_route=%2Fwp%2Fv2%2Fmedia&parent=12825"}],"wp:term":[{"taxonomy":"product_brand","embeddable":true,"href":"https:\/\/puertasmoral.com\/index.php?rest_route=%2Fwp%2Fv2%2Fproduct_brand&post=12825"},{"taxonomy":"product_cat","embeddable":true,"href":"https:\/\/puertasmoral.com\/index.php?rest_route=%2Fwp%2Fv2%2Fproduct_cat&post=12825"},{"taxonomy":"product_tag","embeddable":true,"href":"https:\/\/puertasmoral.com\/index.php?rest_route=%2Fwp%2Fv2%2Fproduct_tag&post=12825"}],"curies":[{"name":"wp","href":"https:\/\/api.w.org\/{rel}","templated":true}]}}