{"id":12831,"date":"2025-01-13T23:53:06","date_gmt":"2025-01-13T23:53:06","guid":{"rendered":"https:\/\/puertasmoral.com\/barbacoa-b-fogosur-eco\/"},"modified":"2025-12-26T15:43:08","modified_gmt":"2025-12-26T15:43:08","slug":"barbacoa-b-fogosur-eco","status":"publish","type":"product","link":"https:\/\/puertasmoral.com\/?product=barbacoa-b-fogosur-eco","title":{"rendered":"BARBACOA B \u2013 Fogosur Eco"},"content":{"rendered":"<p>Barbacoa de le\u00f1a, apta para asar<\/p>\n<ul>\n<li>\n<ul>\n<li>Fabricaci\u00f3n en acero y acabado de pintura negra antical\u00f3rica<\/li>\n<li>Rejilla de hierro fundido<\/li>\n<li>Control de tiro<\/li>\n<li>Gran capacidad para las cenizas<\/li>\n<li>Incorpora parrilla de asado<\/li>\n<\/ul>\n<p><strong>Opcional:<\/strong><\/p>\n<ul>\n<li>Puerta de 1 hoja<\/li>\n<\/ul>\n<\/li>\n<li>Fabricaci\u00f3n en acero y acabado de pintura negra antical\u00f3rica<\/li>\n<li>Rejilla de hierro fundido<\/li>\n<li>Control de tiro<\/li>\n<li>Gran capacidad para las cenizas<\/li>\n<li>Incorpora parrilla de asado<\/li>\n<li>Puerta de 1 hoja<\/li>\n<\/ul>\n","protected":false},"excerpt":{"rendered":"<p>Barbacoa de le\u00f1a, apta para asar Fabricaci\u00f3n en acero y acabado de pintura negra antical\u00f3rica Rejilla de hierro fundido Control de tiro Gran capacidad para las cenizas Incorpora parrilla de asado Opcional: Puerta de 1 hoja Fabricaci\u00f3n en acero y acabado de pintura negra antical\u00f3rica Rejilla de hierro fundido Control de tiro Gran capacidad para<\/p>\n<div class=\"klb-readmore post-buttons\"><a class=\"btn variant-primary\" href=\"https:\/\/puertasmoral.com\/?product=barbacoa-b-fogosur-eco\">Read More <i class=\"klbth-icon-right-arrow\"><\/i><\/a><\/div>\n","protected":false},"featured_media":24864,"comment_status":"closed","ping_status":"closed","template":"","meta":{"_acf_changed":false},"product_brand":[],"product_cat":[814],"product_tag":[],"class_list":{"0":"post-12831","1":"product","2":"type-product","3":"status-publish","4":"has-post-thumbnail","6":"product_cat-fogosur","8":"first","9":"instock","10":"product-type-simple"},"acf":[],"_links":{"self":[{"href":"https:\/\/puertasmoral.com\/index.php?rest_route=\/wp\/v2\/product\/12831","targetHints":{"allow":["GET"]}}],"collection":[{"href":"https:\/\/puertasmoral.com\/index.php?rest_route=\/wp\/v2\/product"}],"about":[{"href":"https:\/\/puertasmoral.com\/index.php?rest_route=\/wp\/v2\/types\/product"}],"replies":[{"embeddable":true,"href":"https:\/\/puertasmoral.com\/index.php?rest_route=%2Fwp%2Fv2%2Fcomments&post=12831"}],"version-history":[{"count":2,"href":"https:\/\/puertasmoral.com\/index.php?rest_route=\/wp\/v2\/product\/12831\/revisions"}],"predecessor-version":[{"id":24865,"href":"https:\/\/puertasmoral.com\/index.php?rest_route=\/wp\/v2\/product\/12831\/revisions\/24865"}],"wp:featuredmedia":[{"embeddable":true,"href":"https:\/\/puertasmoral.com\/index.php?rest_route=\/wp\/v2\/media\/24864"}],"wp:attachment":[{"href":"https:\/\/puertasmoral.com\/index.php?rest_route=%2Fwp%2Fv2%2Fmedia&parent=12831"}],"wp:term":[{"taxonomy":"product_brand","embeddable":true,"href":"https:\/\/puertasmoral.com\/index.php?rest_route=%2Fwp%2Fv2%2Fproduct_brand&post=12831"},{"taxonomy":"product_cat","embeddable":true,"href":"https:\/\/puertasmoral.com\/index.php?rest_route=%2Fwp%2Fv2%2Fproduct_cat&post=12831"},{"taxonomy":"product_tag","embeddable":true,"href":"https:\/\/puertasmoral.com\/index.php?rest_route=%2Fwp%2Fv2%2Fproduct_tag&post=12831"}],"curies":[{"name":"wp","href":"https:\/\/api.w.org\/{rel}","templated":true}]}}