{"id":12839,"date":"2025-01-13T23:53:25","date_gmt":"2025-01-13T23:53:25","guid":{"rendered":"https:\/\/puertasmoral.com\/greta-fogosur-eco\/"},"modified":"2025-11-04T09:31:14","modified_gmt":"2025-11-04T09:31:14","slug":"greta-fogosur-eco","status":"publish","type":"product","link":"https:\/\/puertasmoral.com\/?product=greta-fogosur-eco","title":{"rendered":"GRETA \u2013 Fogosur Eco"},"content":{"rendered":"<p>Estufa de le\u00f1a ajustable a cualquier estancia, robusta y con una gran potencia calor\u00edfica<\/p>\n<ul>\n<li>Fabricaci\u00f3n en acero y acabado de pintura negra anticalorica<\/li>\n<li>Toma de aire secundario posterior<\/li>\n<li>Cristal cer\u00e1mico<\/li>\n<li>Ajuste de aire primario<\/li>\n<li>C\u00e1mara de combusti\u00f3n de vermiculita<\/li>\n<li>Combusti\u00f3n optimizada para bajas emisiones<\/li>\n<li>Entrada de aire al cristal para mantenerlo limpio<\/li>\n<\/ul>\n<p>Accesorio rinc\u00f3n: 95\u20ac<\/p>\n<p>PRECIOS ACTUALIZADOS A 04\/11\/2025<\/p>\n","protected":false},"excerpt":{"rendered":"<p>Estufa de le\u00f1a ajustable a cualquier estancia, robusta y con una gran potencia calor\u00edfica Fabricaci\u00f3n en acero y acabado de pintura negra anticalorica Toma de aire secundario posterior Cristal cer\u00e1mico Ajuste de aire primario C\u00e1mara de combusti\u00f3n de vermiculita Combusti\u00f3n optimizada para bajas emisiones Entrada de aire al cristal para mantenerlo limpio Accesorio rinc\u00f3n: 95\u20ac<\/p>\n<div class=\"klb-readmore post-buttons\"><a class=\"btn variant-primary\" href=\"https:\/\/puertasmoral.com\/?product=greta-fogosur-eco\">Read More <i class=\"klbth-icon-right-arrow\"><\/i><\/a><\/div>\n","protected":false},"featured_media":12841,"comment_status":"closed","ping_status":"closed","template":"","meta":{"_acf_changed":false},"product_brand":[],"product_cat":[814,861],"product_tag":[],"class_list":{"0":"post-12839","1":"product","2":"type-product","3":"status-publish","4":"has-post-thumbnail","6":"product_cat-fogosur","7":"product_cat-estufas-de-lena","9":"first","10":"instock","11":"purchasable","12":"product-type-simple"},"acf":[],"_links":{"self":[{"href":"https:\/\/puertasmoral.com\/index.php?rest_route=\/wp\/v2\/product\/12839","targetHints":{"allow":["GET"]}}],"collection":[{"href":"https:\/\/puertasmoral.com\/index.php?rest_route=\/wp\/v2\/product"}],"about":[{"href":"https:\/\/puertasmoral.com\/index.php?rest_route=\/wp\/v2\/types\/product"}],"replies":[{"embeddable":true,"href":"https:\/\/puertasmoral.com\/index.php?rest_route=%2Fwp%2Fv2%2Fcomments&post=12839"}],"version-history":[{"count":2,"href":"https:\/\/puertasmoral.com\/index.php?rest_route=\/wp\/v2\/product\/12839\/revisions"}],"predecessor-version":[{"id":24236,"href":"https:\/\/puertasmoral.com\/index.php?rest_route=\/wp\/v2\/product\/12839\/revisions\/24236"}],"wp:featuredmedia":[{"embeddable":true,"href":"https:\/\/puertasmoral.com\/index.php?rest_route=\/wp\/v2\/media\/12841"}],"wp:attachment":[{"href":"https:\/\/puertasmoral.com\/index.php?rest_route=%2Fwp%2Fv2%2Fmedia&parent=12839"}],"wp:term":[{"taxonomy":"product_brand","embeddable":true,"href":"https:\/\/puertasmoral.com\/index.php?rest_route=%2Fwp%2Fv2%2Fproduct_brand&post=12839"},{"taxonomy":"product_cat","embeddable":true,"href":"https:\/\/puertasmoral.com\/index.php?rest_route=%2Fwp%2Fv2%2Fproduct_cat&post=12839"},{"taxonomy":"product_tag","embeddable":true,"href":"https:\/\/puertasmoral.com\/index.php?rest_route=%2Fwp%2Fv2%2Fproduct_tag&post=12839"}],"curies":[{"name":"wp","href":"https:\/\/api.w.org\/{rel}","templated":true}]}}