{"id":12857,"date":"2025-01-13T23:53:25","date_gmt":"2025-01-13T23:53:25","guid":{"rendered":"https:\/\/puertasmoral.com\/barbacoa-a-fogosur-eco\/"},"modified":"2025-12-26T15:41:25","modified_gmt":"2025-12-26T15:41:25","slug":"barbacoa-a-fogosur-eco","status":"publish","type":"product","link":"https:\/\/puertasmoral.com\/?product=barbacoa-a-fogosur-eco","title":{"rendered":"BARBACOA A \u2013 Fogosur Eco"},"content":{"rendered":"<p>Barbacoa de le\u00f1a, ideal para asar<\/p>\n<ul>\n<li>Fabricaci\u00f3n en acero y acabado de pintura negra antical\u00f3rica<\/li>\n<li>Rejilla de hierro fundido<\/li>\n<li>Control de tiro<\/li>\n<li>Gran capacidad para las cenizas<\/li>\n<li>Incorpora parrilla de asado<\/li>\n<li>Puerta de 1 hoja<\/li>\n<\/ul>\n","protected":false},"excerpt":{"rendered":"<p>Barbacoa de le\u00f1a, ideal para asar Fabricaci\u00f3n en acero y acabado de pintura negra antical\u00f3rica Rejilla de hierro fundido Control de tiro Gran capacidad para las cenizas Incorpora parrilla de asado Puerta de 1 hoja<\/p>\n","protected":false},"featured_media":24862,"comment_status":"closed","ping_status":"closed","template":"","meta":{"_acf_changed":false},"product_brand":[],"product_cat":[814],"product_tag":[],"class_list":{"0":"post-12857","1":"product","2":"type-product","3":"status-publish","4":"has-post-thumbnail","6":"product_cat-fogosur","8":"first","9":"instock","10":"product-type-simple"},"acf":[],"_links":{"self":[{"href":"https:\/\/puertasmoral.com\/index.php?rest_route=\/wp\/v2\/product\/12857","targetHints":{"allow":["GET"]}}],"collection":[{"href":"https:\/\/puertasmoral.com\/index.php?rest_route=\/wp\/v2\/product"}],"about":[{"href":"https:\/\/puertasmoral.com\/index.php?rest_route=\/wp\/v2\/types\/product"}],"replies":[{"embeddable":true,"href":"https:\/\/puertasmoral.com\/index.php?rest_route=%2Fwp%2Fv2%2Fcomments&post=12857"}],"version-history":[{"count":2,"href":"https:\/\/puertasmoral.com\/index.php?rest_route=\/wp\/v2\/product\/12857\/revisions"}],"predecessor-version":[{"id":24863,"href":"https:\/\/puertasmoral.com\/index.php?rest_route=\/wp\/v2\/product\/12857\/revisions\/24863"}],"wp:featuredmedia":[{"embeddable":true,"href":"https:\/\/puertasmoral.com\/index.php?rest_route=\/wp\/v2\/media\/24862"}],"wp:attachment":[{"href":"https:\/\/puertasmoral.com\/index.php?rest_route=%2Fwp%2Fv2%2Fmedia&parent=12857"}],"wp:term":[{"taxonomy":"product_brand","embeddable":true,"href":"https:\/\/puertasmoral.com\/index.php?rest_route=%2Fwp%2Fv2%2Fproduct_brand&post=12857"},{"taxonomy":"product_cat","embeddable":true,"href":"https:\/\/puertasmoral.com\/index.php?rest_route=%2Fwp%2Fv2%2Fproduct_cat&post=12857"},{"taxonomy":"product_tag","embeddable":true,"href":"https:\/\/puertasmoral.com\/index.php?rest_route=%2Fwp%2Fv2%2Fproduct_tag&post=12857"}],"curies":[{"name":"wp","href":"https:\/\/api.w.org\/{rel}","templated":true}]}}