{"id":12879,"date":"2025-01-13T23:53:25","date_gmt":"2025-01-13T23:53:25","guid":{"rendered":"https:\/\/puertasmoral.com\/niger-fogosur-eco\/"},"modified":"2025-11-10T21:47:31","modified_gmt":"2025-11-10T21:47:31","slug":"niger-fogosur-eco","status":"publish","type":"product","link":"https:\/\/puertasmoral.com\/?product=niger-fogosur-eco","title":{"rendered":"N\u00cdGER \u2013 Fogosur Eco"},"content":{"rendered":"<p>Insertable de le\u00f1a, adaptable a cualquier chimenea antigua<\/p>\n<ul>\n<li>Fabricaci\u00f3n en acero y acabado de pintura negra anticalorica<\/li>\n<li>Toma de aire exterior trasera y posterior<\/li>\n<li>Cristal cer\u00e1mico<\/li>\n<li>Ajuste de aire primario<\/li>\n<li>C\u00e1mara de combusti\u00f3n de vermiculita<\/li>\n<li>entrada de aire al cristal para mantenerlo limpio<\/li>\n<li>Combusti\u00f3n optimizada para bajas emisiones<\/li>\n<\/ul>\n<p>PRECIO ACTUALIZADOS DIA 04\/11\/2025<\/p>\n","protected":false},"excerpt":{"rendered":"<p>Insertable de le\u00f1a, adaptable a cualquier chimenea antigua Fabricaci\u00f3n en acero y acabado de pintura negra anticalorica Toma de aire exterior trasera y posterior Cristal cer\u00e1mico Ajuste de aire primario C\u00e1mara de combusti\u00f3n de vermiculita entrada de aire al cristal para mantenerlo limpio Combusti\u00f3n optimizada para bajas emisiones PRECIO ACTUALIZADOS DIA 04\/11\/2025<\/p>\n","protected":false},"featured_media":24248,"comment_status":"closed","ping_status":"closed","template":"","meta":{"_acf_changed":false},"product_brand":[],"product_cat":[814,861],"product_tag":[],"class_list":{"0":"post-12879","1":"product","2":"type-product","3":"status-publish","4":"has-post-thumbnail","6":"product_cat-fogosur","7":"product_cat-estufas-de-lena","9":"first","10":"instock","11":"purchasable","12":"product-type-variable"},"acf":[],"_links":{"self":[{"href":"https:\/\/puertasmoral.com\/index.php?rest_route=\/wp\/v2\/product\/12879","targetHints":{"allow":["GET"]}}],"collection":[{"href":"https:\/\/puertasmoral.com\/index.php?rest_route=\/wp\/v2\/product"}],"about":[{"href":"https:\/\/puertasmoral.com\/index.php?rest_route=\/wp\/v2\/types\/product"}],"replies":[{"embeddable":true,"href":"https:\/\/puertasmoral.com\/index.php?rest_route=%2Fwp%2Fv2%2Fcomments&post=12879"}],"version-history":[{"count":2,"href":"https:\/\/puertasmoral.com\/index.php?rest_route=\/wp\/v2\/product\/12879\/revisions"}],"predecessor-version":[{"id":24249,"href":"https:\/\/puertasmoral.com\/index.php?rest_route=\/wp\/v2\/product\/12879\/revisions\/24249"}],"wp:featuredmedia":[{"embeddable":true,"href":"https:\/\/puertasmoral.com\/index.php?rest_route=\/wp\/v2\/media\/24248"}],"wp:attachment":[{"href":"https:\/\/puertasmoral.com\/index.php?rest_route=%2Fwp%2Fv2%2Fmedia&parent=12879"}],"wp:term":[{"taxonomy":"product_brand","embeddable":true,"href":"https:\/\/puertasmoral.com\/index.php?rest_route=%2Fwp%2Fv2%2Fproduct_brand&post=12879"},{"taxonomy":"product_cat","embeddable":true,"href":"https:\/\/puertasmoral.com\/index.php?rest_route=%2Fwp%2Fv2%2Fproduct_cat&post=12879"},{"taxonomy":"product_tag","embeddable":true,"href":"https:\/\/puertasmoral.com\/index.php?rest_route=%2Fwp%2Fv2%2Fproduct_tag&post=12879"}],"curies":[{"name":"wp","href":"https:\/\/api.w.org\/{rel}","templated":true}]}}