{"id":15518,"date":"2025-03-23T13:26:58","date_gmt":"2025-03-23T13:26:58","guid":{"rendered":"https:\/\/puertasmoral.com\/577697\/"},"modified":"2025-03-23T14:54:04","modified_gmt":"2025-03-23T14:54:04","slug":"577697","status":"publish","type":"product","link":"https:\/\/puertasmoral.com\/?product=577697","title":{"rendered":"Lijadora de cantos a bater\u00eda ES-ETSC 125 3,0 I-Plus"},"content":{"rendered":"<p>soporte de posicionamiento AH-ES-ETS\/ETSC | 2x bater\u00eda BP 18 Li 3,0 ERGO-I | cargador r\u00e1pido TCL 6 | plato lijador StickFix \u00d8 125 mm (HT blando) | bolsa colectora | llave hexagonal SW 5 | Systainer SYS3 M 337<\/p>\n","protected":false},"excerpt":{"rendered":"<p>soporte de posicionamiento AH-ES-ETS\/ETSC | 2x bater\u00eda BP 18 Li 3,0 ERGO-I | cargador r\u00e1pido TCL 6 | plato lijador StickFix \u00d8 125 mm (HT blando) | bolsa colectora | llave hexagonal SW 5 | Systainer SYS3 M 337<\/p>\n","protected":false},"featured_media":17923,"comment_status":"closed","ping_status":"closed","template":"","meta":{"_acf_changed":false},"product_brand":[1503],"product_cat":[797,1011,1017,1421],"product_tag":[],"class_list":{"0":"post-15518","1":"product","2":"type-product","3":"status-publish","4":"has-post-thumbnail","6":"product_brand-festool","7":"product_cat-festool","8":"product_cat-productos","9":"product_cat-herramientas-a-bateria","10":"product_cat-lijadora-de-cantos-a-bateria","12":"first","13":"instock","14":"purchasable","15":"product-type-simple"},"acf":[],"_links":{"self":[{"href":"https:\/\/puertasmoral.com\/index.php?rest_route=\/wp\/v2\/product\/15518","targetHints":{"allow":["GET"]}}],"collection":[{"href":"https:\/\/puertasmoral.com\/index.php?rest_route=\/wp\/v2\/product"}],"about":[{"href":"https:\/\/puertasmoral.com\/index.php?rest_route=\/wp\/v2\/types\/product"}],"replies":[{"embeddable":true,"href":"https:\/\/puertasmoral.com\/index.php?rest_route=%2Fwp%2Fv2%2Fcomments&post=15518"}],"version-history":[{"count":1,"href":"https:\/\/puertasmoral.com\/index.php?rest_route=\/wp\/v2\/product\/15518\/revisions"}],"predecessor-version":[{"id":17017,"href":"https:\/\/puertasmoral.com\/index.php?rest_route=\/wp\/v2\/product\/15518\/revisions\/17017"}],"wp:featuredmedia":[{"embeddable":true,"href":"https:\/\/puertasmoral.com\/index.php?rest_route=\/wp\/v2\/media\/17923"}],"wp:attachment":[{"href":"https:\/\/puertasmoral.com\/index.php?rest_route=%2Fwp%2Fv2%2Fmedia&parent=15518"}],"wp:term":[{"taxonomy":"product_brand","embeddable":true,"href":"https:\/\/puertasmoral.com\/index.php?rest_route=%2Fwp%2Fv2%2Fproduct_brand&post=15518"},{"taxonomy":"product_cat","embeddable":true,"href":"https:\/\/puertasmoral.com\/index.php?rest_route=%2Fwp%2Fv2%2Fproduct_cat&post=15518"},{"taxonomy":"product_tag","embeddable":true,"href":"https:\/\/puertasmoral.com\/index.php?rest_route=%2Fwp%2Fv2%2Fproduct_tag&post=15518"}],"curies":[{"name":"wp","href":"https:\/\/api.w.org\/{rel}","templated":true}]}}