{"id":15541,"date":"2025-03-23T12:56:18","date_gmt":"2025-03-23T12:56:18","guid":{"rendered":"https:\/\/puertasmoral.com\/491986\/"},"modified":"2025-03-23T14:18:39","modified_gmt":"2025-03-23T14:18:39","slug":"491986","status":"publish","type":"product","link":"https:\/\/puertasmoral.com\/?product=491986","title":{"rendered":"SORTAINERSYS 3-SORT\/12"},"content":{"rendered":"<p>12x caj\u00f3n peque\u00f1o (L x A x P) 255 x 75 x 30 mm | 2 distribuidores por caj\u00f3n | 12x soportes de etiquetas | 16x tiras para rotulaci\u00f3n<\/p>\n","protected":false},"excerpt":{"rendered":"<p>12x caj\u00f3n peque\u00f1o (L x A x P) 255 x 75 x 30 mm | 2 distribuidores por caj\u00f3n | 12x soportes de etiquetas | 16x tiras para rotulaci\u00f3n<\/p>\n","protected":false},"featured_media":18025,"comment_status":"closed","ping_status":"closed","template":"","meta":{"_acf_changed":false},"product_brand":[1503],"product_cat":[797,995,1042,1068,1069],"product_tag":[],"class_list":{"0":"post-15541","1":"product","2":"type-product","3":"status-publish","4":"has-post-thumbnail","6":"product_brand-festool","7":"product_cat-festool","8":"product_cat-accesorios","9":"product_cat-almacenamiento-y-transporte","10":"product_cat-sortainer","11":"product_cat-classic","13":"first","14":"instock","15":"purchasable","16":"product-type-simple"},"acf":[],"_links":{"self":[{"href":"https:\/\/puertasmoral.com\/index.php?rest_route=\/wp\/v2\/product\/15541","targetHints":{"allow":["GET"]}}],"collection":[{"href":"https:\/\/puertasmoral.com\/index.php?rest_route=\/wp\/v2\/product"}],"about":[{"href":"https:\/\/puertasmoral.com\/index.php?rest_route=\/wp\/v2\/types\/product"}],"replies":[{"embeddable":true,"href":"https:\/\/puertasmoral.com\/index.php?rest_route=%2Fwp%2Fv2%2Fcomments&post=15541"}],"version-history":[{"count":1,"href":"https:\/\/puertasmoral.com\/index.php?rest_route=\/wp\/v2\/product\/15541\/revisions"}],"predecessor-version":[{"id":18024,"href":"https:\/\/puertasmoral.com\/index.php?rest_route=\/wp\/v2\/product\/15541\/revisions\/18024"}],"wp:featuredmedia":[{"embeddable":true,"href":"https:\/\/puertasmoral.com\/index.php?rest_route=\/wp\/v2\/media\/18025"}],"wp:attachment":[{"href":"https:\/\/puertasmoral.com\/index.php?rest_route=%2Fwp%2Fv2%2Fmedia&parent=15541"}],"wp:term":[{"taxonomy":"product_brand","embeddable":true,"href":"https:\/\/puertasmoral.com\/index.php?rest_route=%2Fwp%2Fv2%2Fproduct_brand&post=15541"},{"taxonomy":"product_cat","embeddable":true,"href":"https:\/\/puertasmoral.com\/index.php?rest_route=%2Fwp%2Fv2%2Fproduct_cat&post=15541"},{"taxonomy":"product_tag","embeddable":true,"href":"https:\/\/puertasmoral.com\/index.php?rest_route=%2Fwp%2Fv2%2Fproduct_tag&post=15541"}],"curies":[{"name":"wp","href":"https:\/\/api.w.org\/{rel}","templated":true}]}}