{"id":15643,"date":"2025-03-23T13:02:07","date_gmt":"2025-03-23T13:02:07","guid":{"rendered":"https:\/\/puertasmoral.com\/577155\/"},"modified":"2025-03-23T14:28:04","modified_gmt":"2025-03-23T14:28:04","slug":"577155","status":"publish","type":"product","link":"https:\/\/puertasmoral.com\/?product=577155","title":{"rendered":"Estaci\u00f3n de carga para dispositivos m\u00f3viles PHC 18"},"content":{"rendered":"<p>para todas las bater\u00edas de iones de litio de 18 V (excepto la bater\u00eda Ergo de 3,0\/3,1 Ah)<\/p>\n","protected":false},"excerpt":{"rendered":"<p>para todas las bater\u00edas de iones de litio de 18 V (excepto la bater\u00eda Ergo de 3,0\/3,1 Ah)<\/p>\n","protected":false},"featured_media":18347,"comment_status":"closed","ping_status":"closed","template":"","meta":{"_acf_changed":false},"product_brand":[1503],"product_cat":[797,995,1014,1235],"product_tag":[],"class_list":{"0":"post-15643","1":"product","2":"type-product","3":"status-publish","4":"has-post-thumbnail","6":"product_brand-festool","7":"product_cat-festool","8":"product_cat-accesorios","9":"product_cat-accesorios-para-el-equipamiento","10":"product_cat-estacion-de-carga-para-dispositivos-moviles","12":"first","13":"instock","14":"purchasable","15":"product-type-simple"},"acf":[],"_links":{"self":[{"href":"https:\/\/puertasmoral.com\/index.php?rest_route=\/wp\/v2\/product\/15643","targetHints":{"allow":["GET"]}}],"collection":[{"href":"https:\/\/puertasmoral.com\/index.php?rest_route=\/wp\/v2\/product"}],"about":[{"href":"https:\/\/puertasmoral.com\/index.php?rest_route=\/wp\/v2\/types\/product"}],"replies":[{"embeddable":true,"href":"https:\/\/puertasmoral.com\/index.php?rest_route=%2Fwp%2Fv2%2Fcomments&post=15643"}],"version-history":[{"count":1,"href":"https:\/\/puertasmoral.com\/index.php?rest_route=\/wp\/v2\/product\/15643\/revisions"}],"predecessor-version":[{"id":15871,"href":"https:\/\/puertasmoral.com\/index.php?rest_route=\/wp\/v2\/product\/15643\/revisions\/15871"}],"wp:featuredmedia":[{"embeddable":true,"href":"https:\/\/puertasmoral.com\/index.php?rest_route=\/wp\/v2\/media\/18347"}],"wp:attachment":[{"href":"https:\/\/puertasmoral.com\/index.php?rest_route=%2Fwp%2Fv2%2Fmedia&parent=15643"}],"wp:term":[{"taxonomy":"product_brand","embeddable":true,"href":"https:\/\/puertasmoral.com\/index.php?rest_route=%2Fwp%2Fv2%2Fproduct_brand&post=15643"},{"taxonomy":"product_cat","embeddable":true,"href":"https:\/\/puertasmoral.com\/index.php?rest_route=%2Fwp%2Fv2%2Fproduct_cat&post=15643"},{"taxonomy":"product_tag","embeddable":true,"href":"https:\/\/puertasmoral.com\/index.php?rest_route=%2Fwp%2Fv2%2Fproduct_tag&post=15643"}],"curies":[{"name":"wp","href":"https:\/\/api.w.org\/{rel}","templated":true}]}}