{"id":15655,"date":"2025-03-23T13:23:22","date_gmt":"2025-03-23T13:23:22","guid":{"rendered":"https:\/\/puertasmoral.com\/577865\/"},"modified":"2025-03-23T14:50:53","modified_gmt":"2025-03-23T14:50:53","slug":"577865","status":"publish","type":"product","link":"https:\/\/puertasmoral.com\/?product=577865","title":{"rendered":"Aspirador profesional CLEANTECCTM 48 EI AC"},"content":{"rendered":"<p>filtro principal alto rendimiento | bolsa filtrante SELFCLEAN | bolsa de evacuaci\u00f3n | tubo flexible de aspiraci\u00f3n liso \u00d8 27\/32 \u00d7 3,5\u00a0m-AS\/CTR | tapa de cierre para la manguera de aspiraci\u00f3n | tirador<\/p>\n","protected":false},"excerpt":{"rendered":"<p>filtro principal alto rendimiento | bolsa filtrante SELFCLEAN | bolsa de evacuaci\u00f3n | tubo flexible de aspiraci\u00f3n liso \u00d8 27\/32 \u00d7 3,5\u00a0m-AS\/CTR | tapa de cierre para la manguera de aspiraci\u00f3n | tirador<\/p>\n","protected":false},"featured_media":18397,"comment_status":"closed","ping_status":"closed","template":"","meta":{"_acf_changed":false},"product_brand":[1503],"product_cat":[797,1011,1012,1013],"product_tag":[],"class_list":{"0":"post-15655","1":"product","2":"type-product","3":"status-publish","4":"has-post-thumbnail","6":"product_brand-festool","7":"product_cat-festool","8":"product_cat-productos","9":"product_cat-novedades","10":"product_cat-herramientas","12":"first","13":"instock","14":"purchasable","15":"product-type-simple"},"acf":[],"_links":{"self":[{"href":"https:\/\/puertasmoral.com\/index.php?rest_route=\/wp\/v2\/product\/15655","targetHints":{"allow":["GET"]}}],"collection":[{"href":"https:\/\/puertasmoral.com\/index.php?rest_route=\/wp\/v2\/product"}],"about":[{"href":"https:\/\/puertasmoral.com\/index.php?rest_route=\/wp\/v2\/types\/product"}],"replies":[{"embeddable":true,"href":"https:\/\/puertasmoral.com\/index.php?rest_route=%2Fwp%2Fv2%2Fcomments&post=15655"}],"version-history":[{"count":1,"href":"https:\/\/puertasmoral.com\/index.php?rest_route=\/wp\/v2\/product\/15655\/revisions"}],"predecessor-version":[{"id":16861,"href":"https:\/\/puertasmoral.com\/index.php?rest_route=\/wp\/v2\/product\/15655\/revisions\/16861"}],"wp:featuredmedia":[{"embeddable":true,"href":"https:\/\/puertasmoral.com\/index.php?rest_route=\/wp\/v2\/media\/18397"}],"wp:attachment":[{"href":"https:\/\/puertasmoral.com\/index.php?rest_route=%2Fwp%2Fv2%2Fmedia&parent=15655"}],"wp:term":[{"taxonomy":"product_brand","embeddable":true,"href":"https:\/\/puertasmoral.com\/index.php?rest_route=%2Fwp%2Fv2%2Fproduct_brand&post=15655"},{"taxonomy":"product_cat","embeddable":true,"href":"https:\/\/puertasmoral.com\/index.php?rest_route=%2Fwp%2Fv2%2Fproduct_cat&post=15655"},{"taxonomy":"product_tag","embeddable":true,"href":"https:\/\/puertasmoral.com\/index.php?rest_route=%2Fwp%2Fv2%2Fproduct_tag&post=15655"}],"curies":[{"name":"wp","href":"https:\/\/api.w.org\/{rel}","templated":true}]}}