{"id":15885,"date":"2025-03-23T13:13:27","date_gmt":"2025-03-23T13:13:27","guid":{"rendered":"https:\/\/puertasmoral.com\/578110\/"},"modified":"2025-03-23T14:40:01","modified_gmt":"2025-03-23T14:40:01","slug":"578110","status":"publish","type":"product","link":"https:\/\/puertasmoral.com\/?product=578110","title":{"rendered":"Juego de brocas Forstner SYS3 S 76-FB CE-SORT\/5"},"content":{"rendered":"<p>FB D 15 CE | FB D 20 CE | FB D 25 CE | FB D 30 CE | FB D 35 CE | Systainer\u00b3 SYS3 S 76<\/p>\n<p>para taladro atornillador a bater\u00eda y taladro atornillador de percusi\u00f3n a bater\u00eda de Festool con fijaci\u00f3n FastFix y mandril WH-CE CENTROTECpara Systainer\u00b3 Rack<\/p>\n","protected":false},"excerpt":{"rendered":"<p>FB D 15 CE | FB D 20 CE | FB D 25 CE | FB D 30 CE | FB D 35 CE | Systainer\u00b3 SYS3 S 76 para taladro atornillador a bater\u00eda y taladro atornillador de percusi\u00f3n a bater\u00eda de Festool con fijaci\u00f3n FastFix y mandril WH-CE CENTROTECpara Systainer\u00b3 Rack<\/p>\n","protected":false},"featured_media":19036,"comment_status":"closed","ping_status":"closed","template":"","meta":{"_acf_changed":false},"product_brand":[1503],"product_cat":[797,995,1042,1159,1216],"product_tag":[],"class_list":{"0":"post-15885","1":"product","2":"type-product","3":"status-publish","4":"has-post-thumbnail","6":"product_brand-festool","7":"product_cat-festool","8":"product_cat-accesorios","9":"product_cat-almacenamiento-y-transporte","10":"product_cat-systainer","11":"product_cat-sets-de-accesorios-en-el-systainer-s","13":"first","14":"instock","15":"purchasable","16":"product-type-simple"},"acf":[],"_links":{"self":[{"href":"https:\/\/puertasmoral.com\/index.php?rest_route=\/wp\/v2\/product\/15885","targetHints":{"allow":["GET"]}}],"collection":[{"href":"https:\/\/puertasmoral.com\/index.php?rest_route=\/wp\/v2\/product"}],"about":[{"href":"https:\/\/puertasmoral.com\/index.php?rest_route=\/wp\/v2\/types\/product"}],"replies":[{"embeddable":true,"href":"https:\/\/puertasmoral.com\/index.php?rest_route=%2Fwp%2Fv2%2Fcomments&post=15885"}],"version-history":[{"count":1,"href":"https:\/\/puertasmoral.com\/index.php?rest_route=\/wp\/v2\/product\/15885\/revisions"}],"predecessor-version":[{"id":16389,"href":"https:\/\/puertasmoral.com\/index.php?rest_route=\/wp\/v2\/product\/15885\/revisions\/16389"}],"wp:featuredmedia":[{"embeddable":true,"href":"https:\/\/puertasmoral.com\/index.php?rest_route=\/wp\/v2\/media\/19036"}],"wp:attachment":[{"href":"https:\/\/puertasmoral.com\/index.php?rest_route=%2Fwp%2Fv2%2Fmedia&parent=15885"}],"wp:term":[{"taxonomy":"product_brand","embeddable":true,"href":"https:\/\/puertasmoral.com\/index.php?rest_route=%2Fwp%2Fv2%2Fproduct_brand&post=15885"},{"taxonomy":"product_cat","embeddable":true,"href":"https:\/\/puertasmoral.com\/index.php?rest_route=%2Fwp%2Fv2%2Fproduct_cat&post=15885"},{"taxonomy":"product_tag","embeddable":true,"href":"https:\/\/puertasmoral.com\/index.php?rest_route=%2Fwp%2Fv2%2Fproduct_tag&post=15885"}],"curies":[{"name":"wp","href":"https:\/\/api.w.org\/{rel}","templated":true}]}}