{"id":15910,"date":"2025-03-23T13:03:53","date_gmt":"2025-03-23T13:03:53","guid":{"rendered":"https:\/\/puertasmoral.com\/577400\/"},"modified":"2025-03-23T14:30:06","modified_gmt":"2025-03-23T14:30:06","slug":"577400","status":"publish","type":"product","link":"https:\/\/puertasmoral.com\/?product=577400","title":{"rendered":"Estuche de puntas BKS SYS3 50mm CE"},"content":{"rendered":"<p>punta PH 1 | punta PH 2 | punta PH 3 | punta PZ 1 | punta PZ 2 | punta PZ 3 | punta TX 10 | punta TX 15 | punta TX 20 | punta TX 25 | punta TX 30 | punta TX 40<\/p>\n<p>para taladro atornillador a bater\u00eda y taladro atornillador de percusi\u00f3n a bater\u00eda de Festool con fijaci\u00f3n FastFix y mandril WH-CE CENTROTECpara Systainer\u00b3 con compartimento en la tapa o utilizable como caja independiente<\/p>\n","protected":false},"excerpt":{"rendered":"<p>punta PH 1 | punta PH 2 | punta PH 3 | punta PZ 1 | punta PZ 2 | punta PZ 3 | punta TX 10 | punta TX 15 | punta TX 20 | punta TX 25 | punta TX 30 | punta TX 40 para taladro atornillador a bater\u00eda y taladro atornillador<\/p>\n<div class=\"klb-readmore post-buttons\"><a class=\"btn variant-primary\" href=\"https:\/\/puertasmoral.com\/?product=577400\">Read More <i class=\"klbth-icon-right-arrow\"><\/i><\/a><\/div>\n","protected":false},"featured_media":19100,"comment_status":"closed","ping_status":"closed","template":"","meta":{"_acf_changed":false},"product_brand":[1503],"product_cat":[797,995,1005,1019,1226],"product_tag":[],"class_list":{"0":"post-15910","1":"product","2":"type-product","3":"status-publish","4":"has-post-thumbnail","6":"product_brand-festool","7":"product_cat-festool","8":"product_cat-accesorios","9":"product_cat-taladros-y-atornilladores","10":"product_cat-portapuntas-y-puntas","11":"product_cat-sets-de-puntas","13":"first","14":"instock","15":"purchasable","16":"product-type-simple"},"acf":[],"_links":{"self":[{"href":"https:\/\/puertasmoral.com\/index.php?rest_route=\/wp\/v2\/product\/15910","targetHints":{"allow":["GET"]}}],"collection":[{"href":"https:\/\/puertasmoral.com\/index.php?rest_route=\/wp\/v2\/product"}],"about":[{"href":"https:\/\/puertasmoral.com\/index.php?rest_route=\/wp\/v2\/types\/product"}],"replies":[{"embeddable":true,"href":"https:\/\/puertasmoral.com\/index.php?rest_route=%2Fwp%2Fv2%2Fcomments&post=15910"}],"version-history":[{"count":1,"href":"https:\/\/puertasmoral.com\/index.php?rest_route=\/wp\/v2\/product\/15910\/revisions"}],"predecessor-version":[{"id":15947,"href":"https:\/\/puertasmoral.com\/index.php?rest_route=\/wp\/v2\/product\/15910\/revisions\/15947"}],"wp:featuredmedia":[{"embeddable":true,"href":"https:\/\/puertasmoral.com\/index.php?rest_route=\/wp\/v2\/media\/19100"}],"wp:attachment":[{"href":"https:\/\/puertasmoral.com\/index.php?rest_route=%2Fwp%2Fv2%2Fmedia&parent=15910"}],"wp:term":[{"taxonomy":"product_brand","embeddable":true,"href":"https:\/\/puertasmoral.com\/index.php?rest_route=%2Fwp%2Fv2%2Fproduct_brand&post=15910"},{"taxonomy":"product_cat","embeddable":true,"href":"https:\/\/puertasmoral.com\/index.php?rest_route=%2Fwp%2Fv2%2Fproduct_cat&post=15910"},{"taxonomy":"product_tag","embeddable":true,"href":"https:\/\/puertasmoral.com\/index.php?rest_route=%2Fwp%2Fv2%2Fproduct_tag&post=15910"}],"curies":[{"name":"wp","href":"https:\/\/api.w.org\/{rel}","templated":true}]}}