{"id":15941,"date":"2025-03-23T13:03:28","date_gmt":"2025-03-23T13:03:28","guid":{"rendered":"https:\/\/puertasmoral.com\/769064\/"},"modified":"2025-03-23T14:29:51","modified_gmt":"2025-03-23T14:29:51","slug":"769064","status":"publish","type":"product","link":"https:\/\/puertasmoral.com\/?product=769064","title":{"rendered":"Adaptador AD-3\/8&#8243; FF"},"content":{"rendered":"<p>para todos los taladros atornilladores a bater\u00eda, taladros atornilladores de percusi\u00f3n a bater\u00eda, taladros (excepto DR 20\/DRP 20) y taladros de percusi\u00f3n de Festool con fijaci\u00f3n FastFix<\/p>\n","protected":false},"excerpt":{"rendered":"<p>para todos los taladros atornilladores a bater\u00eda, taladros atornilladores de percusi\u00f3n a bater\u00eda, taladros (excepto DR 20\/DRP 20) y taladros de percusi\u00f3n de Festool con fijaci\u00f3n FastFix<\/p>\n","protected":false},"featured_media":0,"comment_status":"closed","ping_status":"closed","template":"","meta":{"_acf_changed":false},"product_brand":[1503],"product_cat":[797,995,1005,1080,1256],"product_tag":[],"class_list":{"0":"post-15941","1":"product","2":"type-product","3":"status-publish","5":"product_brand-festool","6":"product_cat-festool","7":"product_cat-accesorios","8":"product_cat-taladros-y-atornilladores","9":"product_cat-adaptadores-fastfix","10":"product_cat-adaptadores-de-llaves-tubulares","12":"first","13":"instock","14":"purchasable","15":"product-type-simple"},"acf":[],"_links":{"self":[{"href":"https:\/\/puertasmoral.com\/index.php?rest_route=\/wp\/v2\/product\/15941","targetHints":{"allow":["GET"]}}],"collection":[{"href":"https:\/\/puertasmoral.com\/index.php?rest_route=\/wp\/v2\/product"}],"about":[{"href":"https:\/\/puertasmoral.com\/index.php?rest_route=\/wp\/v2\/types\/product"}],"replies":[{"embeddable":true,"href":"https:\/\/puertasmoral.com\/index.php?rest_route=%2Fwp%2Fv2%2Fcomments&post=15941"}],"version-history":[{"count":1,"href":"https:\/\/puertasmoral.com\/index.php?rest_route=\/wp\/v2\/product\/15941\/revisions"}],"predecessor-version":[{"id":19176,"href":"https:\/\/puertasmoral.com\/index.php?rest_route=\/wp\/v2\/product\/15941\/revisions\/19176"}],"wp:attachment":[{"href":"https:\/\/puertasmoral.com\/index.php?rest_route=%2Fwp%2Fv2%2Fmedia&parent=15941"}],"wp:term":[{"taxonomy":"product_brand","embeddable":true,"href":"https:\/\/puertasmoral.com\/index.php?rest_route=%2Fwp%2Fv2%2Fproduct_brand&post=15941"},{"taxonomy":"product_cat","embeddable":true,"href":"https:\/\/puertasmoral.com\/index.php?rest_route=%2Fwp%2Fv2%2Fproduct_cat&post=15941"},{"taxonomy":"product_tag","embeddable":true,"href":"https:\/\/puertasmoral.com\/index.php?rest_route=%2Fwp%2Fv2%2Fproduct_tag&post=15941"}],"curies":[{"name":"wp","href":"https:\/\/api.w.org\/{rel}","templated":true}]}}