{"id":15953,"date":"2025-03-23T13:03:53","date_gmt":"2025-03-23T13:03:53","guid":{"rendered":"https:\/\/puertasmoral.com\/498974\/"},"modified":"2025-03-23T14:30:10","modified_gmt":"2025-03-23T14:30:10","slug":"498974","status":"publish","type":"product","link":"https:\/\/puertasmoral.com\/?product=498974","title":{"rendered":"Adaptador magn\u00e9tico BH 60 CE-Imp"},"content":{"rendered":"<p>para taladro atornillador a bater\u00eda y taladro atornillador de percusi\u00f3n a bater\u00eda de Festool con fijaci\u00f3n FastFix y mandril WH-CE CENTROTECno apto para TID 18<\/p>\n","protected":false},"excerpt":{"rendered":"<p>para taladro atornillador a bater\u00eda y taladro atornillador de percusi\u00f3n a bater\u00eda de Festool con fijaci\u00f3n FastFix y mandril WH-CE CENTROTECno apto para TID 18<\/p>\n","protected":false},"featured_media":0,"comment_status":"closed","ping_status":"closed","template":"","meta":{"_acf_changed":false},"product_brand":[1503],"product_cat":[797,995,1005,1019,1142],"product_tag":[],"class_list":{"0":"post-15953","1":"product","2":"type-product","3":"status-publish","5":"product_brand-festool","6":"product_cat-festool","7":"product_cat-accesorios","8":"product_cat-taladros-y-atornilladores","9":"product_cat-portapuntas-y-puntas","10":"product_cat-adaptador","12":"first","13":"instock","14":"purchasable","15":"product-type-simple"},"acf":[],"_links":{"self":[{"href":"https:\/\/puertasmoral.com\/index.php?rest_route=\/wp\/v2\/product\/15953","targetHints":{"allow":["GET"]}}],"collection":[{"href":"https:\/\/puertasmoral.com\/index.php?rest_route=\/wp\/v2\/product"}],"about":[{"href":"https:\/\/puertasmoral.com\/index.php?rest_route=\/wp\/v2\/types\/product"}],"replies":[{"embeddable":true,"href":"https:\/\/puertasmoral.com\/index.php?rest_route=%2Fwp%2Fv2%2Fcomments&post=15953"}],"version-history":[{"count":1,"href":"https:\/\/puertasmoral.com\/index.php?rest_route=\/wp\/v2\/product\/15953\/revisions"}],"predecessor-version":[{"id":19199,"href":"https:\/\/puertasmoral.com\/index.php?rest_route=\/wp\/v2\/product\/15953\/revisions\/19199"}],"wp:attachment":[{"href":"https:\/\/puertasmoral.com\/index.php?rest_route=%2Fwp%2Fv2%2Fmedia&parent=15953"}],"wp:term":[{"taxonomy":"product_brand","embeddable":true,"href":"https:\/\/puertasmoral.com\/index.php?rest_route=%2Fwp%2Fv2%2Fproduct_brand&post=15953"},{"taxonomy":"product_cat","embeddable":true,"href":"https:\/\/puertasmoral.com\/index.php?rest_route=%2Fwp%2Fv2%2Fproduct_cat&post=15953"},{"taxonomy":"product_tag","embeddable":true,"href":"https:\/\/puertasmoral.com\/index.php?rest_route=%2Fwp%2Fv2%2Fproduct_tag&post=15953"}],"curies":[{"name":"wp","href":"https:\/\/api.w.org\/{rel}","templated":true}]}}