{"id":15954,"date":"2025-03-23T13:36:14","date_gmt":"2025-03-23T13:36:14","guid":{"rendered":"https:\/\/puertasmoral.com\/577630\/"},"modified":"2025-06-25T09:14:31","modified_gmt":"2025-06-25T09:14:31","slug":"577630","status":"publish","type":"product","link":"https:\/\/puertasmoral.com\/?product=577630","title":{"rendered":"Set de montaje a bater\u00eda T 18+3\/PSC 420 HPC I-Set"},"content":{"rendered":"<p>taladro atornillador a bater\u00eda T18+3 | caladora de p\u00e9ndulo PSC 420 EB | 2x bater\u00eda BP 18 Li 4,0 HPC-ASI | cargador r\u00e1pido TCL 6 | mandril CENTROTEC | adaptador magn\u00e9tico CENTROTEC BH 60 CE-Imp | portabrocas de sujeci\u00f3n r\u00e1pida FastFix 13\u00a0mm KC 13-1\/2-K-FFP | set de hojas de calar: 1 WOOD FINE CUT S 75\/2,5 y 1 WOOD UNIVERSAL S 75\/4 FSG | protecci\u00f3n antiastillas | estuche de puntas BKS SYS3 D5 PZ TX 100 CE | clip de cintur\u00f3n | Systainer SYS3 DF M 237<\/p>\n","protected":false},"excerpt":{"rendered":"<p>taladro atornillador a bater\u00eda T18+3 | caladora de p\u00e9ndulo PSC 420 EB | 2x bater\u00eda BP 18 Li 4,0 HPC-ASI | cargador r\u00e1pido TCL 6 | mandril CENTROTEC | adaptador magn\u00e9tico CENTROTEC BH 60 CE-Imp | portabrocas de sujeci\u00f3n r\u00e1pida FastFix 13\u00a0mm KC 13-1\/2-K-FFP | set de hojas de calar: 1 WOOD FINE CUT S<\/p>\n<div class=\"klb-readmore post-buttons\"><a class=\"btn variant-primary\" href=\"https:\/\/puertasmoral.com\/?product=577630\">Read More <i class=\"klbth-icon-right-arrow\"><\/i><\/a><\/div>\n","protected":false},"featured_media":19200,"comment_status":"closed","ping_status":"closed","template":"","meta":{"_acf_changed":false},"product_brand":[1503],"product_cat":[797,1011,1017,1378],"product_tag":[],"class_list":{"0":"post-15954","1":"product","2":"type-product","3":"status-publish","4":"has-post-thumbnail","6":"product_brand-festool","7":"product_cat-festool","8":"product_cat-productos","9":"product_cat-herramientas-a-bateria","10":"product_cat-sets-de-herramientas-a-bateria-herramientas-a-bateria","12":"first","13":"instock","14":"purchasable","15":"product-type-simple"},"acf":[],"_links":{"self":[{"href":"https:\/\/puertasmoral.com\/index.php?rest_route=\/wp\/v2\/product\/15954","targetHints":{"allow":["GET"]}}],"collection":[{"href":"https:\/\/puertasmoral.com\/index.php?rest_route=\/wp\/v2\/product"}],"about":[{"href":"https:\/\/puertasmoral.com\/index.php?rest_route=\/wp\/v2\/types\/product"}],"replies":[{"embeddable":true,"href":"https:\/\/puertasmoral.com\/index.php?rest_route=%2Fwp%2Fv2%2Fcomments&post=15954"}],"version-history":[{"count":1,"href":"https:\/\/puertasmoral.com\/index.php?rest_route=\/wp\/v2\/product\/15954\/revisions"}],"predecessor-version":[{"id":16025,"href":"https:\/\/puertasmoral.com\/index.php?rest_route=\/wp\/v2\/product\/15954\/revisions\/16025"}],"wp:featuredmedia":[{"embeddable":true,"href":"https:\/\/puertasmoral.com\/index.php?rest_route=\/wp\/v2\/media\/19200"}],"wp:attachment":[{"href":"https:\/\/puertasmoral.com\/index.php?rest_route=%2Fwp%2Fv2%2Fmedia&parent=15954"}],"wp:term":[{"taxonomy":"product_brand","embeddable":true,"href":"https:\/\/puertasmoral.com\/index.php?rest_route=%2Fwp%2Fv2%2Fproduct_brand&post=15954"},{"taxonomy":"product_cat","embeddable":true,"href":"https:\/\/puertasmoral.com\/index.php?rest_route=%2Fwp%2Fv2%2Fproduct_cat&post=15954"},{"taxonomy":"product_tag","embeddable":true,"href":"https:\/\/puertasmoral.com\/index.php?rest_route=%2Fwp%2Fv2%2Fproduct_tag&post=15954"}],"curies":[{"name":"wp","href":"https:\/\/api.w.org\/{rel}","templated":true}]}}