{"id":15981,"date":"2025-03-23T13:04:18","date_gmt":"2025-03-23T13:04:18","guid":{"rendered":"https:\/\/puertasmoral.com\/769067\/"},"modified":"2025-03-23T14:30:44","modified_gmt":"2025-03-23T14:30:44","slug":"769067","status":"publish","type":"product","link":"https:\/\/puertasmoral.com\/?product=769067","title":{"rendered":"Portabrocas de cierre r\u00e1pido KC 13-1\/2-K-FFP"},"content":{"rendered":"<p>para todos los taladros atornilladores a bater\u00eda, taladros atornilladores de percusi\u00f3n a bater\u00eda, taladros (excepto DR 20\/DRP 20) y taladros de percusi\u00f3n de Festool con fijaci\u00f3n FastFix<\/p>\n","protected":false},"excerpt":{"rendered":"<p>para todos los taladros atornilladores a bater\u00eda, taladros atornilladores de percusi\u00f3n a bater\u00eda, taladros (excepto DR 20\/DRP 20) y taladros de percusi\u00f3n de Festool con fijaci\u00f3n FastFix<\/p>\n","protected":false},"featured_media":15982,"comment_status":"closed","ping_status":"closed","template":"","meta":{"_acf_changed":false},"product_brand":[1503],"product_cat":[797,995,1005,1080,1273],"product_tag":[],"class_list":{"0":"post-15981","1":"product","2":"type-product","3":"status-publish","4":"has-post-thumbnail","6":"product_brand-festool","7":"product_cat-festool","8":"product_cat-accesorios","9":"product_cat-taladros-y-atornilladores","10":"product_cat-adaptadores-fastfix","11":"product_cat-portabrocas","13":"first","14":"instock","15":"purchasable","16":"product-type-simple"},"acf":[],"_links":{"self":[{"href":"https:\/\/puertasmoral.com\/index.php?rest_route=\/wp\/v2\/product\/15981","targetHints":{"allow":["GET"]}}],"collection":[{"href":"https:\/\/puertasmoral.com\/index.php?rest_route=\/wp\/v2\/product"}],"about":[{"href":"https:\/\/puertasmoral.com\/index.php?rest_route=\/wp\/v2\/types\/product"}],"replies":[{"embeddable":true,"href":"https:\/\/puertasmoral.com\/index.php?rest_route=%2Fwp%2Fv2%2Fcomments&post=15981"}],"version-history":[{"count":1,"href":"https:\/\/puertasmoral.com\/index.php?rest_route=\/wp\/v2\/product\/15981\/revisions"}],"predecessor-version":[{"id":19250,"href":"https:\/\/puertasmoral.com\/index.php?rest_route=\/wp\/v2\/product\/15981\/revisions\/19250"}],"wp:featuredmedia":[{"embeddable":true,"href":"https:\/\/puertasmoral.com\/index.php?rest_route=\/wp\/v2\/media\/15982"}],"wp:attachment":[{"href":"https:\/\/puertasmoral.com\/index.php?rest_route=%2Fwp%2Fv2%2Fmedia&parent=15981"}],"wp:term":[{"taxonomy":"product_brand","embeddable":true,"href":"https:\/\/puertasmoral.com\/index.php?rest_route=%2Fwp%2Fv2%2Fproduct_brand&post=15981"},{"taxonomy":"product_cat","embeddable":true,"href":"https:\/\/puertasmoral.com\/index.php?rest_route=%2Fwp%2Fv2%2Fproduct_cat&post=15981"},{"taxonomy":"product_tag","embeddable":true,"href":"https:\/\/puertasmoral.com\/index.php?rest_route=%2Fwp%2Fv2%2Fproduct_tag&post=15981"}],"curies":[{"name":"wp","href":"https:\/\/api.w.org\/{rel}","templated":true}]}}