{"id":16013,"date":"2025-03-23T13:04:41","date_gmt":"2025-03-23T13:04:41","guid":{"rendered":"https:\/\/puertasmoral.com\/577258\/"},"modified":"2025-03-23T14:31:10","modified_gmt":"2025-03-23T14:31:10","slug":"577258","status":"publish","type":"product","link":"https:\/\/puertasmoral.com\/?product=577258","title":{"rendered":"Set de limpieza est\u00e1ndar RS-HW D 36-Plus"},"content":{"rendered":"<p>tubo de empu\u00f1adura acodado D 36 HR-K AS | boquilla para suelos D 36 BD 300 | tubos de prolongaci\u00f3n D 36 VR-K AS | boquilla para ranuras D 36 FD-300 | pincel de aspiraci\u00f3n D 36 SP | tubo flexible de aspiraci\u00f3n liso D 36 x 3,5 m antiest\u00e1tico | Systainer SYS3 M 437<\/p>\n<p>para todos los CT<\/p>\n","protected":false},"excerpt":{"rendered":"<p>tubo de empu\u00f1adura acodado D 36 HR-K AS | boquilla para suelos D 36 BD 300 | tubos de prolongaci\u00f3n D 36 VR-K AS | boquilla para ranuras D 36 FD-300 | pincel de aspiraci\u00f3n D 36 SP | tubo flexible de aspiraci\u00f3n liso D 36 x 3,5 m antiest\u00e1tico | Systainer SYS3 M 437<\/p>\n<div class=\"klb-readmore post-buttons\"><a class=\"btn variant-primary\" href=\"https:\/\/puertasmoral.com\/?product=577258\">Read More <i class=\"klbth-icon-right-arrow\"><\/i><\/a><\/div>\n","protected":false},"featured_media":19293,"comment_status":"closed","ping_status":"closed","template":"","meta":{"_acf_changed":false},"product_brand":[1503],"product_cat":[797,995,1077,1098,1281],"product_tag":[],"class_list":{"0":"post-16013","1":"product","2":"type-product","3":"status-publish","4":"has-post-thumbnail","6":"product_brand-festool","7":"product_cat-festool","8":"product_cat-accesorios","9":"product_cat-aspiradores-profesionales","10":"product_cat-mangueras-de-aspiracion-y-accesorios-de-limpieza","11":"product_cat-sets-de-limpieza","13":"first","14":"instock","15":"purchasable","16":"product-type-simple"},"acf":[],"_links":{"self":[{"href":"https:\/\/puertasmoral.com\/index.php?rest_route=\/wp\/v2\/product\/16013","targetHints":{"allow":["GET"]}}],"collection":[{"href":"https:\/\/puertasmoral.com\/index.php?rest_route=\/wp\/v2\/product"}],"about":[{"href":"https:\/\/puertasmoral.com\/index.php?rest_route=\/wp\/v2\/types\/product"}],"replies":[{"embeddable":true,"href":"https:\/\/puertasmoral.com\/index.php?rest_route=%2Fwp%2Fv2%2Fcomments&post=16013"}],"version-history":[{"count":1,"href":"https:\/\/puertasmoral.com\/index.php?rest_route=\/wp\/v2\/product\/16013\/revisions"}],"predecessor-version":[{"id":19292,"href":"https:\/\/puertasmoral.com\/index.php?rest_route=\/wp\/v2\/product\/16013\/revisions\/19292"}],"wp:featuredmedia":[{"embeddable":true,"href":"https:\/\/puertasmoral.com\/index.php?rest_route=\/wp\/v2\/media\/19293"}],"wp:attachment":[{"href":"https:\/\/puertasmoral.com\/index.php?rest_route=%2Fwp%2Fv2%2Fmedia&parent=16013"}],"wp:term":[{"taxonomy":"product_brand","embeddable":true,"href":"https:\/\/puertasmoral.com\/index.php?rest_route=%2Fwp%2Fv2%2Fproduct_brand&post=16013"},{"taxonomy":"product_cat","embeddable":true,"href":"https:\/\/puertasmoral.com\/index.php?rest_route=%2Fwp%2Fv2%2Fproduct_cat&post=16013"},{"taxonomy":"product_tag","embeddable":true,"href":"https:\/\/puertasmoral.com\/index.php?rest_route=%2Fwp%2Fv2%2Fproduct_tag&post=16013"}],"curies":[{"name":"wp","href":"https:\/\/api.w.org\/{rel}","templated":true}]}}