{"id":16031,"date":"2025-03-23T13:18:35","date_gmt":"2025-03-23T13:18:35","guid":{"rendered":"https:\/\/puertasmoral.com\/576804\/"},"modified":"2025-03-23T14:45:44","modified_gmt":"2025-03-23T14:45:44","slug":"576804","status":"publish","type":"product","link":"https:\/\/puertasmoral.com\/?product=576804","title":{"rendered":"Set de montaje SYS3 M 89 ORG CE-SORT"},"content":{"rendered":"<p>broca espiral D 3 CE\/W (\u00d8 3 mm) | broca espiral D 4 CE\/W (\u00d8 4 mm) | broca espiral D 5 CE\/W (\u00d8 5 mm) | broca espiral D 6 CE\/W (\u00d8 6 mm) | broca espiral D 8 CE\/W (\u00d8 8 mm) | broca espiral D 10 CE\/W (\u00d8 10mm) | adaptador magn\u00e9tico CENTROTEC BH 60 CE-Imp | adaptador magn\u00e9tico BV 150 CE | avellanador de orificios transversales QLS D2-8 CE | avellanador de orificios transversales QLS D5-15 CE | broca con tope de profundidad BTA HW D5 CE | avellanador perforador con tope de profundidad BSTA HS D3,5 CE | broca centradora ZB HS D5 EURO CE | atornillador para ganchos HD D18 CE | surtido de puntas twinBOX BB-MIX | estuche de brocas BKS D3-8 CE\/W-K | 12 puntas CENTROTEC de 100 mm: PZ1\/PZ2\/PZ3\/PH1\/PH2\/PH3\/TX15\/TX20\/TX25\/TX30\/SZ0,8&#215;5,5\/SZ1,2&#215;6,5 | 60 puntas de 25 mm, 5 de cada modelo: PZ1\/PZ2\/PZ3\/PH1\/PH2\/PH3\/TX10\/TX15\/TX20\/TX25\/TX30\/TX40 | adaptador de cambio r\u00e1pido CENTROTEC BHS 60 CE | destornillador SD-CE-Drive-UNI | mandril CENTROTEC | Systainer SYS3 ORG M 89<\/p>\n<p>para taladro atornillador a bater\u00eda y taladro atornillador de percusi\u00f3n a bater\u00eda de Festool con fijaci\u00f3n FastFix y mandril WH-CE CENTROTEC<\/p>\n","protected":false},"excerpt":{"rendered":"<p>broca espiral D 3 CE\/W (\u00d8 3 mm) | broca espiral D 4 CE\/W (\u00d8 4 mm) | broca espiral D 5 CE\/W (\u00d8 5 mm) | broca espiral D 6 CE\/W (\u00d8 6 mm) | broca espiral D 8 CE\/W (\u00d8 8 mm) | broca espiral D 10 CE\/W (\u00d8 10mm) | adaptador magn\u00e9tico<\/p>\n<div class=\"klb-readmore post-buttons\"><a class=\"btn variant-primary\" href=\"https:\/\/puertasmoral.com\/?product=576804\">Read More <i class=\"klbth-icon-right-arrow\"><\/i><\/a><\/div>\n","protected":false},"featured_media":19333,"comment_status":"closed","ping_status":"closed","template":"","meta":{"_acf_changed":false},"product_brand":[1503],"product_cat":[797,995,1005,1095,1293],"product_tag":[],"class_list":{"0":"post-16031","1":"product","2":"type-product","3":"status-publish","4":"has-post-thumbnail","6":"product_brand-festool","7":"product_cat-festool","8":"product_cat-accesorios","9":"product_cat-taladros-y-atornilladores","10":"product_cat-ampliaciones-del-sistema-taladros-y-atornilladores","11":"product_cat-sets-de-accesorios","13":"first","14":"instock","15":"purchasable","16":"product-type-simple"},"acf":[],"_links":{"self":[{"href":"https:\/\/puertasmoral.com\/index.php?rest_route=\/wp\/v2\/product\/16031","targetHints":{"allow":["GET"]}}],"collection":[{"href":"https:\/\/puertasmoral.com\/index.php?rest_route=\/wp\/v2\/product"}],"about":[{"href":"https:\/\/puertasmoral.com\/index.php?rest_route=\/wp\/v2\/types\/product"}],"replies":[{"embeddable":true,"href":"https:\/\/puertasmoral.com\/index.php?rest_route=%2Fwp%2Fv2%2Fcomments&post=16031"}],"version-history":[{"count":1,"href":"https:\/\/puertasmoral.com\/index.php?rest_route=\/wp\/v2\/product\/16031\/revisions"}],"predecessor-version":[{"id":16622,"href":"https:\/\/puertasmoral.com\/index.php?rest_route=\/wp\/v2\/product\/16031\/revisions\/16622"}],"wp:featuredmedia":[{"embeddable":true,"href":"https:\/\/puertasmoral.com\/index.php?rest_route=\/wp\/v2\/media\/19333"}],"wp:attachment":[{"href":"https:\/\/puertasmoral.com\/index.php?rest_route=%2Fwp%2Fv2%2Fmedia&parent=16031"}],"wp:term":[{"taxonomy":"product_brand","embeddable":true,"href":"https:\/\/puertasmoral.com\/index.php?rest_route=%2Fwp%2Fv2%2Fproduct_brand&post=16031"},{"taxonomy":"product_cat","embeddable":true,"href":"https:\/\/puertasmoral.com\/index.php?rest_route=%2Fwp%2Fv2%2Fproduct_cat&post=16031"},{"taxonomy":"product_tag","embeddable":true,"href":"https:\/\/puertasmoral.com\/index.php?rest_route=%2Fwp%2Fv2%2Fproduct_tag&post=16031"}],"curies":[{"name":"wp","href":"https:\/\/api.w.org\/{rel}","templated":true}]}}