{"id":16081,"date":"2025-03-23T13:28:20","date_gmt":"2025-03-23T13:28:20","guid":{"rendered":"https:\/\/puertasmoral.com\/204857\/"},"modified":"2025-03-23T14:55:29","modified_gmt":"2025-03-23T14:55:29","slug":"204857","status":"publish","type":"product","link":"https:\/\/puertasmoral.com\/?product=204857","title":{"rendered":"Systainer\u00b3 Organizer SYS3 ORG L 89 10x ESB"},"content":{"rendered":"<p>caja de aplicaci\u00f3n 50 x 50 x 68 | 4x caja de aplicaci\u00f3n 50 x 100 x 68 | caja de aplicaci\u00f3n 100 x 100 x 68 | 3x caja de aplicaci\u00f3n 100 x 150 x 68 | caja de aplicaci\u00f3n 100 x 350 x 68<\/p>\n","protected":false},"excerpt":{"rendered":"<p>caja de aplicaci\u00f3n 50 x 50 x 68 | 4x caja de aplicaci\u00f3n 50 x 100 x 68 | caja de aplicaci\u00f3n 100 x 100 x 68 | 3x caja de aplicaci\u00f3n 100 x 150 x 68 | caja de aplicaci\u00f3n 100 x 350 x 68<\/p>\n","protected":false},"featured_media":19436,"comment_status":"closed","ping_status":"closed","template":"","meta":{"_acf_changed":false},"product_brand":[1503],"product_cat":[797,995,1005,1095,1424],"product_tag":[],"class_list":{"0":"post-16081","1":"product","2":"type-product","3":"status-publish","4":"has-post-thumbnail","6":"product_brand-festool","7":"product_cat-festool","8":"product_cat-accesorios","9":"product_cat-taladros-y-atornilladores","10":"product_cat-ampliaciones-del-sistema-taladros-y-atornilladores","11":"product_cat-organizer-l-ampliaciones-del-sistema-taladros-y-atornilladores","13":"first","14":"instock","15":"purchasable","16":"product-type-simple"},"acf":[],"_links":{"self":[{"href":"https:\/\/puertasmoral.com\/index.php?rest_route=\/wp\/v2\/product\/16081","targetHints":{"allow":["GET"]}}],"collection":[{"href":"https:\/\/puertasmoral.com\/index.php?rest_route=\/wp\/v2\/product"}],"about":[{"href":"https:\/\/puertasmoral.com\/index.php?rest_route=\/wp\/v2\/types\/product"}],"replies":[{"embeddable":true,"href":"https:\/\/puertasmoral.com\/index.php?rest_route=%2Fwp%2Fv2%2Fcomments&post=16081"}],"version-history":[{"count":1,"href":"https:\/\/puertasmoral.com\/index.php?rest_route=\/wp\/v2\/product\/16081\/revisions"}],"predecessor-version":[{"id":17081,"href":"https:\/\/puertasmoral.com\/index.php?rest_route=\/wp\/v2\/product\/16081\/revisions\/17081"}],"wp:featuredmedia":[{"embeddable":true,"href":"https:\/\/puertasmoral.com\/index.php?rest_route=\/wp\/v2\/media\/19436"}],"wp:attachment":[{"href":"https:\/\/puertasmoral.com\/index.php?rest_route=%2Fwp%2Fv2%2Fmedia&parent=16081"}],"wp:term":[{"taxonomy":"product_brand","embeddable":true,"href":"https:\/\/puertasmoral.com\/index.php?rest_route=%2Fwp%2Fv2%2Fproduct_brand&post=16081"},{"taxonomy":"product_cat","embeddable":true,"href":"https:\/\/puertasmoral.com\/index.php?rest_route=%2Fwp%2Fv2%2Fproduct_cat&post=16081"},{"taxonomy":"product_tag","embeddable":true,"href":"https:\/\/puertasmoral.com\/index.php?rest_route=%2Fwp%2Fv2%2Fproduct_tag&post=16081"}],"curies":[{"name":"wp","href":"https:\/\/api.w.org\/{rel}","templated":true}]}}