{"id":16154,"date":"2025-03-23T13:08:21","date_gmt":"2025-03-23T13:08:21","guid":{"rendered":"https:\/\/puertasmoral.com\/769540\/"},"modified":"2025-03-23T14:34:32","modified_gmt":"2025-03-23T14:34:32","slug":"769540","status":"publish","type":"product","link":"https:\/\/puertasmoral.com\/?product=769540","title":{"rendered":"Accesorios para ahuecar RS-HK 160&#215;80"},"content":{"rendered":"<p>cabezal para entallar \u00d8 160 x 80 mm | 3x cuchilla de cepillo de carburo 80 x 13 x 2,2 mm | cuchilla para corte previo de carburo 14 x 14 x 2,0 mm | caperuza de protecci\u00f3n (fija) | caperuza de protecci\u00f3n (m\u00f3vil) | barras tensoras | pasador para el cambio de herramienta | destornillador de 7 x 125 mm | llave Allen<\/p>\n<p>para HK 132, CSP 132<\/p>\n","protected":false},"excerpt":{"rendered":"<p>cabezal para entallar \u00d8 160 x 80 mm | 3x cuchilla de cepillo de carburo 80 x 13 x 2,2 mm | cuchilla para corte previo de carburo 14 x 14 x 2,0 mm | caperuza de protecci\u00f3n (fija) | caperuza de protecci\u00f3n (m\u00f3vil) | barras tensoras | pasador para el cambio de herramienta |<\/p>\n<div class=\"klb-readmore post-buttons\"><a class=\"btn variant-primary\" href=\"https:\/\/puertasmoral.com\/?product=769540\">Read More <i class=\"klbth-icon-right-arrow\"><\/i><\/a><\/div>\n","protected":false},"featured_media":19609,"comment_status":"closed","ping_status":"closed","template":"","meta":{"_acf_changed":false},"product_brand":[1503],"product_cat":[797,995,1008,1116,1312],"product_tag":[],"class_list":{"0":"post-16154","1":"product","2":"type-product","3":"status-publish","4":"has-post-thumbnail","6":"product_brand-festool","7":"product_cat-festool","8":"product_cat-accesorios","9":"product_cat-sierras","10":"product_cat-accesorios-de-maquinas-sierras","11":"product_cat-dispositivo-para-ranuras","13":"first","14":"instock","15":"purchasable","16":"product-type-simple"},"acf":[],"_links":{"self":[{"href":"https:\/\/puertasmoral.com\/index.php?rest_route=\/wp\/v2\/product\/16154","targetHints":{"allow":["GET"]}}],"collection":[{"href":"https:\/\/puertasmoral.com\/index.php?rest_route=\/wp\/v2\/product"}],"about":[{"href":"https:\/\/puertasmoral.com\/index.php?rest_route=\/wp\/v2\/types\/product"}],"replies":[{"embeddable":true,"href":"https:\/\/puertasmoral.com\/index.php?rest_route=%2Fwp%2Fv2%2Fcomments&post=16154"}],"version-history":[{"count":1,"href":"https:\/\/puertasmoral.com\/index.php?rest_route=\/wp\/v2\/product\/16154\/revisions"}],"predecessor-version":[{"id":19608,"href":"https:\/\/puertasmoral.com\/index.php?rest_route=\/wp\/v2\/product\/16154\/revisions\/19608"}],"wp:featuredmedia":[{"embeddable":true,"href":"https:\/\/puertasmoral.com\/index.php?rest_route=\/wp\/v2\/media\/19609"}],"wp:attachment":[{"href":"https:\/\/puertasmoral.com\/index.php?rest_route=%2Fwp%2Fv2%2Fmedia&parent=16154"}],"wp:term":[{"taxonomy":"product_brand","embeddable":true,"href":"https:\/\/puertasmoral.com\/index.php?rest_route=%2Fwp%2Fv2%2Fproduct_brand&post=16154"},{"taxonomy":"product_cat","embeddable":true,"href":"https:\/\/puertasmoral.com\/index.php?rest_route=%2Fwp%2Fv2%2Fproduct_cat&post=16154"},{"taxonomy":"product_tag","embeddable":true,"href":"https:\/\/puertasmoral.com\/index.php?rest_route=%2Fwp%2Fv2%2Fproduct_tag&post=16154"}],"curies":[{"name":"wp","href":"https:\/\/api.w.org\/{rel}","templated":true}]}}