{"id":16165,"date":"2025-03-23T13:08:46","date_gmt":"2025-03-23T13:08:46","guid":{"rendered":"https:\/\/puertasmoral.com\/495131\/"},"modified":"2025-03-23T14:34:49","modified_gmt":"2025-03-23T14:34:49","slug":"495131","status":"publish","type":"product","link":"https:\/\/puertasmoral.com\/?product=495131","title":{"rendered":"Adaptador CENTROTEC1\/4&#8243;-50 CE\/KG"},"content":{"rendered":"<p>para taladro atornillador a bater\u00eda y taladro atornillador de percusi\u00f3n a bater\u00eda de Festool con fijaci\u00f3n FastFix y mandril WH-CE CENTROTEC<\/p>\n","protected":false},"excerpt":{"rendered":"<p>para taladro atornillador a bater\u00eda y taladro atornillador de percusi\u00f3n a bater\u00eda de Festool con fijaci\u00f3n FastFix y mandril WH-CE CENTROTEC<\/p>\n","protected":false},"featured_media":0,"comment_status":"closed","ping_status":"closed","template":"","meta":{"_acf_changed":false},"product_brand":[1503],"product_cat":[797,995,1005,1019,1034],"product_tag":[],"class_list":{"0":"post-16165","1":"product","2":"type-product","3":"status-publish","5":"product_brand-festool","6":"product_cat-festool","7":"product_cat-accesorios","8":"product_cat-taladros-y-atornilladores","9":"product_cat-portapuntas-y-puntas","10":"product_cat-llaves-tubulares-y-adaptadores","12":"first","13":"instock","14":"purchasable","15":"product-type-simple"},"acf":[],"_links":{"self":[{"href":"https:\/\/puertasmoral.com\/index.php?rest_route=\/wp\/v2\/product\/16165","targetHints":{"allow":["GET"]}}],"collection":[{"href":"https:\/\/puertasmoral.com\/index.php?rest_route=\/wp\/v2\/product"}],"about":[{"href":"https:\/\/puertasmoral.com\/index.php?rest_route=\/wp\/v2\/types\/product"}],"replies":[{"embeddable":true,"href":"https:\/\/puertasmoral.com\/index.php?rest_route=%2Fwp%2Fv2%2Fcomments&post=16165"}],"version-history":[{"count":1,"href":"https:\/\/puertasmoral.com\/index.php?rest_route=\/wp\/v2\/product\/16165\/revisions"}],"predecessor-version":[{"id":19628,"href":"https:\/\/puertasmoral.com\/index.php?rest_route=\/wp\/v2\/product\/16165\/revisions\/19628"}],"wp:attachment":[{"href":"https:\/\/puertasmoral.com\/index.php?rest_route=%2Fwp%2Fv2%2Fmedia&parent=16165"}],"wp:term":[{"taxonomy":"product_brand","embeddable":true,"href":"https:\/\/puertasmoral.com\/index.php?rest_route=%2Fwp%2Fv2%2Fproduct_brand&post=16165"},{"taxonomy":"product_cat","embeddable":true,"href":"https:\/\/puertasmoral.com\/index.php?rest_route=%2Fwp%2Fv2%2Fproduct_cat&post=16165"},{"taxonomy":"product_tag","embeddable":true,"href":"https:\/\/puertasmoral.com\/index.php?rest_route=%2Fwp%2Fv2%2Fproduct_tag&post=16165"}],"curies":[{"name":"wp","href":"https:\/\/api.w.org\/{rel}","templated":true}]}}