{"id":16174,"date":"2025-03-23T13:08:46","date_gmt":"2025-03-23T13:08:46","guid":{"rendered":"https:\/\/puertasmoral.com\/578090\/"},"modified":"2025-03-23T14:34:55","modified_gmt":"2025-03-23T14:34:55","slug":"578090","status":"publish","type":"product","link":"https:\/\/puertasmoral.com\/?product=578090","title":{"rendered":"M\u00f3dulo neum\u00e1tico DL I-CT 26-48"},"content":{"rendered":"<p>soporte | cinta de fijaci\u00f3n<\/p>\n<p>para CT 26\/36\/48 EI fabricado a partir de 2025<\/p>\n","protected":false},"excerpt":{"rendered":"<p>soporte | cinta de fijaci\u00f3n para CT 26\/36\/48 EI fabricado a partir de 2025<\/p>\n","protected":false},"featured_media":19637,"comment_status":"closed","ping_status":"closed","template":"","meta":{"_acf_changed":false},"product_brand":[1503],"product_cat":[797,995,1077,1082,1168],"product_tag":[],"class_list":{"0":"post-16174","1":"product","2":"type-product","3":"status-publish","4":"has-post-thumbnail","6":"product_brand-festool","7":"product_cat-festool","8":"product_cat-accesorios","9":"product_cat-aspiradores-profesionales","10":"product_cat-ampliaciones-del-sistema","11":"product_cat-modulos","13":"first","14":"instock","15":"purchasable","16":"product-type-simple"},"acf":[],"_links":{"self":[{"href":"https:\/\/puertasmoral.com\/index.php?rest_route=\/wp\/v2\/product\/16174","targetHints":{"allow":["GET"]}}],"collection":[{"href":"https:\/\/puertasmoral.com\/index.php?rest_route=\/wp\/v2\/product"}],"about":[{"href":"https:\/\/puertasmoral.com\/index.php?rest_route=\/wp\/v2\/types\/product"}],"replies":[{"embeddable":true,"href":"https:\/\/puertasmoral.com\/index.php?rest_route=%2Fwp%2Fv2%2Fcomments&post=16174"}],"version-history":[{"count":1,"href":"https:\/\/puertasmoral.com\/index.php?rest_route=\/wp\/v2\/product\/16174\/revisions"}],"predecessor-version":[{"id":19636,"href":"https:\/\/puertasmoral.com\/index.php?rest_route=\/wp\/v2\/product\/16174\/revisions\/19636"}],"wp:featuredmedia":[{"embeddable":true,"href":"https:\/\/puertasmoral.com\/index.php?rest_route=\/wp\/v2\/media\/19637"}],"wp:attachment":[{"href":"https:\/\/puertasmoral.com\/index.php?rest_route=%2Fwp%2Fv2%2Fmedia&parent=16174"}],"wp:term":[{"taxonomy":"product_brand","embeddable":true,"href":"https:\/\/puertasmoral.com\/index.php?rest_route=%2Fwp%2Fv2%2Fproduct_brand&post=16174"},{"taxonomy":"product_cat","embeddable":true,"href":"https:\/\/puertasmoral.com\/index.php?rest_route=%2Fwp%2Fv2%2Fproduct_cat&post=16174"},{"taxonomy":"product_tag","embeddable":true,"href":"https:\/\/puertasmoral.com\/index.php?rest_route=%2Fwp%2Fv2%2Fproduct_tag&post=16174"}],"curies":[{"name":"wp","href":"https:\/\/api.w.org\/{rel}","templated":true}]}}