{"id":16180,"date":"2025-03-23T13:36:42","date_gmt":"2025-03-23T13:36:42","guid":{"rendered":"https:\/\/puertasmoral.com\/577402\/"},"modified":"2025-03-23T15:03:23","modified_gmt":"2025-03-23T15:03:23","slug":"577402","status":"publish","type":"product","link":"https:\/\/puertasmoral.com\/?product=577402","title":{"rendered":"Estuche de brocas BKS SYS3 D3-10 HSS CE"},"content":{"rendered":"<p>brocas de metal D3 HSS CE | brocas de metal D4 HSS CE | brocas de metal D5 HSS CE | brocas de metal D6 HSS CE | brocas de metal D8 HSS CE | brocas de metal D10 HSS CE<\/p>\n<p>para taladro atornillador a bater\u00eda y taladro atornillador de percusi\u00f3n a bater\u00eda de Festool con fijaci\u00f3n FastFix y mandril WH-CE CENTROTECpara Systainer\u00b3 con compartimento en la tapa o utilizable como caja independiente<\/p>\n","protected":false},"excerpt":{"rendered":"<p>brocas de metal D3 HSS CE | brocas de metal D4 HSS CE | brocas de metal D5 HSS CE | brocas de metal D6 HSS CE | brocas de metal D8 HSS CE | brocas de metal D10 HSS CE para taladro atornillador a bater\u00eda y taladro atornillador de percusi\u00f3n a bater\u00eda de Festool<\/p>\n<div class=\"klb-readmore post-buttons\"><a class=\"btn variant-primary\" href=\"https:\/\/puertasmoral.com\/?product=577402\">Read More <i class=\"klbth-icon-right-arrow\"><\/i><\/a><\/div>\n","protected":false},"featured_media":19647,"comment_status":"closed","ping_status":"closed","template":"","meta":{"_acf_changed":false},"product_brand":[1503],"product_cat":[797,995,1005,1006,1416],"product_tag":[],"class_list":{"0":"post-16180","1":"product","2":"type-product","3":"status-publish","4":"has-post-thumbnail","6":"product_brand-festool","7":"product_cat-festool","8":"product_cat-accesorios","9":"product_cat-taladros-y-atornilladores","10":"product_cat-broca","11":"product_cat-estuches-para-brocas","13":"first","14":"instock","15":"purchasable","16":"product-type-simple"},"acf":[],"_links":{"self":[{"href":"https:\/\/puertasmoral.com\/index.php?rest_route=\/wp\/v2\/product\/16180","targetHints":{"allow":["GET"]}}],"collection":[{"href":"https:\/\/puertasmoral.com\/index.php?rest_route=\/wp\/v2\/product"}],"about":[{"href":"https:\/\/puertasmoral.com\/index.php?rest_route=\/wp\/v2\/types\/product"}],"replies":[{"embeddable":true,"href":"https:\/\/puertasmoral.com\/index.php?rest_route=%2Fwp%2Fv2%2Fcomments&post=16180"}],"version-history":[{"count":1,"href":"https:\/\/puertasmoral.com\/index.php?rest_route=\/wp\/v2\/product\/16180\/revisions"}],"predecessor-version":[{"id":16934,"href":"https:\/\/puertasmoral.com\/index.php?rest_route=\/wp\/v2\/product\/16180\/revisions\/16934"}],"wp:featuredmedia":[{"embeddable":true,"href":"https:\/\/puertasmoral.com\/index.php?rest_route=\/wp\/v2\/media\/19647"}],"wp:attachment":[{"href":"https:\/\/puertasmoral.com\/index.php?rest_route=%2Fwp%2Fv2%2Fmedia&parent=16180"}],"wp:term":[{"taxonomy":"product_brand","embeddable":true,"href":"https:\/\/puertasmoral.com\/index.php?rest_route=%2Fwp%2Fv2%2Fproduct_brand&post=16180"},{"taxonomy":"product_cat","embeddable":true,"href":"https:\/\/puertasmoral.com\/index.php?rest_route=%2Fwp%2Fv2%2Fproduct_cat&post=16180"},{"taxonomy":"product_tag","embeddable":true,"href":"https:\/\/puertasmoral.com\/index.php?rest_route=%2Fwp%2Fv2%2Fproduct_tag&post=16180"}],"curies":[{"name":"wp","href":"https:\/\/api.w.org\/{rel}","templated":true}]}}