{"id":16200,"date":"2025-03-23T13:11:36","date_gmt":"2025-03-23T13:11:36","guid":{"rendered":"https:\/\/puertasmoral.com\/577860\/"},"modified":"2025-03-23T14:38:00","modified_gmt":"2025-03-23T14:38:00","slug":"577860","status":"publish","type":"product","link":"https:\/\/puertasmoral.com\/?product=577860","title":{"rendered":"Aspirador profesional CLEANTECCTM 36 EI AC-RENOFIX"},"content":{"rendered":"<p>filtro principal alto rendimiento | bolsa de evacuaci\u00f3n | tubo flexible de aspiraci\u00f3n liso \u00d8 36\/32 \u00d7 3,5\u00a0m-AS\/R con manguitos de conexi\u00f3n giratorios | Cierre corredero ComfortClean<\/p>\n","protected":false},"excerpt":{"rendered":"<p>filtro principal alto rendimiento | bolsa de evacuaci\u00f3n | tubo flexible de aspiraci\u00f3n liso \u00d8 36\/32 \u00d7 3,5\u00a0m-AS\/R con manguitos de conexi\u00f3n giratorios | Cierre corredero ComfortClean<\/p>\n","protected":false},"featured_media":19678,"comment_status":"closed","ping_status":"closed","template":"","meta":{"_acf_changed":false},"product_brand":[1503],"product_cat":[797,1011,1121],"product_tag":[],"class_list":{"0":"post-16200","1":"product","2":"type-product","3":"status-publish","4":"has-post-thumbnail","6":"product_brand-festool","7":"product_cat-festool","8":"product_cat-productos","9":"product_cat-aspiradores-profesionales-productos","11":"first","12":"instock","13":"purchasable","14":"product-type-simple"},"acf":[],"_links":{"self":[{"href":"https:\/\/puertasmoral.com\/index.php?rest_route=\/wp\/v2\/product\/16200","targetHints":{"allow":["GET"]}}],"collection":[{"href":"https:\/\/puertasmoral.com\/index.php?rest_route=\/wp\/v2\/product"}],"about":[{"href":"https:\/\/puertasmoral.com\/index.php?rest_route=\/wp\/v2\/types\/product"}],"replies":[{"embeddable":true,"href":"https:\/\/puertasmoral.com\/index.php?rest_route=%2Fwp%2Fv2%2Fcomments&post=16200"}],"version-history":[{"count":1,"href":"https:\/\/puertasmoral.com\/index.php?rest_route=\/wp\/v2\/product\/16200\/revisions"}],"predecessor-version":[{"id":16296,"href":"https:\/\/puertasmoral.com\/index.php?rest_route=\/wp\/v2\/product\/16200\/revisions\/16296"}],"wp:featuredmedia":[{"embeddable":true,"href":"https:\/\/puertasmoral.com\/index.php?rest_route=\/wp\/v2\/media\/19678"}],"wp:attachment":[{"href":"https:\/\/puertasmoral.com\/index.php?rest_route=%2Fwp%2Fv2%2Fmedia&parent=16200"}],"wp:term":[{"taxonomy":"product_brand","embeddable":true,"href":"https:\/\/puertasmoral.com\/index.php?rest_route=%2Fwp%2Fv2%2Fproduct_brand&post=16200"},{"taxonomy":"product_cat","embeddable":true,"href":"https:\/\/puertasmoral.com\/index.php?rest_route=%2Fwp%2Fv2%2Fproduct_cat&post=16200"},{"taxonomy":"product_tag","embeddable":true,"href":"https:\/\/puertasmoral.com\/index.php?rest_route=%2Fwp%2Fv2%2Fproduct_tag&post=16200"}],"curies":[{"name":"wp","href":"https:\/\/api.w.org\/{rel}","templated":true}]}}