{"id":16261,"date":"2025-03-23T13:10:37","date_gmt":"2025-03-23T13:10:37","guid":{"rendered":"https:\/\/puertasmoral.com\/495128\/"},"modified":"2025-03-23T14:37:03","modified_gmt":"2025-03-23T14:37:03","slug":"495128","status":"publish","type":"product","link":"https:\/\/puertasmoral.com\/?product=495128","title":{"rendered":"Estuche de brocas HSS D3-10 CE\/10"},"content":{"rendered":"<p>broca espiral HSS D 3\/33 CE\/M-Set (\u00d8 3 mm) | broca espiral HSS D 3,5\/39 CE\/M-Set (\u00d8 3,5 mm) | broca espiral HSS D 4\/43 CE\/M-Set (\u00d8 4 mm) | broca espiral HSS D 4,5\/47 CE\/M-Set (\u00d8 4,5 mm) | broca espiral HSS D 5\/52 CE\/M-Set (\u00d8 5 mm) | broca espiral HSS D 5,5\/57 CE\/M-Set (\u00d8 5,5 mm) | broca espiral HSS D 6\/57 CE\/M-Set (\u00d8 6 mm) | broca espiral HSS D 6,5\/63 CE\/M-Set (\u00d8 6,5 mm) | broca espiral HSS D 8,0\/75 CE\/M-Set (\u00d8 8 mm) | broca espiral HSS D 10,0\/75 CE\/M-Set (\u00d8 10 mm) | llave Allen | Cont. del pqte.: 10,00 Unidades<\/p>\n<p>para taladro atornillador a bater\u00eda y taladro atornillador de percusi\u00f3n a bater\u00eda de Festool con fijaci\u00f3n FastFix y mandril WH-CE CENTROTEC<\/p>\n","protected":false},"excerpt":{"rendered":"<p>broca espiral HSS D 3\/33 CE\/M-Set (\u00d8 3 mm) | broca espiral HSS D 3,5\/39 CE\/M-Set (\u00d8 3,5 mm) | broca espiral HSS D 4\/43 CE\/M-Set (\u00d8 4 mm) | broca espiral HSS D 4,5\/47 CE\/M-Set (\u00d8 4,5 mm) | broca espiral HSS D 5\/52 CE\/M-Set (\u00d8 5 mm) | broca espiral HSS D 5,5\/57<\/p>\n<div class=\"klb-readmore post-buttons\"><a class=\"btn variant-primary\" href=\"https:\/\/puertasmoral.com\/?product=495128\">Read More <i class=\"klbth-icon-right-arrow\"><\/i><\/a><\/div>\n","protected":false},"featured_media":19808,"comment_status":"closed","ping_status":"closed","template":"","meta":{"_acf_changed":false},"product_brand":[1503],"product_cat":[797,995,1005,1006,1094],"product_tag":[],"class_list":{"0":"post-16261","1":"product","2":"type-product","3":"status-publish","4":"has-post-thumbnail","6":"product_brand-festool","7":"product_cat-festool","8":"product_cat-accesorios","9":"product_cat-taladros-y-atornilladores","10":"product_cat-broca","11":"product_cat-brocas-de-metal-hss","13":"first","14":"instock","15":"purchasable","16":"product-type-simple"},"acf":[],"_links":{"self":[{"href":"https:\/\/puertasmoral.com\/index.php?rest_route=\/wp\/v2\/product\/16261","targetHints":{"allow":["GET"]}}],"collection":[{"href":"https:\/\/puertasmoral.com\/index.php?rest_route=\/wp\/v2\/product"}],"about":[{"href":"https:\/\/puertasmoral.com\/index.php?rest_route=\/wp\/v2\/types\/product"}],"replies":[{"embeddable":true,"href":"https:\/\/puertasmoral.com\/index.php?rest_route=%2Fwp%2Fv2%2Fcomments&post=16261"}],"version-history":[{"count":1,"href":"https:\/\/puertasmoral.com\/index.php?rest_route=\/wp\/v2\/product\/16261\/revisions"}],"predecessor-version":[{"id":19807,"href":"https:\/\/puertasmoral.com\/index.php?rest_route=\/wp\/v2\/product\/16261\/revisions\/19807"}],"wp:featuredmedia":[{"embeddable":true,"href":"https:\/\/puertasmoral.com\/index.php?rest_route=\/wp\/v2\/media\/19808"}],"wp:attachment":[{"href":"https:\/\/puertasmoral.com\/index.php?rest_route=%2Fwp%2Fv2%2Fmedia&parent=16261"}],"wp:term":[{"taxonomy":"product_brand","embeddable":true,"href":"https:\/\/puertasmoral.com\/index.php?rest_route=%2Fwp%2Fv2%2Fproduct_brand&post=16261"},{"taxonomy":"product_cat","embeddable":true,"href":"https:\/\/puertasmoral.com\/index.php?rest_route=%2Fwp%2Fv2%2Fproduct_cat&post=16261"},{"taxonomy":"product_tag","embeddable":true,"href":"https:\/\/puertasmoral.com\/index.php?rest_route=%2Fwp%2Fv2%2Fproduct_tag&post=16261"}],"curies":[{"name":"wp","href":"https:\/\/api.w.org\/{rel}","templated":true}]}}