{"id":16331,"date":"2025-03-23T13:33:21","date_gmt":"2025-03-23T13:33:21","guid":{"rendered":"https:\/\/puertasmoral.com\/577654\/"},"modified":"2025-03-23T15:00:16","modified_gmt":"2025-03-23T15:00:16","slug":"577654","status":"publish","type":"product","link":"https:\/\/puertasmoral.com\/?product=577654","title":{"rendered":"Set de taladro atornillador y atornillador de impacto TID 18 5,0\/4,0-Set TPC 18\/4"},"content":{"rendered":"<p>Atornillador de impacto a bater\u00eda TID 18 | Taladro atornillador con percusi\u00f3n a bater\u00eda TPC 18\/4 | bater\u00eda BP 18 Li 4,0 HPC-ASI | bater\u00eda BP 18 Li 5,0 ASI | cargador r\u00e1pido TCL 6 | portabrocas de sujeci\u00f3n r\u00e1pida FastFix 13\u00a0mm KC 13-1\/2-MMFP | \u00e1ngulo adicional FastFix | mango adicional | clip de cintur\u00f3n | Systainer SYS3 M 237<\/p>\n","protected":false},"excerpt":{"rendered":"<p>Atornillador de impacto a bater\u00eda TID 18 | Taladro atornillador con percusi\u00f3n a bater\u00eda TPC 18\/4 | bater\u00eda BP 18 Li 4,0 HPC-ASI | bater\u00eda BP 18 Li 5,0 ASI | cargador r\u00e1pido TCL 6 | portabrocas de sujeci\u00f3n r\u00e1pida FastFix 13\u00a0mm KC 13-1\/2-MMFP | \u00e1ngulo adicional FastFix | mango adicional | clip de cintur\u00f3n<\/p>\n<div class=\"klb-readmore post-buttons\"><a class=\"btn variant-primary\" href=\"https:\/\/puertasmoral.com\/?product=577654\">Read More <i class=\"klbth-icon-right-arrow\"><\/i><\/a><\/div>\n","protected":false},"featured_media":19962,"comment_status":"closed","ping_status":"closed","template":"","meta":{"_acf_changed":false},"product_brand":[1503],"product_cat":[797,1011,1017,1341],"product_tag":[],"class_list":{"0":"post-16331","1":"product","2":"type-product","3":"status-publish","4":"has-post-thumbnail","6":"product_brand-festool","7":"product_cat-festool","8":"product_cat-productos","9":"product_cat-herramientas-a-bateria","10":"product_cat-set-de-taladro-atornillador-y-atornillador-de-impacto-herramientas-a-bateria","12":"first","13":"instock","14":"purchasable","15":"product-type-simple"},"acf":[],"_links":{"self":[{"href":"https:\/\/puertasmoral.com\/index.php?rest_route=\/wp\/v2\/product\/16331","targetHints":{"allow":["GET"]}}],"collection":[{"href":"https:\/\/puertasmoral.com\/index.php?rest_route=\/wp\/v2\/product"}],"about":[{"href":"https:\/\/puertasmoral.com\/index.php?rest_route=\/wp\/v2\/types\/product"}],"replies":[{"embeddable":true,"href":"https:\/\/puertasmoral.com\/index.php?rest_route=%2Fwp%2Fv2%2Fcomments&post=16331"}],"version-history":[{"count":1,"href":"https:\/\/puertasmoral.com\/index.php?rest_route=\/wp\/v2\/product\/16331\/revisions"}],"predecessor-version":[{"id":16643,"href":"https:\/\/puertasmoral.com\/index.php?rest_route=\/wp\/v2\/product\/16331\/revisions\/16643"}],"wp:featuredmedia":[{"embeddable":true,"href":"https:\/\/puertasmoral.com\/index.php?rest_route=\/wp\/v2\/media\/19962"}],"wp:attachment":[{"href":"https:\/\/puertasmoral.com\/index.php?rest_route=%2Fwp%2Fv2%2Fmedia&parent=16331"}],"wp:term":[{"taxonomy":"product_brand","embeddable":true,"href":"https:\/\/puertasmoral.com\/index.php?rest_route=%2Fwp%2Fv2%2Fproduct_brand&post=16331"},{"taxonomy":"product_cat","embeddable":true,"href":"https:\/\/puertasmoral.com\/index.php?rest_route=%2Fwp%2Fv2%2Fproduct_cat&post=16331"},{"taxonomy":"product_tag","embeddable":true,"href":"https:\/\/puertasmoral.com\/index.php?rest_route=%2Fwp%2Fv2%2Fproduct_tag&post=16331"}],"curies":[{"name":"wp","href":"https:\/\/api.w.org\/{rel}","templated":true}]}}