{"id":16351,"date":"2025-03-23T13:12:31","date_gmt":"2025-03-23T13:12:31","guid":{"rendered":"https:\/\/puertasmoral.com\/577257\/"},"modified":"2025-03-23T14:39:17","modified_gmt":"2025-03-23T14:39:17","slug":"577257","status":"publish","type":"product","link":"https:\/\/puertasmoral.com\/?product=577257","title":{"rendered":"Set de limpieza est\u00e1ndar RS-ST D 27\/36-Plus"},"content":{"rendered":"<p>tubo de empu\u00f1adura acodado D 36 HR-K AS | boquilla para suelos D 36 BD 300 | tubos de prolongaci\u00f3n D 36 VR-K AS | boquilla para ranuras D 36 FD-300 | pincel de aspiraci\u00f3n D 36 SP | Systainer SYS3 M 137<\/p>\n<p>para todos los CT<\/p>\n","protected":false},"excerpt":{"rendered":"<p>tubo de empu\u00f1adura acodado D 36 HR-K AS | boquilla para suelos D 36 BD 300 | tubos de prolongaci\u00f3n D 36 VR-K AS | boquilla para ranuras D 36 FD-300 | pincel de aspiraci\u00f3n D 36 SP | Systainer SYS3 M 137 para todos los CT<\/p>\n","protected":false},"featured_media":19998,"comment_status":"closed","ping_status":"closed","template":"","meta":{"_acf_changed":false},"product_brand":[1503],"product_cat":[797,995,1077,1098,1281],"product_tag":[],"class_list":{"0":"post-16351","1":"product","2":"type-product","3":"status-publish","4":"has-post-thumbnail","6":"product_brand-festool","7":"product_cat-festool","8":"product_cat-accesorios","9":"product_cat-aspiradores-profesionales","10":"product_cat-mangueras-de-aspiracion-y-accesorios-de-limpieza","11":"product_cat-sets-de-limpieza","13":"first","14":"instock","15":"purchasable","16":"product-type-simple"},"acf":[],"_links":{"self":[{"href":"https:\/\/puertasmoral.com\/index.php?rest_route=\/wp\/v2\/product\/16351","targetHints":{"allow":["GET"]}}],"collection":[{"href":"https:\/\/puertasmoral.com\/index.php?rest_route=\/wp\/v2\/product"}],"about":[{"href":"https:\/\/puertasmoral.com\/index.php?rest_route=\/wp\/v2\/types\/product"}],"replies":[{"embeddable":true,"href":"https:\/\/puertasmoral.com\/index.php?rest_route=%2Fwp%2Fv2%2Fcomments&post=16351"}],"version-history":[{"count":1,"href":"https:\/\/puertasmoral.com\/index.php?rest_route=\/wp\/v2\/product\/16351\/revisions"}],"predecessor-version":[{"id":19997,"href":"https:\/\/puertasmoral.com\/index.php?rest_route=\/wp\/v2\/product\/16351\/revisions\/19997"}],"wp:featuredmedia":[{"embeddable":true,"href":"https:\/\/puertasmoral.com\/index.php?rest_route=\/wp\/v2\/media\/19998"}],"wp:attachment":[{"href":"https:\/\/puertasmoral.com\/index.php?rest_route=%2Fwp%2Fv2%2Fmedia&parent=16351"}],"wp:term":[{"taxonomy":"product_brand","embeddable":true,"href":"https:\/\/puertasmoral.com\/index.php?rest_route=%2Fwp%2Fv2%2Fproduct_brand&post=16351"},{"taxonomy":"product_cat","embeddable":true,"href":"https:\/\/puertasmoral.com\/index.php?rest_route=%2Fwp%2Fv2%2Fproduct_cat&post=16351"},{"taxonomy":"product_tag","embeddable":true,"href":"https:\/\/puertasmoral.com\/index.php?rest_route=%2Fwp%2Fv2%2Fproduct_tag&post=16351"}],"curies":[{"name":"wp","href":"https:\/\/api.w.org\/{rel}","templated":true}]}}