{"id":16358,"date":"2025-03-23T13:12:59","date_gmt":"2025-03-23T13:12:59","guid":{"rendered":"https:\/\/puertasmoral.com\/576799\/"},"modified":"2025-03-23T14:39:26","modified_gmt":"2025-03-23T14:39:26","slug":"576799","status":"publish","type":"product","link":"https:\/\/puertasmoral.com\/?product=576799","title":{"rendered":"Set de perforaci\u00f3n en l\u00ednea LR 32-SYS"},"content":{"rendered":"<p>placa gu\u00eda | mandril de centrado | broca para herrajes HM \u00d8 35 mm | broca para clavijas HW con \u00d8 de 5 mm (en forma de V) | broca para clavijas HM \u00d8 5 mm (con punta de centrado y precortador) | 2 topes laterales con tope desplazable | Sargentos FSZ 120 (2 unidades) | Tope longitudinal | destornillador SW 5 | Systainer SYS3 M 112<\/p>\n<p>para OF 900, OF 1000, OF 1010, OF 1010 R, OF 1400 en el sistema de pista de perforaciones FS-LR 32<\/p>\n","protected":false},"excerpt":{"rendered":"<p>placa gu\u00eda | mandril de centrado | broca para herrajes HM \u00d8 35 mm | broca para clavijas HW con \u00d8 de 5 mm (en forma de V) | broca para clavijas HM \u00d8 5 mm (con punta de centrado y precortador) | 2 topes laterales con tope desplazable | Sargentos FSZ 120 (2 unidades)<\/p>\n<div class=\"klb-readmore post-buttons\"><a class=\"btn variant-primary\" href=\"https:\/\/puertasmoral.com\/?product=576799\">Read More <i class=\"klbth-icon-right-arrow\"><\/i><\/a><\/div>\n","protected":false},"featured_media":20004,"comment_status":"closed","ping_status":"closed","template":"","meta":{"_acf_changed":false},"product_brand":[1503],"product_cat":[797,995,1047,1048,1134],"product_tag":[],"class_list":{"0":"post-16358","1":"product","2":"type-product","3":"status-publish","4":"has-post-thumbnail","6":"product_brand-festool","7":"product_cat-festool","8":"product_cat-accesorios","9":"product_cat-fresadoras","10":"product_cat-plantillas-de-fresado-y-dispositivos","11":"product_cat-sistema-de-perforacion-en-linea","13":"first","14":"instock","15":"purchasable","16":"product-type-simple"},"acf":[],"_links":{"self":[{"href":"https:\/\/puertasmoral.com\/index.php?rest_route=\/wp\/v2\/product\/16358","targetHints":{"allow":["GET"]}}],"collection":[{"href":"https:\/\/puertasmoral.com\/index.php?rest_route=\/wp\/v2\/product"}],"about":[{"href":"https:\/\/puertasmoral.com\/index.php?rest_route=\/wp\/v2\/types\/product"}],"replies":[{"embeddable":true,"href":"https:\/\/puertasmoral.com\/index.php?rest_route=%2Fwp%2Fv2%2Fcomments&post=16358"}],"version-history":[{"count":1,"href":"https:\/\/puertasmoral.com\/index.php?rest_route=\/wp\/v2\/product\/16358\/revisions"}],"predecessor-version":[{"id":20003,"href":"https:\/\/puertasmoral.com\/index.php?rest_route=\/wp\/v2\/product\/16358\/revisions\/20003"}],"wp:featuredmedia":[{"embeddable":true,"href":"https:\/\/puertasmoral.com\/index.php?rest_route=\/wp\/v2\/media\/20004"}],"wp:attachment":[{"href":"https:\/\/puertasmoral.com\/index.php?rest_route=%2Fwp%2Fv2%2Fmedia&parent=16358"}],"wp:term":[{"taxonomy":"product_brand","embeddable":true,"href":"https:\/\/puertasmoral.com\/index.php?rest_route=%2Fwp%2Fv2%2Fproduct_brand&post=16358"},{"taxonomy":"product_cat","embeddable":true,"href":"https:\/\/puertasmoral.com\/index.php?rest_route=%2Fwp%2Fv2%2Fproduct_cat&post=16358"},{"taxonomy":"product_tag","embeddable":true,"href":"https:\/\/puertasmoral.com\/index.php?rest_route=%2Fwp%2Fv2%2Fproduct_tag&post=16358"}],"curies":[{"name":"wp","href":"https:\/\/api.w.org\/{rel}","templated":true}]}}