{"id":16502,"date":"2025-03-23T13:39:52","date_gmt":"2025-03-23T13:39:52","guid":{"rendered":"https:\/\/puertasmoral.com\/583290\/"},"modified":"2025-03-23T15:06:32","modified_gmt":"2025-03-23T15:06:32","slug":"583290","status":"publish","type":"product","link":"https:\/\/puertasmoral.com\/?product=583290","title":{"rendered":"Set de perforaci\u00f3n en l\u00ednea LR 32 Set"},"content":{"rendered":"<p>placa gu\u00eda | mandril de centrado | 2 topes laterales con tope desplazable | 2x Tope longitudinal<\/p>\n<p>para OF 900, OF 1000, OF 1010, OF 1400 en el sistema de perforaciones en l\u00ednea FS-LR32<\/p>\n","protected":false},"excerpt":{"rendered":"<p>placa gu\u00eda | mandril de centrado | 2 topes laterales con tope desplazable | 2x Tope longitudinal para OF 900, OF 1000, OF 1010, OF 1400 en el sistema de perforaciones en l\u00ednea FS-LR32<\/p>\n","protected":false},"featured_media":20291,"comment_status":"closed","ping_status":"closed","template":"","meta":{"_acf_changed":false},"product_brand":[1503],"product_cat":[797,995,1057,1058,1410],"product_tag":[],"class_list":{"0":"post-16502","1":"product","2":"type-product","3":"status-publish","4":"has-post-thumbnail","6":"product_brand-festool","7":"product_cat-festool","8":"product_cat-accesorios","9":"product_cat-sistema-de-rieles-de-guia-accesorios","10":"product_cat-sistemas-de-guia","11":"product_cat-sets-sistemas-de-guia","13":"first","14":"instock","15":"purchasable","16":"product-type-simple"},"acf":[],"_links":{"self":[{"href":"https:\/\/puertasmoral.com\/index.php?rest_route=\/wp\/v2\/product\/16502","targetHints":{"allow":["GET"]}}],"collection":[{"href":"https:\/\/puertasmoral.com\/index.php?rest_route=\/wp\/v2\/product"}],"about":[{"href":"https:\/\/puertasmoral.com\/index.php?rest_route=\/wp\/v2\/types\/product"}],"replies":[{"embeddable":true,"href":"https:\/\/puertasmoral.com\/index.php?rest_route=%2Fwp%2Fv2%2Fcomments&post=16502"}],"version-history":[{"count":1,"href":"https:\/\/puertasmoral.com\/index.php?rest_route=\/wp\/v2\/product\/16502\/revisions"}],"predecessor-version":[{"id":17549,"href":"https:\/\/puertasmoral.com\/index.php?rest_route=\/wp\/v2\/product\/16502\/revisions\/17549"}],"wp:featuredmedia":[{"embeddable":true,"href":"https:\/\/puertasmoral.com\/index.php?rest_route=\/wp\/v2\/media\/20291"}],"wp:attachment":[{"href":"https:\/\/puertasmoral.com\/index.php?rest_route=%2Fwp%2Fv2%2Fmedia&parent=16502"}],"wp:term":[{"taxonomy":"product_brand","embeddable":true,"href":"https:\/\/puertasmoral.com\/index.php?rest_route=%2Fwp%2Fv2%2Fproduct_brand&post=16502"},{"taxonomy":"product_cat","embeddable":true,"href":"https:\/\/puertasmoral.com\/index.php?rest_route=%2Fwp%2Fv2%2Fproduct_cat&post=16502"},{"taxonomy":"product_tag","embeddable":true,"href":"https:\/\/puertasmoral.com\/index.php?rest_route=%2Fwp%2Fv2%2Fproduct_tag&post=16502"}],"curies":[{"name":"wp","href":"https:\/\/api.w.org\/{rel}","templated":true}]}}