{"id":16523,"date":"2025-03-23T13:16:19","date_gmt":"2025-03-23T13:16:19","guid":{"rendered":"https:\/\/puertasmoral.com\/204083\/"},"modified":"2025-03-23T14:43:31","modified_gmt":"2025-03-23T14:43:31","slug":"204083","status":"publish","type":"product","link":"https:\/\/puertasmoral.com\/?product=204083","title":{"rendered":"Separador previo CTCT-VA-20"},"content":{"rendered":"<p>Systainer cicl\u00f3n | dep\u00f3sito colector VAB-20 | tubo flexible de conexi\u00f3n | bolsa de evacuaci\u00f3n | tapa del dep\u00f3sito<\/p>\n<p>CTL 26\/36\/48<\/p>\n","protected":false},"excerpt":{"rendered":"<p>Systainer cicl\u00f3n | dep\u00f3sito colector VAB-20 | tubo flexible de conexi\u00f3n | bolsa de evacuaci\u00f3n | tapa del dep\u00f3sito CTL 26\/36\/48<\/p>\n","protected":false},"featured_media":20326,"comment_status":"closed","ping_status":"closed","template":"","meta":{"_acf_changed":false},"product_brand":[1503],"product_cat":[797,995,1077,1082,1260],"product_tag":[],"class_list":{"0":"post-16523","1":"product","2":"type-product","3":"status-publish","4":"has-post-thumbnail","6":"product_brand-festool","7":"product_cat-festool","8":"product_cat-accesorios","9":"product_cat-aspiradores-profesionales","10":"product_cat-ampliaciones-del-sistema","11":"product_cat-separador-previo","13":"first","14":"instock","15":"purchasable","16":"product-type-simple"},"acf":[],"_links":{"self":[{"href":"https:\/\/puertasmoral.com\/index.php?rest_route=\/wp\/v2\/product\/16523","targetHints":{"allow":["GET"]}}],"collection":[{"href":"https:\/\/puertasmoral.com\/index.php?rest_route=\/wp\/v2\/product"}],"about":[{"href":"https:\/\/puertasmoral.com\/index.php?rest_route=\/wp\/v2\/types\/product"}],"replies":[{"embeddable":true,"href":"https:\/\/puertasmoral.com\/index.php?rest_route=%2Fwp%2Fv2%2Fcomments&post=16523"}],"version-history":[{"count":1,"href":"https:\/\/puertasmoral.com\/index.php?rest_route=\/wp\/v2\/product\/16523\/revisions"}],"predecessor-version":[{"id":20325,"href":"https:\/\/puertasmoral.com\/index.php?rest_route=\/wp\/v2\/product\/16523\/revisions\/20325"}],"wp:featuredmedia":[{"embeddable":true,"href":"https:\/\/puertasmoral.com\/index.php?rest_route=\/wp\/v2\/media\/20326"}],"wp:attachment":[{"href":"https:\/\/puertasmoral.com\/index.php?rest_route=%2Fwp%2Fv2%2Fmedia&parent=16523"}],"wp:term":[{"taxonomy":"product_brand","embeddable":true,"href":"https:\/\/puertasmoral.com\/index.php?rest_route=%2Fwp%2Fv2%2Fproduct_brand&post=16523"},{"taxonomy":"product_cat","embeddable":true,"href":"https:\/\/puertasmoral.com\/index.php?rest_route=%2Fwp%2Fv2%2Fproduct_cat&post=16523"},{"taxonomy":"product_tag","embeddable":true,"href":"https:\/\/puertasmoral.com\/index.php?rest_route=%2Fwp%2Fv2%2Fproduct_tag&post=16523"}],"curies":[{"name":"wp","href":"https:\/\/api.w.org\/{rel}","templated":true}]}}