{"id":16540,"date":"2025-03-23T13:30:56","date_gmt":"2025-03-23T13:30:56","guid":{"rendered":"https:\/\/puertasmoral.com\/204854\/"},"modified":"2025-03-23T14:57:52","modified_gmt":"2025-03-23T14:57:52","slug":"204854","status":"publish","type":"product","link":"https:\/\/puertasmoral.com\/?product=204854","title":{"rendered":"Systainer\u00b3 Organizer SYS3 ORG M 89 6x ESB"},"content":{"rendered":"<p>caja de aplicaci\u00f3n 50 x 50 x 68 | caja de aplicaci\u00f3n 50 x 100 x 68 | 3x caja de aplicaci\u00f3n 100 x 150 x 68 | caja de aplicaci\u00f3n 100 x 350 x 68<\/p>\n","protected":false},"excerpt":{"rendered":"<p>caja de aplicaci\u00f3n 50 x 50 x 68 | caja de aplicaci\u00f3n 50 x 100 x 68 | 3x caja de aplicaci\u00f3n 100 x 150 x 68 | caja de aplicaci\u00f3n 100 x 350 x 68<\/p>\n","protected":false},"featured_media":20360,"comment_status":"closed","ping_status":"closed","template":"","meta":{"_acf_changed":false},"product_brand":[1503],"product_cat":[797,995,1042,1233,1234],"product_tag":[],"class_list":{"0":"post-16540","1":"product","2":"type-product","3":"status-publish","4":"has-post-thumbnail","6":"product_brand-festool","7":"product_cat-festool","8":"product_cat-accesorios","9":"product_cat-almacenamiento-y-transporte","10":"product_cat-sys-organizer","11":"product_cat-organizer-m","13":"first","14":"instock","15":"purchasable","16":"product-type-simple"},"acf":[],"_links":{"self":[{"href":"https:\/\/puertasmoral.com\/index.php?rest_route=\/wp\/v2\/product\/16540","targetHints":{"allow":["GET"]}}],"collection":[{"href":"https:\/\/puertasmoral.com\/index.php?rest_route=\/wp\/v2\/product"}],"about":[{"href":"https:\/\/puertasmoral.com\/index.php?rest_route=\/wp\/v2\/types\/product"}],"replies":[{"embeddable":true,"href":"https:\/\/puertasmoral.com\/index.php?rest_route=%2Fwp%2Fv2%2Fcomments&post=16540"}],"version-history":[{"count":1,"href":"https:\/\/puertasmoral.com\/index.php?rest_route=\/wp\/v2\/product\/16540\/revisions"}],"predecessor-version":[{"id":17194,"href":"https:\/\/puertasmoral.com\/index.php?rest_route=\/wp\/v2\/product\/16540\/revisions\/17194"}],"wp:featuredmedia":[{"embeddable":true,"href":"https:\/\/puertasmoral.com\/index.php?rest_route=\/wp\/v2\/media\/20360"}],"wp:attachment":[{"href":"https:\/\/puertasmoral.com\/index.php?rest_route=%2Fwp%2Fv2%2Fmedia&parent=16540"}],"wp:term":[{"taxonomy":"product_brand","embeddable":true,"href":"https:\/\/puertasmoral.com\/index.php?rest_route=%2Fwp%2Fv2%2Fproduct_brand&post=16540"},{"taxonomy":"product_cat","embeddable":true,"href":"https:\/\/puertasmoral.com\/index.php?rest_route=%2Fwp%2Fv2%2Fproduct_cat&post=16540"},{"taxonomy":"product_tag","embeddable":true,"href":"https:\/\/puertasmoral.com\/index.php?rest_route=%2Fwp%2Fv2%2Fproduct_tag&post=16540"}],"curies":[{"name":"wp","href":"https:\/\/api.w.org\/{rel}","templated":true}]}}