{"id":16592,"date":"2025-03-23T13:18:07","date_gmt":"2025-03-23T13:18:07","guid":{"rendered":"https:\/\/puertasmoral.com\/203168\/"},"modified":"2025-03-23T14:45:06","modified_gmt":"2025-03-23T14:45:06","slug":"203168","status":"publish","type":"product","link":"https:\/\/puertasmoral.com\/?product=203168","title":{"rendered":"Conector KV-LR32 D8\/50"},"content":{"rendered":"<p>Anclaje de expansi\u00f3n | 50x Perno con rosca Euro para perforaciones en l\u00ednea | 50x Bandejas de pl\u00e1stico | 50x anclaje transversal con tornillo prisionero | Cont. del pqte.: 50,00 Unidades<\/p>\n<p>para DF 500<\/p>\n","protected":false},"excerpt":{"rendered":"<p>Anclaje de expansi\u00f3n | 50x Perno con rosca Euro para perforaciones en l\u00ednea | 50x Bandejas de pl\u00e1stico | 50x anclaje transversal con tornillo prisionero | Cont. del pqte.: 50,00 Unidades para DF 500<\/p>\n","protected":false},"featured_media":20443,"comment_status":"closed","ping_status":"closed","template":"","meta":{"_acf_changed":false},"product_brand":[1503],"product_cat":[797,995,1002,1003,1149],"product_tag":[],"class_list":{"0":"post-16592","1":"product","2":"type-product","3":"status-publish","4":"has-post-thumbnail","6":"product_brand-festool","7":"product_cat-festool","8":"product_cat-accesorios","9":"product_cat-fresadoras-y-sistemas-de-ensamblaje","10":"product_cat-accesorios-para-uniones","11":"product_cat-conector-domino","13":"first","14":"instock","15":"purchasable","16":"product-type-simple"},"acf":[],"_links":{"self":[{"href":"https:\/\/puertasmoral.com\/index.php?rest_route=\/wp\/v2\/product\/16592","targetHints":{"allow":["GET"]}}],"collection":[{"href":"https:\/\/puertasmoral.com\/index.php?rest_route=\/wp\/v2\/product"}],"about":[{"href":"https:\/\/puertasmoral.com\/index.php?rest_route=\/wp\/v2\/types\/product"}],"replies":[{"embeddable":true,"href":"https:\/\/puertasmoral.com\/index.php?rest_route=%2Fwp%2Fv2%2Fcomments&post=16592"}],"version-history":[{"count":1,"href":"https:\/\/puertasmoral.com\/index.php?rest_route=\/wp\/v2\/product\/16592\/revisions"}],"predecessor-version":[{"id":20442,"href":"https:\/\/puertasmoral.com\/index.php?rest_route=\/wp\/v2\/product\/16592\/revisions\/20442"}],"wp:featuredmedia":[{"embeddable":true,"href":"https:\/\/puertasmoral.com\/index.php?rest_route=\/wp\/v2\/media\/20443"}],"wp:attachment":[{"href":"https:\/\/puertasmoral.com\/index.php?rest_route=%2Fwp%2Fv2%2Fmedia&parent=16592"}],"wp:term":[{"taxonomy":"product_brand","embeddable":true,"href":"https:\/\/puertasmoral.com\/index.php?rest_route=%2Fwp%2Fv2%2Fproduct_brand&post=16592"},{"taxonomy":"product_cat","embeddable":true,"href":"https:\/\/puertasmoral.com\/index.php?rest_route=%2Fwp%2Fv2%2Fproduct_cat&post=16592"},{"taxonomy":"product_tag","embeddable":true,"href":"https:\/\/puertasmoral.com\/index.php?rest_route=%2Fwp%2Fv2%2Fproduct_tag&post=16592"}],"curies":[{"name":"wp","href":"https:\/\/api.w.org\/{rel}","templated":true}]}}