{"id":16595,"date":"2025-03-23T13:18:07","date_gmt":"2025-03-23T13:18:07","guid":{"rendered":"https:\/\/puertasmoral.com\/204927\/"},"modified":"2025-03-23T14:45:10","modified_gmt":"2025-03-23T14:45:10","slug":"204927","status":"publish","type":"product","link":"https:\/\/puertasmoral.com\/?product=204927","title":{"rendered":"Tuerca de sujeci\u00f3n r\u00e1pida QRN-AGC 18 M14"},"content":{"rendered":"<p>para AGC 18para di\u00e1metro de discos 115 \u2013 125 mm<\/p>\n","protected":false},"excerpt":{"rendered":"<p>para AGC 18para di\u00e1metro de discos 115 \u2013 125 mm<\/p>\n","protected":false},"featured_media":20449,"comment_status":"closed","ping_status":"closed","template":"","meta":{"_acf_changed":false},"product_brand":[1503],"product_cat":[797,995,1054,1060,1061],"product_tag":[],"class_list":{"0":"post-16595","1":"product","2":"type-product","3":"status-publish","4":"has-post-thumbnail","6":"product_brand-festool","7":"product_cat-festool","8":"product_cat-accesorios","9":"product_cat-accesorios-para-amoladoras-angulares","10":"product_cat-bridas-y-tuercas-de-sujecion","11":"product_cat-amoladora-angular-a-bateria-bridas-y-tuercas-de-sujecion","13":"first","14":"instock","15":"purchasable","16":"product-type-simple"},"acf":[],"_links":{"self":[{"href":"https:\/\/puertasmoral.com\/index.php?rest_route=\/wp\/v2\/product\/16595","targetHints":{"allow":["GET"]}}],"collection":[{"href":"https:\/\/puertasmoral.com\/index.php?rest_route=\/wp\/v2\/product"}],"about":[{"href":"https:\/\/puertasmoral.com\/index.php?rest_route=\/wp\/v2\/types\/product"}],"replies":[{"embeddable":true,"href":"https:\/\/puertasmoral.com\/index.php?rest_route=%2Fwp%2Fv2%2Fcomments&post=16595"}],"version-history":[{"count":1,"href":"https:\/\/puertasmoral.com\/index.php?rest_route=\/wp\/v2\/product\/16595\/revisions"}],"predecessor-version":[{"id":20448,"href":"https:\/\/puertasmoral.com\/index.php?rest_route=\/wp\/v2\/product\/16595\/revisions\/20448"}],"wp:featuredmedia":[{"embeddable":true,"href":"https:\/\/puertasmoral.com\/index.php?rest_route=\/wp\/v2\/media\/20449"}],"wp:attachment":[{"href":"https:\/\/puertasmoral.com\/index.php?rest_route=%2Fwp%2Fv2%2Fmedia&parent=16595"}],"wp:term":[{"taxonomy":"product_brand","embeddable":true,"href":"https:\/\/puertasmoral.com\/index.php?rest_route=%2Fwp%2Fv2%2Fproduct_brand&post=16595"},{"taxonomy":"product_cat","embeddable":true,"href":"https:\/\/puertasmoral.com\/index.php?rest_route=%2Fwp%2Fv2%2Fproduct_cat&post=16595"},{"taxonomy":"product_tag","embeddable":true,"href":"https:\/\/puertasmoral.com\/index.php?rest_route=%2Fwp%2Fv2%2Fproduct_tag&post=16595"}],"curies":[{"name":"wp","href":"https:\/\/api.w.org\/{rel}","templated":true}]}}