{"id":16663,"date":"2025-03-23T13:39:00","date_gmt":"2025-03-23T13:39:00","guid":{"rendered":"https:\/\/puertasmoral.com\/577397\/"},"modified":"2025-03-23T15:05:33","modified_gmt":"2025-03-23T15:05:33","slug":"577397","status":"publish","type":"product","link":"https:\/\/puertasmoral.com\/?product=577397","title":{"rendered":"Estuche de brocas BKS SYS3 D4-10 CE\/S"},"content":{"rendered":"<p>Broca para piedra DB STONE CE D4 (\u00d8 4 mm) | Broca para piedra DB STONE CE D5 (\u00d8 5 mm) | 2x Broca para piedra DB STONE CE D6 (\u00d8 6 mm) | Broca para piedra DB STONE CE D8 (\u00d8 8 mm) | Broca para piedra DB STONE CE D10 (\u00d8 10 mm)<\/p>\n<p>para taladro atornillador de percusi\u00f3n a bater\u00eda de Festool con fijaci\u00f3n FastFix y mandril WH-CE CENTROTECpara Systainer\u00b3 con compartimento en la tapa o utilizable como caja independiente<\/p>\n","protected":false},"excerpt":{"rendered":"<p>Broca para piedra DB STONE CE D4 (\u00d8 4 mm) | Broca para piedra DB STONE CE D5 (\u00d8 5 mm) | 2x Broca para piedra DB STONE CE D6 (\u00d8 6 mm) | Broca para piedra DB STONE CE D8 (\u00d8 8 mm) | Broca para piedra DB STONE CE D10 (\u00d8 10 mm)<\/p>\n<div class=\"klb-readmore post-buttons\"><a class=\"btn variant-primary\" href=\"https:\/\/puertasmoral.com\/?product=577397\">Read More <i class=\"klbth-icon-right-arrow\"><\/i><\/a><\/div>\n","protected":false},"featured_media":20535,"comment_status":"closed","ping_status":"closed","template":"","meta":{"_acf_changed":false},"product_brand":[1503],"product_cat":[797,995,1005,1006,1416],"product_tag":[],"class_list":{"0":"post-16663","1":"product","2":"type-product","3":"status-publish","4":"has-post-thumbnail","6":"product_brand-festool","7":"product_cat-festool","8":"product_cat-accesorios","9":"product_cat-taladros-y-atornilladores","10":"product_cat-broca","11":"product_cat-estuches-para-brocas","13":"first","14":"instock","15":"purchasable","16":"product-type-simple"},"acf":[],"_links":{"self":[{"href":"https:\/\/puertasmoral.com\/index.php?rest_route=\/wp\/v2\/product\/16663","targetHints":{"allow":["GET"]}}],"collection":[{"href":"https:\/\/puertasmoral.com\/index.php?rest_route=\/wp\/v2\/product"}],"about":[{"href":"https:\/\/puertasmoral.com\/index.php?rest_route=\/wp\/v2\/types\/product"}],"replies":[{"embeddable":true,"href":"https:\/\/puertasmoral.com\/index.php?rest_route=%2Fwp%2Fv2%2Fcomments&post=16663"}],"version-history":[{"count":1,"href":"https:\/\/puertasmoral.com\/index.php?rest_route=\/wp\/v2\/product\/16663\/revisions"}],"predecessor-version":[{"id":17503,"href":"https:\/\/puertasmoral.com\/index.php?rest_route=\/wp\/v2\/product\/16663\/revisions\/17503"}],"wp:featuredmedia":[{"embeddable":true,"href":"https:\/\/puertasmoral.com\/index.php?rest_route=\/wp\/v2\/media\/20535"}],"wp:attachment":[{"href":"https:\/\/puertasmoral.com\/index.php?rest_route=%2Fwp%2Fv2%2Fmedia&parent=16663"}],"wp:term":[{"taxonomy":"product_brand","embeddable":true,"href":"https:\/\/puertasmoral.com\/index.php?rest_route=%2Fwp%2Fv2%2Fproduct_brand&post=16663"},{"taxonomy":"product_cat","embeddable":true,"href":"https:\/\/puertasmoral.com\/index.php?rest_route=%2Fwp%2Fv2%2Fproduct_cat&post=16663"},{"taxonomy":"product_tag","embeddable":true,"href":"https:\/\/puertasmoral.com\/index.php?rest_route=%2Fwp%2Fv2%2Fproduct_tag&post=16663"}],"curies":[{"name":"wp","href":"https:\/\/api.w.org\/{rel}","templated":true}]}}