{"id":16776,"date":"2025-03-23T13:36:14","date_gmt":"2025-03-23T13:36:14","guid":{"rendered":"https:\/\/puertasmoral.com\/578118\/"},"modified":"2025-03-23T15:02:47","modified_gmt":"2025-03-23T15:02:47","slug":"578118","status":"publish","type":"product","link":"https:\/\/puertasmoral.com\/?product=578118","title":{"rendered":"Set de bridas Wago SYS3 S 76-WAGO-Set"},"content":{"rendered":"<p>comprobador de tensi\u00f3n | pelacables | 100x brida de uni\u00f3n Wago 221-412 COMPACT (2 conductores) | 50x brida de uni\u00f3n Wago 221-413 COMPACT (3 conductores) | 25x brida de uni\u00f3n Wago 221-415 COMPACT (5 conductores) | Systainer\u00b3 SYS3 S 76<\/p>\n<p>para Systainer\u00b3 Rack<\/p>\n","protected":false},"excerpt":{"rendered":"<p>comprobador de tensi\u00f3n | pelacables | 100x brida de uni\u00f3n Wago 221-412 COMPACT (2 conductores) | 50x brida de uni\u00f3n Wago 221-413 COMPACT (3 conductores) | 25x brida de uni\u00f3n Wago 221-415 COMPACT (5 conductores) | Systainer\u00b3 SYS3 S 76 para Systainer\u00b3 Rack<\/p>\n","protected":false},"featured_media":20709,"comment_status":"closed","ping_status":"closed","template":"","meta":{"_acf_changed":false},"product_brand":[1503],"product_cat":[797,1011,1012,1102],"product_tag":[],"class_list":{"0":"post-16776","1":"product","2":"type-product","3":"status-publish","4":"has-post-thumbnail","6":"product_brand-festool","7":"product_cat-festool","8":"product_cat-productos","9":"product_cat-novedades","10":"product_cat-accesorios-novedades","12":"first","13":"instock","14":"purchasable","15":"product-type-simple"},"acf":[],"_links":{"self":[{"href":"https:\/\/puertasmoral.com\/index.php?rest_route=\/wp\/v2\/product\/16776","targetHints":{"allow":["GET"]}}],"collection":[{"href":"https:\/\/puertasmoral.com\/index.php?rest_route=\/wp\/v2\/product"}],"about":[{"href":"https:\/\/puertasmoral.com\/index.php?rest_route=\/wp\/v2\/types\/product"}],"replies":[{"embeddable":true,"href":"https:\/\/puertasmoral.com\/index.php?rest_route=%2Fwp%2Fv2%2Fcomments&post=16776"}],"version-history":[{"count":1,"href":"https:\/\/puertasmoral.com\/index.php?rest_route=\/wp\/v2\/product\/16776\/revisions"}],"predecessor-version":[{"id":17389,"href":"https:\/\/puertasmoral.com\/index.php?rest_route=\/wp\/v2\/product\/16776\/revisions\/17389"}],"wp:featuredmedia":[{"embeddable":true,"href":"https:\/\/puertasmoral.com\/index.php?rest_route=\/wp\/v2\/media\/20709"}],"wp:attachment":[{"href":"https:\/\/puertasmoral.com\/index.php?rest_route=%2Fwp%2Fv2%2Fmedia&parent=16776"}],"wp:term":[{"taxonomy":"product_brand","embeddable":true,"href":"https:\/\/puertasmoral.com\/index.php?rest_route=%2Fwp%2Fv2%2Fproduct_brand&post=16776"},{"taxonomy":"product_cat","embeddable":true,"href":"https:\/\/puertasmoral.com\/index.php?rest_route=%2Fwp%2Fv2%2Fproduct_cat&post=16776"},{"taxonomy":"product_tag","embeddable":true,"href":"https:\/\/puertasmoral.com\/index.php?rest_route=%2Fwp%2Fv2%2Fproduct_tag&post=16776"}],"curies":[{"name":"wp","href":"https:\/\/api.w.org\/{rel}","templated":true}]}}