{"id":16792,"date":"2025-03-23T13:22:06","date_gmt":"2025-03-23T13:22:06","guid":{"rendered":"https:\/\/puertasmoral.com\/769137\/"},"modified":"2025-03-23T14:49:09","modified_gmt":"2025-03-23T14:49:09","slug":"769137","status":"publish","type":"product","link":"https:\/\/puertasmoral.com\/?product=769137","title":{"rendered":"Estuche de puntas TX 10-50\/BH-SORT\/31x"},"content":{"rendered":"<p>adaptador magn\u00e9tico CENTROTEC BH 60 CE-Imp | 3x punta TX 10 | 3x punta TX 15 | 6x punta TX 20 | 6x punta TX 25 | 6x punta TX 30 | 3x punta TX 40 | 3x punta TX 50<\/p>\n<p>para taladro atornillador a bater\u00eda y taladro atornillador de percusi\u00f3n a bater\u00eda de Festool con fijaci\u00f3n FastFix y mandril WH-CE CENTROTEC<\/p>\n","protected":false},"excerpt":{"rendered":"<p>adaptador magn\u00e9tico CENTROTEC BH 60 CE-Imp | 3x punta TX 10 | 3x punta TX 15 | 6x punta TX 20 | 6x punta TX 25 | 6x punta TX 30 | 3x punta TX 40 | 3x punta TX 50 para taladro atornillador a bater\u00eda y taladro atornillador de percusi\u00f3n a bater\u00eda de Festool<\/p>\n<div class=\"klb-readmore post-buttons\"><a class=\"btn variant-primary\" href=\"https:\/\/puertasmoral.com\/?product=769137\">Read More <i class=\"klbth-icon-right-arrow\"><\/i><\/a><\/div>\n","protected":false},"featured_media":20736,"comment_status":"closed","ping_status":"closed","template":"","meta":{"_acf_changed":false},"product_brand":[1503],"product_cat":[797,995,1005,1019,1226],"product_tag":[],"class_list":{"0":"post-16792","1":"product","2":"type-product","3":"status-publish","4":"has-post-thumbnail","6":"product_brand-festool","7":"product_cat-festool","8":"product_cat-accesorios","9":"product_cat-taladros-y-atornilladores","10":"product_cat-portapuntas-y-puntas","11":"product_cat-sets-de-puntas","13":"first","14":"instock","15":"purchasable","16":"product-type-simple"},"acf":[],"_links":{"self":[{"href":"https:\/\/puertasmoral.com\/index.php?rest_route=\/wp\/v2\/product\/16792","targetHints":{"allow":["GET"]}}],"collection":[{"href":"https:\/\/puertasmoral.com\/index.php?rest_route=\/wp\/v2\/product"}],"about":[{"href":"https:\/\/puertasmoral.com\/index.php?rest_route=\/wp\/v2\/types\/product"}],"replies":[{"embeddable":true,"href":"https:\/\/puertasmoral.com\/index.php?rest_route=%2Fwp%2Fv2%2Fcomments&post=16792"}],"version-history":[{"count":1,"href":"https:\/\/puertasmoral.com\/index.php?rest_route=\/wp\/v2\/product\/16792\/revisions"}],"predecessor-version":[{"id":20735,"href":"https:\/\/puertasmoral.com\/index.php?rest_route=\/wp\/v2\/product\/16792\/revisions\/20735"}],"wp:featuredmedia":[{"embeddable":true,"href":"https:\/\/puertasmoral.com\/index.php?rest_route=\/wp\/v2\/media\/20736"}],"wp:attachment":[{"href":"https:\/\/puertasmoral.com\/index.php?rest_route=%2Fwp%2Fv2%2Fmedia&parent=16792"}],"wp:term":[{"taxonomy":"product_brand","embeddable":true,"href":"https:\/\/puertasmoral.com\/index.php?rest_route=%2Fwp%2Fv2%2Fproduct_brand&post=16792"},{"taxonomy":"product_cat","embeddable":true,"href":"https:\/\/puertasmoral.com\/index.php?rest_route=%2Fwp%2Fv2%2Fproduct_cat&post=16792"},{"taxonomy":"product_tag","embeddable":true,"href":"https:\/\/puertasmoral.com\/index.php?rest_route=%2Fwp%2Fv2%2Fproduct_tag&post=16792"}],"curies":[{"name":"wp","href":"https:\/\/api.w.org\/{rel}","templated":true}]}}