{"id":16852,"date":"2025-03-23T13:39:52","date_gmt":"2025-03-23T13:39:52","guid":{"rendered":"https:\/\/puertasmoral.com\/576829\/"},"modified":"2025-03-23T15:06:28","modified_gmt":"2025-03-23T15:06:28","slug":"576829","status":"publish","type":"product","link":"https:\/\/puertasmoral.com\/?product=576829","title":{"rendered":"Radial de corte de diamante a bater\u00eda DSC-AGC 18-125 FH EB-Basic"},"content":{"rendered":"<p>caperuza de aspiraci\u00f3n | disco diamante ALL-D125 Premium | placa de mesa TP-DSC-AG 125 FH | mango adicional VIBRASTOP | tuerca de fijaci\u00f3n UF-DSC\/DSG-AG\u00a0M14 | brida BF-DSC-AGC M14 | llave de espigas KF-AG | Systainer SYS3 M 187<\/p>\n","protected":false},"excerpt":{"rendered":"<p>caperuza de aspiraci\u00f3n | disco diamante ALL-D125 Premium | placa de mesa TP-DSC-AG 125 FH | mango adicional VIBRASTOP | tuerca de fijaci\u00f3n UF-DSC\/DSG-AG\u00a0M14 | brida BF-DSC-AGC M14 | llave de espigas KF-AG | Systainer SYS3 M 187<\/p>\n","protected":false},"featured_media":20841,"comment_status":"closed","ping_status":"closed","template":"","meta":{"_acf_changed":false},"product_brand":[1503],"product_cat":[797,1011,1017,1445],"product_tag":[],"class_list":{"0":"post-16852","1":"product","2":"type-product","3":"status-publish","4":"has-post-thumbnail","6":"product_brand-festool","7":"product_cat-festool","8":"product_cat-productos","9":"product_cat-herramientas-a-bateria","10":"product_cat-radial-de-corte-de-diamante-a-bateria-herramientas-a-bateria","12":"first","13":"instock","14":"purchasable","15":"product-type-simple"},"acf":[],"_links":{"self":[{"href":"https:\/\/puertasmoral.com\/index.php?rest_route=\/wp\/v2\/product\/16852","targetHints":{"allow":["GET"]}}],"collection":[{"href":"https:\/\/puertasmoral.com\/index.php?rest_route=\/wp\/v2\/product"}],"about":[{"href":"https:\/\/puertasmoral.com\/index.php?rest_route=\/wp\/v2\/types\/product"}],"replies":[{"embeddable":true,"href":"https:\/\/puertasmoral.com\/index.php?rest_route=%2Fwp%2Fv2%2Fcomments&post=16852"}],"version-history":[{"count":1,"href":"https:\/\/puertasmoral.com\/index.php?rest_route=\/wp\/v2\/product\/16852\/revisions"}],"predecessor-version":[{"id":17441,"href":"https:\/\/puertasmoral.com\/index.php?rest_route=\/wp\/v2\/product\/16852\/revisions\/17441"}],"wp:featuredmedia":[{"embeddable":true,"href":"https:\/\/puertasmoral.com\/index.php?rest_route=\/wp\/v2\/media\/20841"}],"wp:attachment":[{"href":"https:\/\/puertasmoral.com\/index.php?rest_route=%2Fwp%2Fv2%2Fmedia&parent=16852"}],"wp:term":[{"taxonomy":"product_brand","embeddable":true,"href":"https:\/\/puertasmoral.com\/index.php?rest_route=%2Fwp%2Fv2%2Fproduct_brand&post=16852"},{"taxonomy":"product_cat","embeddable":true,"href":"https:\/\/puertasmoral.com\/index.php?rest_route=%2Fwp%2Fv2%2Fproduct_cat&post=16852"},{"taxonomy":"product_tag","embeddable":true,"href":"https:\/\/puertasmoral.com\/index.php?rest_route=%2Fwp%2Fv2%2Fproduct_tag&post=16852"}],"curies":[{"name":"wp","href":"https:\/\/api.w.org\/{rel}","templated":true}]}}