{"id":16974,"date":"2025-03-23T13:33:49","date_gmt":"2025-03-23T13:33:49","guid":{"rendered":"https:\/\/puertasmoral.com\/577396\/"},"modified":"2025-03-23T15:00:50","modified_gmt":"2025-03-23T15:00:50","slug":"577396","status":"publish","type":"product","link":"https:\/\/puertasmoral.com\/?product=577396","title":{"rendered":"Estuche de brocas BKS SYS3 D3-10 CE\/W"},"content":{"rendered":"<p>broca espiral D 3 CE\/W (\u00d8 3 mm) | broca espiral D 4 CE\/W (\u00d8 4 mm) | broca espiral D 5 CE\/W (\u00d8 5 mm) | broca espiral D 6 CE\/W (\u00d8 6 mm) | broca espiral D 8 CE\/W (\u00d8 8 mm) | broca espiral D 10 CE\/W (\u00d8 10mm)<\/p>\n<p>para taladro atornillador a bater\u00eda y taladro atornillador de percusi\u00f3n a bater\u00eda de Festool con fijaci\u00f3n FastFix y mandril WH-CE CENTROTECpara Systainer\u00b3 con compartimento en la tapa o utilizable como caja independiente<\/p>\n","protected":false},"excerpt":{"rendered":"<p>broca espiral D 3 CE\/W (\u00d8 3 mm) | broca espiral D 4 CE\/W (\u00d8 4 mm) | broca espiral D 5 CE\/W (\u00d8 5 mm) | broca espiral D 6 CE\/W (\u00d8 6 mm) | broca espiral D 8 CE\/W (\u00d8 8 mm) | broca espiral D 10 CE\/W (\u00d8 10mm) para taladro atornillador<\/p>\n<div class=\"klb-readmore post-buttons\"><a class=\"btn variant-primary\" href=\"https:\/\/puertasmoral.com\/?product=577396\">Read More <i class=\"klbth-icon-right-arrow\"><\/i><\/a><\/div>\n","protected":false},"featured_media":21010,"comment_status":"closed","ping_status":"closed","template":"","meta":{"_acf_changed":false},"product_brand":[1503],"product_cat":[797,995,1005,1095,1096],"product_tag":[],"class_list":{"0":"post-16974","1":"product","2":"type-product","3":"status-publish","4":"has-post-thumbnail","6":"product_brand-festool","7":"product_cat-festool","8":"product_cat-accesorios","9":"product_cat-taladros-y-atornilladores","10":"product_cat-ampliaciones-del-sistema-taladros-y-atornilladores","11":"product_cat-estuches-con-compartimento-en-la-tapa","13":"first","14":"instock","15":"purchasable","16":"product-type-simple"},"acf":[],"_links":{"self":[{"href":"https:\/\/puertasmoral.com\/index.php?rest_route=\/wp\/v2\/product\/16974","targetHints":{"allow":["GET"]}}],"collection":[{"href":"https:\/\/puertasmoral.com\/index.php?rest_route=\/wp\/v2\/product"}],"about":[{"href":"https:\/\/puertasmoral.com\/index.php?rest_route=\/wp\/v2\/types\/product"}],"replies":[{"embeddable":true,"href":"https:\/\/puertasmoral.com\/index.php?rest_route=%2Fwp%2Fv2%2Fcomments&post=16974"}],"version-history":[{"count":1,"href":"https:\/\/puertasmoral.com\/index.php?rest_route=\/wp\/v2\/product\/16974\/revisions"}],"predecessor-version":[{"id":17318,"href":"https:\/\/puertasmoral.com\/index.php?rest_route=\/wp\/v2\/product\/16974\/revisions\/17318"}],"wp:featuredmedia":[{"embeddable":true,"href":"https:\/\/puertasmoral.com\/index.php?rest_route=\/wp\/v2\/media\/21010"}],"wp:attachment":[{"href":"https:\/\/puertasmoral.com\/index.php?rest_route=%2Fwp%2Fv2%2Fmedia&parent=16974"}],"wp:term":[{"taxonomy":"product_brand","embeddable":true,"href":"https:\/\/puertasmoral.com\/index.php?rest_route=%2Fwp%2Fv2%2Fproduct_brand&post=16974"},{"taxonomy":"product_cat","embeddable":true,"href":"https:\/\/puertasmoral.com\/index.php?rest_route=%2Fwp%2Fv2%2Fproduct_cat&post=16974"},{"taxonomy":"product_tag","embeddable":true,"href":"https:\/\/puertasmoral.com\/index.php?rest_route=%2Fwp%2Fv2%2Fproduct_tag&post=16974"}],"curies":[{"name":"wp","href":"https:\/\/api.w.org\/{rel}","templated":true}]}}