{"id":17007,"date":"2025-03-23T13:26:31","date_gmt":"2025-03-23T13:26:31","guid":{"rendered":"https:\/\/puertasmoral.com\/577971\/"},"modified":"2025-03-23T14:53:46","modified_gmt":"2025-03-23T14:53:46","slug":"577971","status":"publish","type":"product","link":"https:\/\/puertasmoral.com\/?product=577971","title":{"rendered":"Adaptador de perforaci\u00f3n m\u00f3vil MB 40-Set"},"content":{"rendered":"<p>adaptador de rieles de gu\u00eda FSA-MB 40 | tope paralelo incl. tope para perforaciones frontales PA-MB 40 | pasador de fila de orificios 5\u00a0mm | pasador de fila de orificios 3\u00a0mm | llave TX 15 | Systainer SYS3 M 187<\/p>\n<p>para CXS\/TXS 12, CXS\/TXS 18, TPC 18\/4, TDC 18\/4, C 18 y T 18 con fijaci\u00f3n FastFix (pero no apto para CXS\/TXS)<\/p>\n","protected":false},"excerpt":{"rendered":"<p>adaptador de rieles de gu\u00eda FSA-MB 40 | tope paralelo incl. tope para perforaciones frontales PA-MB 40 | pasador de fila de orificios 5\u00a0mm | pasador de fila de orificios 3\u00a0mm | llave TX 15 | Systainer SYS3 M 187 para CXS\/TXS 12, CXS\/TXS 18, TPC 18\/4, TDC 18\/4, C 18 y T 18 con<\/p>\n<div class=\"klb-readmore post-buttons\"><a class=\"btn variant-primary\" href=\"https:\/\/puertasmoral.com\/?product=577971\">Read More <i class=\"klbth-icon-right-arrow\"><\/i><\/a><\/div>\n","protected":false},"featured_media":21053,"comment_status":"closed","ping_status":"closed","template":"","meta":{"_acf_changed":false},"product_brand":[1503],"product_cat":[797,995,1005,1080,1288],"product_tag":[],"class_list":{"0":"post-17007","1":"product","2":"type-product","3":"status-publish","4":"has-post-thumbnail","6":"product_brand-festool","7":"product_cat-festool","8":"product_cat-accesorios","9":"product_cat-taladros-y-atornilladores","10":"product_cat-adaptadores-fastfix","11":"product_cat-adaptador-de-perforacion-movil","13":"first","14":"instock","15":"purchasable","16":"product-type-simple"},"acf":[],"_links":{"self":[{"href":"https:\/\/puertasmoral.com\/index.php?rest_route=\/wp\/v2\/product\/17007","targetHints":{"allow":["GET"]}}],"collection":[{"href":"https:\/\/puertasmoral.com\/index.php?rest_route=\/wp\/v2\/product"}],"about":[{"href":"https:\/\/puertasmoral.com\/index.php?rest_route=\/wp\/v2\/types\/product"}],"replies":[{"embeddable":true,"href":"https:\/\/puertasmoral.com\/index.php?rest_route=%2Fwp%2Fv2%2Fcomments&post=17007"}],"version-history":[{"count":1,"href":"https:\/\/puertasmoral.com\/index.php?rest_route=\/wp\/v2\/product\/17007\/revisions"}],"predecessor-version":[{"id":21052,"href":"https:\/\/puertasmoral.com\/index.php?rest_route=\/wp\/v2\/product\/17007\/revisions\/21052"}],"wp:featuredmedia":[{"embeddable":true,"href":"https:\/\/puertasmoral.com\/index.php?rest_route=\/wp\/v2\/media\/21053"}],"wp:attachment":[{"href":"https:\/\/puertasmoral.com\/index.php?rest_route=%2Fwp%2Fv2%2Fmedia&parent=17007"}],"wp:term":[{"taxonomy":"product_brand","embeddable":true,"href":"https:\/\/puertasmoral.com\/index.php?rest_route=%2Fwp%2Fv2%2Fproduct_brand&post=17007"},{"taxonomy":"product_cat","embeddable":true,"href":"https:\/\/puertasmoral.com\/index.php?rest_route=%2Fwp%2Fv2%2Fproduct_cat&post=17007"},{"taxonomy":"product_tag","embeddable":true,"href":"https:\/\/puertasmoral.com\/index.php?rest_route=%2Fwp%2Fv2%2Fproduct_tag&post=17007"}],"curies":[{"name":"wp","href":"https:\/\/api.w.org\/{rel}","templated":true}]}}