{"id":17106,"date":"2025-03-23T13:30:56","date_gmt":"2025-03-23T13:30:56","guid":{"rendered":"https:\/\/puertasmoral.com\/577891\/"},"modified":"2025-03-23T14:57:49","modified_gmt":"2025-03-23T14:57:49","slug":"577891","status":"publish","type":"product","link":"https:\/\/puertasmoral.com\/?product=577891","title":{"rendered":"Aspirador profesional CLEANTECCTL 36 EI AC-RENOFIX"},"content":{"rendered":"<p>filtro principal alto rendimiento | bolsa de evacuaci\u00f3n | tubo flexible de aspiraci\u00f3n liso \u00d8 36\/32 \u00d7 3,5\u00a0m-AS\/R con manguitos de conexi\u00f3n giratorios | Cierre corredero ComfortClean<\/p>\n","protected":false},"excerpt":{"rendered":"<p>filtro principal alto rendimiento | bolsa de evacuaci\u00f3n | tubo flexible de aspiraci\u00f3n liso \u00d8 36\/32 \u00d7 3,5\u00a0m-AS\/R con manguitos de conexi\u00f3n giratorios | Cierre corredero ComfortClean<\/p>\n","protected":false},"featured_media":21196,"comment_status":"closed","ping_status":"closed","template":"","meta":{"_acf_changed":false},"product_brand":[1503],"product_cat":[797,1011,1121],"product_tag":[],"class_list":{"0":"post-17106","1":"product","2":"type-product","3":"status-publish","4":"has-post-thumbnail","6":"product_brand-festool","7":"product_cat-festool","8":"product_cat-productos","9":"product_cat-aspiradores-profesionales-productos","11":"first","12":"instock","13":"purchasable","14":"product-type-simple"},"acf":[],"_links":{"self":[{"href":"https:\/\/puertasmoral.com\/index.php?rest_route=\/wp\/v2\/product\/17106","targetHints":{"allow":["GET"]}}],"collection":[{"href":"https:\/\/puertasmoral.com\/index.php?rest_route=\/wp\/v2\/product"}],"about":[{"href":"https:\/\/puertasmoral.com\/index.php?rest_route=\/wp\/v2\/types\/product"}],"replies":[{"embeddable":true,"href":"https:\/\/puertasmoral.com\/index.php?rest_route=%2Fwp%2Fv2%2Fcomments&post=17106"}],"version-history":[{"count":1,"href":"https:\/\/puertasmoral.com\/index.php?rest_route=\/wp\/v2\/product\/17106\/revisions"}],"predecessor-version":[{"id":17191,"href":"https:\/\/puertasmoral.com\/index.php?rest_route=\/wp\/v2\/product\/17106\/revisions\/17191"}],"wp:featuredmedia":[{"embeddable":true,"href":"https:\/\/puertasmoral.com\/index.php?rest_route=\/wp\/v2\/media\/21196"}],"wp:attachment":[{"href":"https:\/\/puertasmoral.com\/index.php?rest_route=%2Fwp%2Fv2%2Fmedia&parent=17106"}],"wp:term":[{"taxonomy":"product_brand","embeddable":true,"href":"https:\/\/puertasmoral.com\/index.php?rest_route=%2Fwp%2Fv2%2Fproduct_brand&post=17106"},{"taxonomy":"product_cat","embeddable":true,"href":"https:\/\/puertasmoral.com\/index.php?rest_route=%2Fwp%2Fv2%2Fproduct_cat&post=17106"},{"taxonomy":"product_tag","embeddable":true,"href":"https:\/\/puertasmoral.com\/index.php?rest_route=%2Fwp%2Fv2%2Fproduct_tag&post=17106"}],"curies":[{"name":"wp","href":"https:\/\/api.w.org\/{rel}","templated":true}]}}