{"id":17150,"date":"2025-03-23T13:40:21","date_gmt":"2025-03-23T13:40:21","guid":{"rendered":"https:\/\/puertasmoral.com\/577879\/"},"modified":"2025-03-23T15:06:57","modified_gmt":"2025-03-23T15:06:57","slug":"577879","status":"publish","type":"product","link":"https:\/\/puertasmoral.com\/?product=577879","title":{"rendered":"Aspirador profesional CLEANTECCTL 26 EI AC"},"content":{"rendered":"<p>filtro principal alto rendimiento | bolsa filtrante SELFCLEAN | bolsa de evacuaci\u00f3n | tubo flexible de aspiraci\u00f3n liso \u00d8 27\/32 \u00d7 3,5\u00a0m-AS\/CTR<\/p>\n","protected":false},"excerpt":{"rendered":"<p>filtro principal alto rendimiento | bolsa filtrante SELFCLEAN | bolsa de evacuaci\u00f3n | tubo flexible de aspiraci\u00f3n liso \u00d8 27\/32 \u00d7 3,5\u00a0m-AS\/CTR<\/p>\n","protected":false},"featured_media":21244,"comment_status":"closed","ping_status":"closed","template":"","meta":{"_acf_changed":false},"product_brand":[1503],"product_cat":[797,1011,1121],"product_tag":[],"class_list":{"0":"post-17150","1":"product","2":"type-product","3":"status-publish","4":"has-post-thumbnail","6":"product_brand-festool","7":"product_cat-festool","8":"product_cat-productos","9":"product_cat-aspiradores-profesionales-productos","11":"first","12":"instock","13":"purchasable","14":"product-type-simple"},"acf":[],"_links":{"self":[{"href":"https:\/\/puertasmoral.com\/index.php?rest_route=\/wp\/v2\/product\/17150","targetHints":{"allow":["GET"]}}],"collection":[{"href":"https:\/\/puertasmoral.com\/index.php?rest_route=\/wp\/v2\/product"}],"about":[{"href":"https:\/\/puertasmoral.com\/index.php?rest_route=\/wp\/v2\/types\/product"}],"replies":[{"embeddable":true,"href":"https:\/\/puertasmoral.com\/index.php?rest_route=%2Fwp%2Fv2%2Fcomments&post=17150"}],"version-history":[{"count":1,"href":"https:\/\/puertasmoral.com\/index.php?rest_route=\/wp\/v2\/product\/17150\/revisions"}],"predecessor-version":[{"id":17567,"href":"https:\/\/puertasmoral.com\/index.php?rest_route=\/wp\/v2\/product\/17150\/revisions\/17567"}],"wp:featuredmedia":[{"embeddable":true,"href":"https:\/\/puertasmoral.com\/index.php?rest_route=\/wp\/v2\/media\/21244"}],"wp:attachment":[{"href":"https:\/\/puertasmoral.com\/index.php?rest_route=%2Fwp%2Fv2%2Fmedia&parent=17150"}],"wp:term":[{"taxonomy":"product_brand","embeddable":true,"href":"https:\/\/puertasmoral.com\/index.php?rest_route=%2Fwp%2Fv2%2Fproduct_brand&post=17150"},{"taxonomy":"product_cat","embeddable":true,"href":"https:\/\/puertasmoral.com\/index.php?rest_route=%2Fwp%2Fv2%2Fproduct_cat&post=17150"},{"taxonomy":"product_tag","embeddable":true,"href":"https:\/\/puertasmoral.com\/index.php?rest_route=%2Fwp%2Fv2%2Fproduct_tag&post=17150"}],"curies":[{"name":"wp","href":"https:\/\/api.w.org\/{rel}","templated":true}]}}