{"id":17200,"date":"2025-03-23T13:30:56","date_gmt":"2025-03-23T13:30:56","guid":{"rendered":"https:\/\/puertasmoral.com\/768768\/"},"modified":"2025-03-23T14:58:01","modified_gmt":"2025-03-23T14:58:01","slug":"768768","status":"publish","type":"product","link":"https:\/\/puertasmoral.com\/?product=768768","title":{"rendered":"Soportes para taladrar de carpinter\u00eda GD 320"},"content":{"rendered":"<p>2x tope paralelo | anillo de reducci\u00f3n \u00d8 57 mm \/ 43 mm<\/p>\n<p>para TPC 18\/4, TDC 18\/4, DRC 18\/4, PDC 18\/4, DR 18\/4 E, PD 20\/4 E, DRP 16 ET, DRP 18-4 DEC, PDP 20-4 DEC y DR 20 E<\/p>\n","protected":false},"excerpt":{"rendered":"<p>2x tope paralelo | anillo de reducci\u00f3n \u00d8 57 mm \/ 43 mm para TPC 18\/4, TDC 18\/4, DRC 18\/4, PDC 18\/4, DR 18\/4 E, PD 20\/4 E, DRP 16 ET, DRP 18-4 DEC, PDP 20-4 DEC y DR 20 E<\/p>\n","protected":false},"featured_media":21325,"comment_status":"closed","ping_status":"closed","template":"","meta":{"_acf_changed":false},"product_brand":[1503],"product_cat":[797,995,1005,1428,1429],"product_tag":[],"class_list":{"0":"post-17200","1":"product","2":"type-product","3":"status-publish","4":"has-post-thumbnail","6":"product_brand-festool","7":"product_cat-festool","8":"product_cat-accesorios","9":"product_cat-taladros-y-atornilladores","10":"product_cat-soportes-de-taladrar","11":"product_cat-soporte-para-taladrar-de-carpinteria","13":"first","14":"instock","15":"purchasable","16":"product-type-simple"},"acf":[],"_links":{"self":[{"href":"https:\/\/puertasmoral.com\/index.php?rest_route=\/wp\/v2\/product\/17200","targetHints":{"allow":["GET"]}}],"collection":[{"href":"https:\/\/puertasmoral.com\/index.php?rest_route=\/wp\/v2\/product"}],"about":[{"href":"https:\/\/puertasmoral.com\/index.php?rest_route=\/wp\/v2\/types\/product"}],"replies":[{"embeddable":true,"href":"https:\/\/puertasmoral.com\/index.php?rest_route=%2Fwp%2Fv2%2Fcomments&post=17200"}],"version-history":[{"count":1,"href":"https:\/\/puertasmoral.com\/index.php?rest_route=\/wp\/v2\/product\/17200\/revisions"}],"predecessor-version":[{"id":21324,"href":"https:\/\/puertasmoral.com\/index.php?rest_route=\/wp\/v2\/product\/17200\/revisions\/21324"}],"wp:featuredmedia":[{"embeddable":true,"href":"https:\/\/puertasmoral.com\/index.php?rest_route=\/wp\/v2\/media\/21325"}],"wp:attachment":[{"href":"https:\/\/puertasmoral.com\/index.php?rest_route=%2Fwp%2Fv2%2Fmedia&parent=17200"}],"wp:term":[{"taxonomy":"product_brand","embeddable":true,"href":"https:\/\/puertasmoral.com\/index.php?rest_route=%2Fwp%2Fv2%2Fproduct_brand&post=17200"},{"taxonomy":"product_cat","embeddable":true,"href":"https:\/\/puertasmoral.com\/index.php?rest_route=%2Fwp%2Fv2%2Fproduct_cat&post=17200"},{"taxonomy":"product_tag","embeddable":true,"href":"https:\/\/puertasmoral.com\/index.php?rest_route=%2Fwp%2Fv2%2Fproduct_tag&post=17200"}],"curies":[{"name":"wp","href":"https:\/\/api.w.org\/{rel}","templated":true}]}}