{"id":17383,"date":"2025-03-23T13:35:44","date_gmt":"2025-03-23T13:35:44","guid":{"rendered":"https:\/\/puertasmoral.com\/492525\/"},"modified":"2025-03-23T15:02:38","modified_gmt":"2025-03-23T15:02:38","slug":"492525","status":"publish","type":"product","link":"https:\/\/puertasmoral.com\/?product=492525","title":{"rendered":"Broca centradora ZB HS D 5 EURO CE"},"content":{"rendered":"<p>para taladro atornillador a bater\u00eda y taladro atornillador de percusi\u00f3n a bater\u00eda de Festool con fijaci\u00f3n FastFix y mandril WH-CE CENTROTEC<\/p>\n","protected":false},"excerpt":{"rendered":"<p>para taladro atornillador a bater\u00eda y taladro atornillador de percusi\u00f3n a bater\u00eda de Festool con fijaci\u00f3n FastFix y mandril WH-CE CENTROTEC<\/p>\n","protected":false},"featured_media":21582,"comment_status":"closed","ping_status":"closed","template":"","meta":{"_acf_changed":false},"product_brand":[1503],"product_cat":[797,995,1005,1006,1437],"product_tag":[],"class_list":{"0":"post-17383","1":"product","2":"type-product","3":"status-publish","4":"has-post-thumbnail","6":"product_brand-festool","7":"product_cat-festool","8":"product_cat-accesorios","9":"product_cat-taladros-y-atornilladores","10":"product_cat-broca","11":"product_cat-broca-centradora","13":"first","14":"instock","15":"purchasable","16":"product-type-simple"},"acf":[],"_links":{"self":[{"href":"https:\/\/puertasmoral.com\/index.php?rest_route=\/wp\/v2\/product\/17383","targetHints":{"allow":["GET"]}}],"collection":[{"href":"https:\/\/puertasmoral.com\/index.php?rest_route=\/wp\/v2\/product"}],"about":[{"href":"https:\/\/puertasmoral.com\/index.php?rest_route=\/wp\/v2\/types\/product"}],"replies":[{"embeddable":true,"href":"https:\/\/puertasmoral.com\/index.php?rest_route=%2Fwp%2Fv2%2Fcomments&post=17383"}],"version-history":[{"count":1,"href":"https:\/\/puertasmoral.com\/index.php?rest_route=\/wp\/v2\/product\/17383\/revisions"}],"predecessor-version":[{"id":21581,"href":"https:\/\/puertasmoral.com\/index.php?rest_route=\/wp\/v2\/product\/17383\/revisions\/21581"}],"wp:featuredmedia":[{"embeddable":true,"href":"https:\/\/puertasmoral.com\/index.php?rest_route=\/wp\/v2\/media\/21582"}],"wp:attachment":[{"href":"https:\/\/puertasmoral.com\/index.php?rest_route=%2Fwp%2Fv2%2Fmedia&parent=17383"}],"wp:term":[{"taxonomy":"product_brand","embeddable":true,"href":"https:\/\/puertasmoral.com\/index.php?rest_route=%2Fwp%2Fv2%2Fproduct_brand&post=17383"},{"taxonomy":"product_cat","embeddable":true,"href":"https:\/\/puertasmoral.com\/index.php?rest_route=%2Fwp%2Fv2%2Fproduct_cat&post=17383"},{"taxonomy":"product_tag","embeddable":true,"href":"https:\/\/puertasmoral.com\/index.php?rest_route=%2Fwp%2Fv2%2Fproduct_tag&post=17383"}],"curies":[{"name":"wp","href":"https:\/\/api.w.org\/{rel}","templated":true}]}}