{"id":17393,"date":"2025-03-23T13:36:14","date_gmt":"2025-03-23T13:36:14","guid":{"rendered":"https:\/\/puertasmoral.com\/577409\/"},"modified":"2025-03-23T15:02:51","modified_gmt":"2025-03-23T15:02:51","slug":"577409","status":"publish","type":"product","link":"https:\/\/puertasmoral.com\/?product=577409","title":{"rendered":"Unidad de alimentaci\u00f3n VE-CT"},"content":{"rendered":"<p>regulador de presi\u00f3n | purga r\u00e1pida de condensado | lubricador y salida para aire comprimido sin aceite con acoplamiento r\u00e1pido<\/p>\n<p>para CT 26\/36\/48 en combinaci\u00f3n con el m\u00f3dulo neum\u00e1tico<\/p>\n","protected":false},"excerpt":{"rendered":"<p>regulador de presi\u00f3n | purga r\u00e1pida de condensado | lubricador y salida para aire comprimido sin aceite con acoplamiento r\u00e1pido para CT 26\/36\/48 en combinaci\u00f3n con el m\u00f3dulo neum\u00e1tico<\/p>\n","protected":false},"featured_media":21592,"comment_status":"closed","ping_status":"closed","template":"","meta":{"_acf_changed":false},"product_brand":[1503],"product_cat":[797,995,1077,1082,1168],"product_tag":[],"class_list":{"0":"post-17393","1":"product","2":"type-product","3":"status-publish","4":"has-post-thumbnail","6":"product_brand-festool","7":"product_cat-festool","8":"product_cat-accesorios","9":"product_cat-aspiradores-profesionales","10":"product_cat-ampliaciones-del-sistema","11":"product_cat-modulos","13":"first","14":"instock","15":"purchasable","16":"product-type-simple"},"acf":[],"_links":{"self":[{"href":"https:\/\/puertasmoral.com\/index.php?rest_route=\/wp\/v2\/product\/17393","targetHints":{"allow":["GET"]}}],"collection":[{"href":"https:\/\/puertasmoral.com\/index.php?rest_route=\/wp\/v2\/product"}],"about":[{"href":"https:\/\/puertasmoral.com\/index.php?rest_route=\/wp\/v2\/types\/product"}],"replies":[{"embeddable":true,"href":"https:\/\/puertasmoral.com\/index.php?rest_route=%2Fwp%2Fv2%2Fcomments&post=17393"}],"version-history":[{"count":1,"href":"https:\/\/puertasmoral.com\/index.php?rest_route=\/wp\/v2\/product\/17393\/revisions"}],"predecessor-version":[{"id":21591,"href":"https:\/\/puertasmoral.com\/index.php?rest_route=\/wp\/v2\/product\/17393\/revisions\/21591"}],"wp:featuredmedia":[{"embeddable":true,"href":"https:\/\/puertasmoral.com\/index.php?rest_route=\/wp\/v2\/media\/21592"}],"wp:attachment":[{"href":"https:\/\/puertasmoral.com\/index.php?rest_route=%2Fwp%2Fv2%2Fmedia&parent=17393"}],"wp:term":[{"taxonomy":"product_brand","embeddable":true,"href":"https:\/\/puertasmoral.com\/index.php?rest_route=%2Fwp%2Fv2%2Fproduct_brand&post=17393"},{"taxonomy":"product_cat","embeddable":true,"href":"https:\/\/puertasmoral.com\/index.php?rest_route=%2Fwp%2Fv2%2Fproduct_cat&post=17393"},{"taxonomy":"product_tag","embeddable":true,"href":"https:\/\/puertasmoral.com\/index.php?rest_route=%2Fwp%2Fv2%2Fproduct_tag&post=17393"}],"curies":[{"name":"wp","href":"https:\/\/api.w.org\/{rel}","templated":true}]}}